{"id":2274,"date":"2014-02-11T17:27:30","date_gmt":"2014-02-11T17:27:30","guid":{"rendered":"https:\/\/visualdrums.com\/main\/neo-m\/"},"modified":"2021-10-24T19:59:04","modified_gmt":"2021-10-24T19:59:04","slug":"neo-m","status":"publish","type":"page","link":"https:\/\/visualdrums.com\/ca\/neo-m\/","title":{"rendered":"NEO M"},"content":{"rendered":"<p>[vc_row iron_row_type=&#8221;in_container&#8221; iron_remove_padding_medium=&#8221;&#8221; iron_remove_padding_small=&#8221;&#8221; iron_overlay_pattern=&#8221;&#8221; iron_parallax=&#8221;&#8221; iron_bg_video=&#8221;&#8221;][vc_column][vc_single_image image=&#8221;2282&#8243; img_size=&#8221;large&#8221; alignment=&#8221;center&#8221;][\/vc_column][\/vc_row][vc_row gap=&#8221;30&#8243; iron_row_type=&#8221;in_container&#8221; iron_remove_padding_medium=&#8221;&#8221; iron_remove_padding_small=&#8221;&#8221; iron_overlay_pattern=&#8221;&#8221; iron_parallax=&#8221;&#8221; iron_bg_video=&#8221;&#8221; css=&#8221;.vc_custom_1471464629481{padding-bottom: 70px !important;}&#8221;][vc_column width=&#8221;1\/2&#8243;][vc_column_text css_animation=&#8221;fadeInLeft&#8221;]<\/p>\n<blockquote><p>\u201cSubmergir la gent que t\u2019escolta dins un univers d&#8217;emocions, connectar amb ells, transmetre\u2026 Essencialment, SENTIR. Crear una interacci\u00f3 completa que et permeti veure en les seves expressions l\u2019efecte de cada pulsaci\u00f3, cada cad\u00e8ncia r\u00edtmica, viatjant a trav\u00e9s de l&#8217;espai i el temps per reflectir-se en els seus cossos com una onada de plaer. Observar com es radien aquestes mateixes emocions des de l&#8217;artista fins a aquell que l&#8217;escolta, veu i percep, convertint-se a l\u2019acte en un artista de l&#8217;apreciaci\u00f3, en una prolongaci\u00f3 et\u00e8ria de l&#8217;instant que els uneix l&#8217;un amb l&#8217;altre.\u201d<\/p>\n<p>\u201cRiure, plorar, emocionar-se, estremir-se, ser transportat per un moment etern a un m\u00f3n intangible en una espiral de sensacions, en una amalgama de sentiments.\u201d<\/p><\/blockquote>\n<p>Amb aquestes paraules es pot resumir la visi\u00f3 ecl\u00e8ctica, universal i emocional de l&#8217;art de Neo M, art\u00edfex i creador de <strong>Visual Drums<\/strong>, la filosofia del qual es regeix per la total i absoluta convicci\u00f3 de creure fermament en tot el que fa.<\/p>\n<blockquote><p>\u201cThings are only impossible until they&#8217;re not\u201d \u2013 <em>Jean-Luc Picard<\/em><\/p><\/blockquote>\n<p>M\u00fasic, productor, escriptor i enginyer de telecomunicacions amb m\u00e0ster en comunicaci\u00f3 i producci\u00f3 audiovisual digital. Immers en la m\u00fasica des dels 6 anys, les produccions i activitats musicals de Neo M comprenen tota tipologia d&#8217;estils, des del rock fins al jazz, passant per R&amp;B, funk, pop, house, dance, salsa, bossa nova, bebop, soul, fusi\u00f3\u2026, i sense tancar la porta a cap estil que quedi per descobrir.<\/p>\n<p><img loading=\"lazy\" decoding=\"async\" class=\"aligncenter wp-image-4598\" src=\"https:\/\/visualdrums.com\/main\/wp-content\/uploads\/2021\/05\/Neo-M-playing-drums-1.jpg\" alt=\"Foto de Neo M tocant la bateria\" width=\"540\" height=\"360\" srcset=\"https:\/\/visualdrums.com\/main\/wp-content\/uploads\/2021\/05\/Neo-M-playing-drums-1.jpg 1010w, https:\/\/visualdrums.com\/main\/wp-content\/uploads\/2021\/05\/Neo-M-playing-drums-1-300x200.jpg 300w, https:\/\/visualdrums.com\/main\/wp-content\/uploads\/2021\/05\/Neo-M-playing-drums-1-768x513.jpg 768w\" sizes=\"auto, (max-width: 540px) 100vw, 540px\" \/><\/p>\n<p>Aquesta multitud d&#8217;influ\u00e8ncies es poden apreciar en la versatilitat i creativitat presents en cada una de les seves interpretacions, en les quals es plasmen tots aquests anys d&#8217;activitat art\u00edstica, liderant m\u00e9s de 70 grups i projectes musicals d&#8217;estils diversos que han forjat el seu so simult\u00e0niament compacte i heterogeni.<\/p>\n<p>Actualment, Neo M centra la seva activitat principal en la producci\u00f3 i interpretaci\u00f3 dins el grup de rock pop electr\u00f2nic <strong>Kings of Cydonia<\/strong> i en el seu projecte com a artista independent <strong>Visual Drums<\/strong>.[\/vc_column_text][\/vc_column][vc_column width=&#8221;1\/2&#8243;][vc_column_text css_animation=&#8221;fadeInRight&#8221;]<\/p>\n<h2>VISUAL DRUMS<\/h2>\n<h3>The Visual Music Revolution<\/h3>\n<p><img loading=\"lazy\" decoding=\"async\" class=\"aligncenter wp-image-2284 size-full\" src=\"https:\/\/visualdrums.com\/main\/wp-content\/uploads\/2021\/03\/4-e1614803866305.jpg\" alt=\"Foto de Neo M tocant la bateria\" width=\"888\" height=\"739\" srcset=\"https:\/\/visualdrums.com\/main\/wp-content\/uploads\/2021\/03\/4-e1614803866305.jpg 888w, https:\/\/visualdrums.com\/main\/wp-content\/uploads\/2021\/03\/4-e1614803866305-300x250.jpg 300w, https:\/\/visualdrums.com\/main\/wp-content\/uploads\/2021\/03\/4-e1614803866305-768x639.jpg 768w\" sizes=\"auto, (max-width: 888px) 100vw, 888px\" \/><\/p>\n<blockquote><p>Entre diverses formacions musicals com a membre i productor musical, Neo M inicia el 2010 un projecte personal com a solista en el qual posa en pr\u00e0ctica un principi innovador:<br \/>\n\u201cSi la m\u00fasica \u00e9s essencialment energia sonora transmesa en forma de vibracions ac\u00fastiques a trav\u00e9s de l&#8217;aire\u2026, per qu\u00e8 no transmetre-la tamb\u00e9 visualment mitjan\u00e7ant ones d&#8217;expansi\u00f3 lum\u00edniques?\u201d<\/p><\/blockquote>\n<p>&nbsp;<\/p>\n<p>L&#8217;ess\u00e8ncia d&#8217;aquesta interpretaci\u00f3 \u00e9s comunicar emocions de forma ac\u00fastica i visual simult\u00e0niament, aconseguint que cada actuaci\u00f3 sigui un espectacle diferent, espontani, din\u00e0mic i interactiu, on la improvisaci\u00f3 i la connexi\u00f3 amb l&#8217;espectador deixen cam\u00ed lliure a l&#8217;expressivitat i la creativitat.<\/p>\n<p>&nbsp;<\/p>\n<blockquote><p>Inicialment el projecte va ser concebut com una c\u00e0psula evolutiva de 3 fases, de les quals recentment s\u2019ha implementat la segona.<\/p>\n<p>Fins al 2017 es va utilitzar un primer prototip de bateria electr\u00f2nica que permetia posar en escena una triple improvisaci\u00f3 de t\u00e8cnica musical, coreografia de ball i showmanship. Posteriorment, i en un proc\u00e9s que va durar 3 anys, es va dissenyar i construir el prototip actual, conegut com a \u201cbateria visual interactiva\u201d, que permet generar tot tipus de sons i animacions visuals simult\u00e0niament.<\/p>\n<p>Actualment, la missi\u00f3 de <strong>Visual Drums<\/strong> \u00e9s fer arribar arreu del m\u00f3n aquesta nova forma de comunicaci\u00f3 i percepci\u00f3, encap\u00e7alant l\u2019inici d\u2019una nova era: \u201cL\u2019era de la Llum\u201d.<\/p><\/blockquote>\n<p>[\/vc_column_text][\/vc_column][\/vc_row]<\/p>\n","protected":false},"excerpt":{"rendered":"<p>[vc_row iron_row_type=&#8221;in_container&#8221; iron_remove_padding_medium=&#8221;&#8221; iron_remove_padding_small=&#8221;&#8221; iron_overlay_pattern=&#8221;&#8221; iron_parallax=&#8221;&#8221; iron_bg_video=&#8221;&#8221;][vc_column][vc_single_image image=&#8221;2282&#8243; img_size=&#8221;large&#8221; alignment=&#8221;center&#8221;][\/vc_column][\/vc_row][vc_row gap=&#8221;30&#8243; iron_row_type=&#8221;in_container&#8221; iron_remove_padding_medium=&#8221;&#8221; iron_remove_padding_small=&#8221;&#8221; iron_overlay_pattern=&#8221;&#8221; iron_parallax=&#8221;&#8221; iron_bg_video=&#8221;&#8221; css=&#8221;.vc_custom_1471464629481{padding-bottom: 70px !important;}&#8221;][vc_column [&hellip;]<\/p>\n","protected":false},"author":1,"featured_media":0,"parent":0,"menu_order":9,"comment_status":"closed","ping_status":"closed","template":"","meta":{"footnotes":""},"class_list":["post-2274","page","type-page","status-publish","hentry"],"yoast_head":"<!-- This site is optimized with the Yoast SEO plugin v27.1.1 - https:\/\/yoast.com\/product\/yoast-seo-wordpress\/ -->\n<title>NEO M | Visual Drums<\/title>\n<meta name=\"description\" content=\"Tota la informaci\u00f3 sobre NEO M. Descobreix el show amb bateria visual de Neo M Visual Drums.\" \/>\n<meta name=\"robots\" content=\"index, follow, max-snippet:-1, max-image-preview:large, max-video-preview:-1\" \/>\n<link rel=\"canonical\" href=\"https:\/\/visualdrums.com\/ca\/neo-m\/\" \/>\n<meta property=\"og:locale\" content=\"ca_ES\" \/>\n<meta property=\"og:type\" content=\"article\" \/>\n<meta property=\"og:title\" content=\"NEO M | Visual Drums\" \/>\n<meta property=\"og:description\" content=\"Tota la informaci\u00f3 sobre NEO M. Descobreix el show amb bateria visual de Neo M Visual Drums.\" \/>\n<meta property=\"og:url\" content=\"https:\/\/visualdrums.com\/ca\/neo-m\/\" \/>\n<meta property=\"og:site_name\" content=\"Visual Drums\" \/>\n<meta property=\"article:modified_time\" content=\"2021-10-24T19:59:04+00:00\" \/>\n<meta property=\"og:image\" content=\"https:\/\/visualdrums.com\/main\/wp-content\/uploads\/2021\/05\/Neo-M-playing-drums-1.jpg\" \/>\n<meta name=\"twitter:card\" content=\"summary_large_image\" \/>\n<meta name=\"twitter:label1\" content=\"Temps estimat de lectura\" \/>\n\t<meta name=\"twitter:data1\" content=\"3 minuts\" \/>\n<script type=\"application\/ld+json\" class=\"yoast-schema-graph\">{\"@context\":\"https:\/\/schema.org\",\"@graph\":[{\"@type\":\"WebPage\",\"@id\":\"https:\/\/visualdrums.com\/ca\/neo-m\/\",\"url\":\"https:\/\/visualdrums.com\/ca\/neo-m\/\",\"name\":\"NEO M | Visual Drums\",\"isPartOf\":{\"@id\":\"https:\/\/visualdrums.com\/ca\/#website\"},\"primaryImageOfPage\":{\"@id\":\"https:\/\/visualdrums.com\/ca\/neo-m\/#primaryimage\"},\"image\":{\"@id\":\"https:\/\/visualdrums.com\/ca\/neo-m\/#primaryimage\"},\"thumbnailUrl\":\"https:\/\/visualdrums.com\/main\/wp-content\/uploads\/2021\/05\/Neo-M-playing-drums-1.jpg\",\"datePublished\":\"2014-02-11T17:27:30+00:00\",\"dateModified\":\"2021-10-24T19:59:04+00:00\",\"description\":\"Tota la informaci\u00f3 sobre NEO M. Descobreix el show amb bateria visual de Neo M Visual Drums.\",\"breadcrumb\":{\"@id\":\"https:\/\/visualdrums.com\/ca\/neo-m\/#breadcrumb\"},\"inLanguage\":\"ca\",\"potentialAction\":[{\"@type\":\"ReadAction\",\"target\":[\"https:\/\/visualdrums.com\/ca\/neo-m\/\"]}]},{\"@type\":\"ImageObject\",\"inLanguage\":\"ca\",\"@id\":\"https:\/\/visualdrums.com\/ca\/neo-m\/#primaryimage\",\"url\":\"https:\/\/visualdrums.com\/main\/wp-content\/uploads\/2021\/05\/Neo-M-playing-drums-1.jpg\",\"contentUrl\":\"https:\/\/visualdrums.com\/main\/wp-content\/uploads\/2021\/05\/Neo-M-playing-drums-1.jpg\"},{\"@type\":\"BreadcrumbList\",\"@id\":\"https:\/\/visualdrums.com\/ca\/neo-m\/#breadcrumb\",\"itemListElement\":[{\"@type\":\"ListItem\",\"position\":1,\"name\":\"Portada\",\"item\":\"https:\/\/visualdrums.com\/ca\/\"},{\"@type\":\"ListItem\",\"position\":2,\"name\":\"NEO M\"}]},{\"@type\":\"WebSite\",\"@id\":\"https:\/\/visualdrums.com\/ca\/#website\",\"url\":\"https:\/\/visualdrums.com\/ca\/\",\"name\":\"Visual Drums\",\"description\":\"by NEO M\",\"publisher\":{\"@id\":\"https:\/\/visualdrums.com\/ca\/#organization\"},\"potentialAction\":[{\"@type\":\"SearchAction\",\"target\":{\"@type\":\"EntryPoint\",\"urlTemplate\":\"https:\/\/visualdrums.com\/ca\/?s={search_term_string}\"},\"query-input\":{\"@type\":\"PropertyValueSpecification\",\"valueRequired\":true,\"valueName\":\"search_term_string\"}}],\"inLanguage\":\"ca\"},{\"@type\":\"Organization\",\"@id\":\"https:\/\/visualdrums.com\/ca\/#organization\",\"name\":\"Visual Drums\",\"url\":\"https:\/\/visualdrums.com\/ca\/\",\"logo\":{\"@type\":\"ImageObject\",\"inLanguage\":\"ca\",\"@id\":\"https:\/\/visualdrums.com\/ca\/#\/schema\/logo\/image\/\",\"url\":\"https:\/\/visualdrums.com\/main\/wp-content\/uploads\/2021\/03\/favicon.png\",\"contentUrl\":\"https:\/\/visualdrums.com\/main\/wp-content\/uploads\/2021\/03\/favicon.png\",\"width\":512,\"height\":512,\"caption\":\"Visual Drums\"},\"image\":{\"@id\":\"https:\/\/visualdrums.com\/ca\/#\/schema\/logo\/image\/\"}}]}<\/script>\n<!-- \/ Yoast SEO plugin. -->","yoast_head_json":{"title":"NEO M | Visual Drums","description":"Tota la informaci\u00f3 sobre NEO M. Descobreix el show amb bateria visual de Neo M Visual Drums.","robots":{"index":"index","follow":"follow","max-snippet":"max-snippet:-1","max-image-preview":"max-image-preview:large","max-video-preview":"max-video-preview:-1"},"canonical":"https:\/\/visualdrums.com\/ca\/neo-m\/","og_locale":"ca_ES","og_type":"article","og_title":"NEO M | Visual Drums","og_description":"Tota la informaci\u00f3 sobre NEO M. Descobreix el show amb bateria visual de Neo M Visual Drums.","og_url":"https:\/\/visualdrums.com\/ca\/neo-m\/","og_site_name":"Visual Drums","article_modified_time":"2021-10-24T19:59:04+00:00","og_image":[{"url":"https:\/\/visualdrums.com\/main\/wp-content\/uploads\/2021\/05\/Neo-M-playing-drums-1.jpg","type":"","width":"","height":""}],"twitter_card":"summary_large_image","twitter_misc":{"Temps estimat de lectura":"3 minuts"},"schema":{"@context":"https:\/\/schema.org","@graph":[{"@type":"WebPage","@id":"https:\/\/visualdrums.com\/ca\/neo-m\/","url":"https:\/\/visualdrums.com\/ca\/neo-m\/","name":"NEO M | Visual Drums","isPartOf":{"@id":"https:\/\/visualdrums.com\/ca\/#website"},"primaryImageOfPage":{"@id":"https:\/\/visualdrums.com\/ca\/neo-m\/#primaryimage"},"image":{"@id":"https:\/\/visualdrums.com\/ca\/neo-m\/#primaryimage"},"thumbnailUrl":"https:\/\/visualdrums.com\/main\/wp-content\/uploads\/2021\/05\/Neo-M-playing-drums-1.jpg","datePublished":"2014-02-11T17:27:30+00:00","dateModified":"2021-10-24T19:59:04+00:00","description":"Tota la informaci\u00f3 sobre NEO M. Descobreix el show amb bateria visual de Neo M Visual Drums.","breadcrumb":{"@id":"https:\/\/visualdrums.com\/ca\/neo-m\/#breadcrumb"},"inLanguage":"ca","potentialAction":[{"@type":"ReadAction","target":["https:\/\/visualdrums.com\/ca\/neo-m\/"]}]},{"@type":"ImageObject","inLanguage":"ca","@id":"https:\/\/visualdrums.com\/ca\/neo-m\/#primaryimage","url":"https:\/\/visualdrums.com\/main\/wp-content\/uploads\/2021\/05\/Neo-M-playing-drums-1.jpg","contentUrl":"https:\/\/visualdrums.com\/main\/wp-content\/uploads\/2021\/05\/Neo-M-playing-drums-1.jpg"},{"@type":"BreadcrumbList","@id":"https:\/\/visualdrums.com\/ca\/neo-m\/#breadcrumb","itemListElement":[{"@type":"ListItem","position":1,"name":"Portada","item":"https:\/\/visualdrums.com\/ca\/"},{"@type":"ListItem","position":2,"name":"NEO M"}]},{"@type":"WebSite","@id":"https:\/\/visualdrums.com\/ca\/#website","url":"https:\/\/visualdrums.com\/ca\/","name":"Visual Drums","description":"by NEO M","publisher":{"@id":"https:\/\/visualdrums.com\/ca\/#organization"},"potentialAction":[{"@type":"SearchAction","target":{"@type":"EntryPoint","urlTemplate":"https:\/\/visualdrums.com\/ca\/?s={search_term_string}"},"query-input":{"@type":"PropertyValueSpecification","valueRequired":true,"valueName":"search_term_string"}}],"inLanguage":"ca"},{"@type":"Organization","@id":"https:\/\/visualdrums.com\/ca\/#organization","name":"Visual Drums","url":"https:\/\/visualdrums.com\/ca\/","logo":{"@type":"ImageObject","inLanguage":"ca","@id":"https:\/\/visualdrums.com\/ca\/#\/schema\/logo\/image\/","url":"https:\/\/visualdrums.com\/main\/wp-content\/uploads\/2021\/03\/favicon.png","contentUrl":"https:\/\/visualdrums.com\/main\/wp-content\/uploads\/2021\/03\/favicon.png","width":512,"height":512,"caption":"Visual Drums"},"image":{"@id":"https:\/\/visualdrums.com\/ca\/#\/schema\/logo\/image\/"}}]}},"_links":{"self":[{"href":"https:\/\/visualdrums.com\/ca\/wp-json\/wp\/v2\/pages\/2274","targetHints":{"allow":["GET"]}}],"collection":[{"href":"https:\/\/visualdrums.com\/ca\/wp-json\/wp\/v2\/pages"}],"about":[{"href":"https:\/\/visualdrums.com\/ca\/wp-json\/wp\/v2\/types\/page"}],"author":[{"embeddable":true,"href":"https:\/\/visualdrums.com\/ca\/wp-json\/wp\/v2\/users\/1"}],"replies":[{"embeddable":true,"href":"https:\/\/visualdrums.com\/ca\/wp-json\/wp\/v2\/comments?post=2274"}],"version-history":[{"count":0,"href":"https:\/\/visualdrums.com\/ca\/wp-json\/wp\/v2\/pages\/2274\/revisions"}],"wp:attachment":[{"href":"https:\/\/visualdrums.com\/ca\/wp-json\/wp\/v2\/media?parent=2274"}],"curies":[{"name":"wp","href":"https:\/\/api.w.org\/{rel}","templated":true}]}}