{"id":2653,"date":"2021-04-29T06:34:44","date_gmt":"2021-04-29T06:34:44","guid":{"rendered":"https:\/\/visualdrums.com\/quasi\/?page_id=2653"},"modified":"2021-06-14T11:57:50","modified_gmt":"2021-06-14T11:57:50","slug":"politica-de-privacitat","status":"publish","type":"page","link":"https:\/\/visualdrums.com\/ca\/politica-de-privacitat\/","title":{"rendered":"Pol\u00edtica de privacitat"},"content":{"rendered":"<p>[vc_row iron_row_type=&#8221;in_container&#8221; iron_remove_padding_medium=&#8221;&#8221; iron_remove_padding_small=&#8221;&#8221; iron_overlay_pattern=&#8221;&#8221; iron_parallax=&#8221;&#8221; iron_bg_video=&#8221;&#8221;][vc_column][vc_column_text]<\/p>\r\n\r\n\r\n<p><strong><em>1. INFORMACI\u00d3 GENERAL<\/em><\/strong><br>\r\nDonant compliment a l&#8217;article 10 de la Llei 34\/2002, d&#8217;11 de juliol, de serveis de la societat de la informaci\u00f3 i de comer\u00e7 electr\u00f2nic, s&#8217;informa l&#8217;usuari que el domini www.visualdrums.com\/ \u00e9s propietat de l&#8217;empresa VISUAL DRUMS, les dades de la qual consten referides a continuaci\u00f3:<\/p>\r\n<p>  1. Denominaci\u00f3 Social: VISUAL DRUMS de Neo M Artist.<br \/>  2. Contacte: Per qualsevol consulta, vost\u00e8s poden posar-se en contacte mitjan\u00e7ant l&#8217;adre\u00e7a electr\u00f2nica facilitada a la present web com a Contacte.<\/p>\r\n\r\n\r\n\r\n<p><strong><em>2. OBLIGACIONS DE L&#8217;USUARI I CONDICIONS D&#8217;ACC\u00c9S<\/em><\/strong><br>\r\nL&#8217;usuari es compromet a fer un \u00fas adequat dels continguts i serveis de la present p\u00e0gina Web, de conformitat amb la legislaci\u00f3 vigent i presents condicions generals.<\/p>\r\n\r\n\r\n\r\n<p>VISUAL DRUMS podr\u00e0 modificar en qualsevol moment i sense necessitat de previ av\u00eds els continguts de la present Web, sense que li sigui imputable per aix\u00f2 cap responsabilitat.<\/p>\r\n\r\n\r\n\r\n<p>VISUAL DRUMS no respondr\u00e0 dels danys inform\u00e0tics que poguessin derivar-se l&#8217;usuari a conseq\u00fc\u00e8ncia de l&#8217;\u00fas de la present Web i navegaci\u00f3 a trav\u00e9s d&#8217;aquesta, especialment a) interfer\u00e8ncies, interrupcions, fallades, omissions, avaries telef\u00f2niques, retards, bloquejos o desconnexions en el funcionament del sistema electr\u00f2nic, motivades per defici\u00e8ncies, sobrec\u00e0rregues i errors en les l\u00ednies i xarxes de telecomunicacions, o per qualsevol altra causa aliena a VISUAL DRUMS; b) intromissions il\u00b7leg\u00edtimes mitjan\u00e7ant l&#8217;\u00fas de programes malignes de qualsevol tipus i a trav\u00e9s de qualsevol mitj\u00e0 de comunicaci\u00f3, com ara virus inform\u00e0tics o qualssevol altres; c) \u00fas indegut o inadequat de la p\u00e0gina Web; d) errors de seguretat o navegaci\u00f3 produ\u00efts per un mal funcionament del navegador o per l&#8217;\u00fas de versions no actualitzades d&#8217;aquest.<\/p>\r\n\r\n\r\n\r\n<p><strong><em>3. PROPIETAT INTEL\u00b7LECTUAL I INDUSTRIAL<\/em><\/strong><br>\r\nEls continguts i signes distintius de la present Web estan subjectes a drets de propietat industrial i intel\u00b7lectual titularitat de VISUAL DRUMS i de tercers, quedant expressament prohibida la seva alteraci\u00f3, modificaci\u00f3, explotaci\u00f3 o reproducci\u00f3, distribuci\u00f3, comunicaci\u00f3 p\u00fablica sense l&#8217;autoritzaci\u00f3 del titular\/\u00e9s del dret.<\/p>\r\n\r\n\r\n\r\n<p>L&#8217;usuari es compromet a utilitzar els continguts i\/o elements als quals accedeixi a trav\u00e9s del Lloc web per al seu propi \u00fas i necessitats, i a no realitzar en cap cas una explotaci\u00f3 comercial, directa o indirecta d&#8217;aquests.<\/p>\r\n\r\n\r\n\r\n<p><strong><em>4. ENLLA\u00c7OS<\/em><\/strong><br>\r\nQueda totalment prohibit establir enlla\u00e7os o links amb la present p\u00e0gina Web sense el previ consentiment expr\u00e9s de VISUAL DRUMS. Aquest consentiment, en qualsevol cas, no suposar\u00e0 cap relaci\u00f3 contractual, eximint-se VISUAL DRUMS de responsabilitats derivades de l&#8217;\u00fas i\/o contingut de p\u00e0gina Web enlla\u00e7ada de titularitat aliena.<\/p>\r\n\r\n\r\n\r\n<p><strong><em>5. POL\u00cdTICA DE PRIVACITAT<\/em><\/strong><br>\r\nDe conformitat amb la Llei org\u00e0nica 15\/1999, de 13 de desembre, de Protecci\u00f3 de Dades de Car\u00e0cter Personal (LOPD), s&#8217;informa l&#8217;usuari que les dades personals enviades de manera volunt\u00e0ria a la nostra empresa o als nostres empleats mitjan\u00e7ant correu electr\u00f2nic, seran inclosos en els fitxers titularitat de VISUAL DRUMS. El titular dels fitxers es compromet a tractar les dades rebudes amb absoluta confidencialitat, adoptant les mesures necess\u00e0ries per a evitar la seva alteraci\u00f3, p\u00e8rdua, tractament o acc\u00e9s no autoritzat, tenint en compte en tot moment de l&#8217;estat de la tecnologia conformement al que es preveu en la vigent legislaci\u00f3 en mat\u00e8ria de protecci\u00f3 de dades de car\u00e0cter personal, responsabilitzant-se l&#8217;usuari que la veracitat de les dades facilitades. L&#8217;usuari accepta que les dades personals aportades siguin incorporats als esmentats fitxers automatitzats de VISUAL DRUMS., i consent de manera expressa i inequ\u00edvoca el seu tractament destinat a poder atendre la seva consulta o requeriment, autoritzant, a tals efectes, l&#8217;enviament de comunicacions per qualsevol via, fins i tot mail, necessaris per a prestar el servei demandat, o en el seu cas, facilitar la informaci\u00f3 sol\u00b7licitada. L&#8217;usuari o afectat podr\u00e0 exercitar els seus drets d&#8217;acc\u00e9s, rectificaci\u00f3, oposici\u00f3 i cancel\u00b7laci\u00f3, mitjan\u00e7ant escrit acompanyat de fotoc\u00f2pia de DNI o un altre document que acrediti la seva identitat dirigit al titular del fitxer VISUAL DRUMS.<\/p>\r\n\r\n\r\n\r\n<p><strong><em>6. LEGISLACI\u00d3 APLICABLE<\/em><\/strong><br>\r\nAmb expressa ren\u00fancia del seu fur, VISUAL DRUMS i l&#8217;usuari acorden sotmetre qualsevol desavinen\u00e7a sobre la interpretaci\u00f3, compliment i validesa de les presents cl\u00e0usules generals a la jurisdicci\u00f3 dels Jutjats i Tribunals de la ciutat de Barcelona.<\/p>\r\n\r\n<p>[\/vc_column_text][\/vc_column][\/vc_row]<\/p>","protected":false},"excerpt":{"rendered":"<p>[vc_row iron_row_type=&#8221;in_container&#8221; iron_remove_padding_medium=&#8221;&#8221; iron_remove_padding_small=&#8221;&#8221; iron_overlay_pattern=&#8221;&#8221; iron_parallax=&#8221;&#8221; iron_bg_video=&#8221;&#8221;][vc_column][vc_column_text] 1. INFORMACI\u00d3 GENERAL Donant compliment a l&#8217;article 10 de la Llei 34\/2002, d&#8217;11 [&hellip;]<\/p>\n","protected":false},"author":2,"featured_media":0,"parent":0,"menu_order":0,"comment_status":"closed","ping_status":"closed","template":"","meta":{"footnotes":""},"class_list":["post-2653","page","type-page","status-publish","hentry"],"yoast_head":"<!-- This site is optimized with the Yoast SEO plugin v27.1.1 - https:\/\/yoast.com\/product\/yoast-seo-wordpress\/ -->\n<title>Pol\u00edtica de privacitat | Visual Drums<\/title>\n<meta name=\"description\" content=\"Tota la informaci\u00f3 sobre Pol\u00edtica de privacitat. Descobreix el show amb bateria visual de Neo M Visual Drums.\" \/>\n<meta name=\"robots\" content=\"index, follow, max-snippet:-1, max-image-preview:large, max-video-preview:-1\" \/>\n<link rel=\"canonical\" href=\"https:\/\/visualdrums.com\/ca\/politica-de-privacitat\/\" \/>\n<meta property=\"og:locale\" content=\"ca_ES\" \/>\n<meta property=\"og:type\" content=\"article\" \/>\n<meta property=\"og:title\" content=\"Pol\u00edtica de privacitat | Visual Drums\" \/>\n<meta property=\"og:description\" content=\"Tota la informaci\u00f3 sobre Pol\u00edtica de privacitat. Descobreix el show amb bateria visual de Neo M Visual Drums.\" \/>\n<meta property=\"og:url\" content=\"https:\/\/visualdrums.com\/ca\/politica-de-privacitat\/\" \/>\n<meta property=\"og:site_name\" content=\"Visual Drums\" \/>\n<meta property=\"article:modified_time\" content=\"2021-06-14T11:57:50+00:00\" \/>\n<meta name=\"twitter:card\" content=\"summary_large_image\" \/>\n<meta name=\"twitter:label1\" content=\"Temps estimat de lectura\" \/>\n\t<meta name=\"twitter:data1\" content=\"3 minuts\" \/>\n<script type=\"application\/ld+json\" class=\"yoast-schema-graph\">{\"@context\":\"https:\/\/schema.org\",\"@graph\":[{\"@type\":\"WebPage\",\"@id\":\"https:\/\/visualdrums.com\/ca\/politica-de-privacitat\/\",\"url\":\"https:\/\/visualdrums.com\/ca\/politica-de-privacitat\/\",\"name\":\"Pol\u00edtica de privacitat | Visual Drums\",\"isPartOf\":{\"@id\":\"https:\/\/visualdrums.com\/ca\/#website\"},\"datePublished\":\"2021-04-29T06:34:44+00:00\",\"dateModified\":\"2021-06-14T11:57:50+00:00\",\"description\":\"Tota la informaci\u00f3 sobre Pol\u00edtica de privacitat. Descobreix el show amb bateria visual de Neo M Visual Drums.\",\"breadcrumb\":{\"@id\":\"https:\/\/visualdrums.com\/ca\/politica-de-privacitat\/#breadcrumb\"},\"inLanguage\":\"ca\",\"potentialAction\":[{\"@type\":\"ReadAction\",\"target\":[\"https:\/\/visualdrums.com\/ca\/politica-de-privacitat\/\"]}]},{\"@type\":\"BreadcrumbList\",\"@id\":\"https:\/\/visualdrums.com\/ca\/politica-de-privacitat\/#breadcrumb\",\"itemListElement\":[{\"@type\":\"ListItem\",\"position\":1,\"name\":\"Portada\",\"item\":\"https:\/\/visualdrums.com\/ca\/\"},{\"@type\":\"ListItem\",\"position\":2,\"name\":\"Pol\u00edtica de privacitat\"}]},{\"@type\":\"WebSite\",\"@id\":\"https:\/\/visualdrums.com\/ca\/#website\",\"url\":\"https:\/\/visualdrums.com\/ca\/\",\"name\":\"Visual Drums\",\"description\":\"by NEO M\",\"publisher\":{\"@id\":\"https:\/\/visualdrums.com\/ca\/#organization\"},\"potentialAction\":[{\"@type\":\"SearchAction\",\"target\":{\"@type\":\"EntryPoint\",\"urlTemplate\":\"https:\/\/visualdrums.com\/ca\/?s={search_term_string}\"},\"query-input\":{\"@type\":\"PropertyValueSpecification\",\"valueRequired\":true,\"valueName\":\"search_term_string\"}}],\"inLanguage\":\"ca\"},{\"@type\":\"Organization\",\"@id\":\"https:\/\/visualdrums.com\/ca\/#organization\",\"name\":\"Visual Drums\",\"url\":\"https:\/\/visualdrums.com\/ca\/\",\"logo\":{\"@type\":\"ImageObject\",\"inLanguage\":\"ca\",\"@id\":\"https:\/\/visualdrums.com\/ca\/#\/schema\/logo\/image\/\",\"url\":\"https:\/\/visualdrums.com\/main\/wp-content\/uploads\/2021\/03\/favicon.png\",\"contentUrl\":\"https:\/\/visualdrums.com\/main\/wp-content\/uploads\/2021\/03\/favicon.png\",\"width\":512,\"height\":512,\"caption\":\"Visual Drums\"},\"image\":{\"@id\":\"https:\/\/visualdrums.com\/ca\/#\/schema\/logo\/image\/\"}}]}<\/script>\n<!-- \/ Yoast SEO plugin. -->","yoast_head_json":{"title":"Pol\u00edtica de privacitat | Visual Drums","description":"Tota la informaci\u00f3 sobre Pol\u00edtica de privacitat. Descobreix el show amb bateria visual de Neo M Visual Drums.","robots":{"index":"index","follow":"follow","max-snippet":"max-snippet:-1","max-image-preview":"max-image-preview:large","max-video-preview":"max-video-preview:-1"},"canonical":"https:\/\/visualdrums.com\/ca\/politica-de-privacitat\/","og_locale":"ca_ES","og_type":"article","og_title":"Pol\u00edtica de privacitat | Visual Drums","og_description":"Tota la informaci\u00f3 sobre Pol\u00edtica de privacitat. Descobreix el show amb bateria visual de Neo M Visual Drums.","og_url":"https:\/\/visualdrums.com\/ca\/politica-de-privacitat\/","og_site_name":"Visual Drums","article_modified_time":"2021-06-14T11:57:50+00:00","twitter_card":"summary_large_image","twitter_misc":{"Temps estimat de lectura":"3 minuts"},"schema":{"@context":"https:\/\/schema.org","@graph":[{"@type":"WebPage","@id":"https:\/\/visualdrums.com\/ca\/politica-de-privacitat\/","url":"https:\/\/visualdrums.com\/ca\/politica-de-privacitat\/","name":"Pol\u00edtica de privacitat | Visual Drums","isPartOf":{"@id":"https:\/\/visualdrums.com\/ca\/#website"},"datePublished":"2021-04-29T06:34:44+00:00","dateModified":"2021-06-14T11:57:50+00:00","description":"Tota la informaci\u00f3 sobre Pol\u00edtica de privacitat. Descobreix el show amb bateria visual de Neo M Visual Drums.","breadcrumb":{"@id":"https:\/\/visualdrums.com\/ca\/politica-de-privacitat\/#breadcrumb"},"inLanguage":"ca","potentialAction":[{"@type":"ReadAction","target":["https:\/\/visualdrums.com\/ca\/politica-de-privacitat\/"]}]},{"@type":"BreadcrumbList","@id":"https:\/\/visualdrums.com\/ca\/politica-de-privacitat\/#breadcrumb","itemListElement":[{"@type":"ListItem","position":1,"name":"Portada","item":"https:\/\/visualdrums.com\/ca\/"},{"@type":"ListItem","position":2,"name":"Pol\u00edtica de privacitat"}]},{"@type":"WebSite","@id":"https:\/\/visualdrums.com\/ca\/#website","url":"https:\/\/visualdrums.com\/ca\/","name":"Visual Drums","description":"by NEO M","publisher":{"@id":"https:\/\/visualdrums.com\/ca\/#organization"},"potentialAction":[{"@type":"SearchAction","target":{"@type":"EntryPoint","urlTemplate":"https:\/\/visualdrums.com\/ca\/?s={search_term_string}"},"query-input":{"@type":"PropertyValueSpecification","valueRequired":true,"valueName":"search_term_string"}}],"inLanguage":"ca"},{"@type":"Organization","@id":"https:\/\/visualdrums.com\/ca\/#organization","name":"Visual Drums","url":"https:\/\/visualdrums.com\/ca\/","logo":{"@type":"ImageObject","inLanguage":"ca","@id":"https:\/\/visualdrums.com\/ca\/#\/schema\/logo\/image\/","url":"https:\/\/visualdrums.com\/main\/wp-content\/uploads\/2021\/03\/favicon.png","contentUrl":"https:\/\/visualdrums.com\/main\/wp-content\/uploads\/2021\/03\/favicon.png","width":512,"height":512,"caption":"Visual Drums"},"image":{"@id":"https:\/\/visualdrums.com\/ca\/#\/schema\/logo\/image\/"}}]}},"_links":{"self":[{"href":"https:\/\/visualdrums.com\/ca\/wp-json\/wp\/v2\/pages\/2653","targetHints":{"allow":["GET"]}}],"collection":[{"href":"https:\/\/visualdrums.com\/ca\/wp-json\/wp\/v2\/pages"}],"about":[{"href":"https:\/\/visualdrums.com\/ca\/wp-json\/wp\/v2\/types\/page"}],"author":[{"embeddable":true,"href":"https:\/\/visualdrums.com\/ca\/wp-json\/wp\/v2\/users\/2"}],"replies":[{"embeddable":true,"href":"https:\/\/visualdrums.com\/ca\/wp-json\/wp\/v2\/comments?post=2653"}],"version-history":[{"count":0,"href":"https:\/\/visualdrums.com\/ca\/wp-json\/wp\/v2\/pages\/2653\/revisions"}],"wp:attachment":[{"href":"https:\/\/visualdrums.com\/ca\/wp-json\/wp\/v2\/media?parent=2653"}],"curies":[{"name":"wp","href":"https:\/\/api.w.org\/{rel}","templated":true}]}}