{"id":2743,"date":"2021-05-10T11:37:48","date_gmt":"2021-05-10T11:37:48","guid":{"rendered":"https:\/\/visualdrums.com\/?page_id=2743"},"modified":"2021-06-11T14:58:40","modified_gmt":"2021-06-11T14:58:40","slug":"politica-de-cookies","status":"publish","type":"page","link":"https:\/\/visualdrums.com\/ca\/politica-de-cookies\/","title":{"rendered":"Pol\u00edtica de cookies"},"content":{"rendered":"<p>[vc_row iron_row_type=&#8221;in_container&#8221; iron_remove_padding_medium=&#8221;&#8221; iron_remove_padding_small=&#8221;&#8221; iron_overlay_pattern=&#8221;&#8221; iron_parallax=&#8221;&#8221; iron_bg_video=&#8221;&#8221;][vc_column][vc_column_text]<\/p>\n\n\n<p>Aquesta pol\u00edtica de cookies t\u00e9 per finalitat informar de manera clara i precisa sobre les cookies que s&#8217;utilitzen en la nostra web.<\/p>\n\n\n\n<p>Utilitzem cookies pr\u00f2pies i de tercers per a millorar els nostres serveis, personalitzar el nostre lloc web, facilitar la navegaci\u00f3 dels nostres usuaris, proporcionar-li una millor experi\u00e8ncia en l&#8217;\u00fas del lloc web, identificar problemes per a millorar el mateix, fer mesuraments i estad\u00edstiques d&#8217;\u00fas i mostrar-li publicitat relacionada amb les seves prefer\u00e8ncies mitjan\u00e7ant l&#8217;an\u00e0lisi de l&#8217;\u00fas del lloc web.<\/p>\n\n\n\n<p>L&#8217;informem que podem utilitzar <em>cookies <\/em>en el seu equip a condici\u00f3 que l&#8217;usuari hagi donat el seu consentiment, excepte en els sup\u00f2sits en els quals les cookies siguin necess\u00e0ries per a la navegaci\u00f3 pel nostre lloc web. En cas que presti el seu consentiment, podrem utilitzar cookies que ens permetran tenir m\u00e9s informaci\u00f3 sobre les seves prefer\u00e8ncies i personalitzar el nostre lloc web de conformitat amb els seus interessos individuals.<\/p>\n\n\n\n<p><strong><em>QU\u00c8 S\u00d3N LES COOKIES?<\/em><\/strong><br>Les <em>cookies <\/em>i altres tecnologies similars com ara <em>local shared objects<\/em>, <em>flash cookies<\/em> o <em>p\u00edxels<\/em> s\u00f3n eines emprades pels servidors Web per emmagatzemar i recuperar informaci\u00f3 sobre els seus visitants, aix\u00ed com per oferir un correcte funcionament del lloc.<\/p>\n\n\n\n<p><strong><em>TIPUS DE COOKIES<\/em><\/strong><br><strong>Tipus de cookies en funci\u00f3 de l&#8217;entitat que les gestioni:<\/strong><\/p>\n\n\n\n<ul class=\"wp-block-list\"><li><strong>Cookies pr\u00f2pies:<\/strong> s\u00f3n aquelles que s&#8217;envien a l&#8217;equip terminal de l&#8217;usuari des d&#8217;un equip o domini gestionat pel titular de la p\u00e0gina web i des de la qual es presta el servei sol\u00b7licitat per l&#8217;usuari.<\/li><li><strong>Cookies de tercers:<\/strong> s\u00f3n aquelles que s&#8217;envien a l&#8217;equip terminal de l&#8217;usuari des d&#8217;un equip o domini que no \u00e9s gestionat pel titular de la p\u00e0gina web des de la qual es presta el servei sol\u00b7licitat per l&#8217;usuari, sin\u00f3 per una altra entitat que tracta les dades obtingudes trav\u00e9s de les cookies. Aix\u00ed mateix, en el cas que les cookies siguin instal\u00b7lades des d&#8217;un equip o domini gestionat pel propi titular del lloc web per\u00f2 la informaci\u00f3 que es reculli mitjan\u00e7ant aquestes sigui gestionada per un tercer, tamb\u00e9 seran considerades com a cookies de tercers.<\/li><\/ul>\n\n\n\n<p><strong>Tipus de cookies segons la finalitat:<\/strong><\/p>\n\n\n\n<ul class=\"wp-block-list\"><li><strong>Cookies t\u00e8cniques: <\/strong>s\u00f3n aquelles que permeten a l&#8217;usuari la navegaci\u00f3 a trav\u00e9s d&#8217;una p\u00e0gina web, plataforma o aplicaci\u00f3 i la utilitzaci\u00f3 de les diferents opcions o serveis que en ella existeixin, incloent aquelles que l&#8217;editor utilitza per a permetre la gesti\u00f3 i operativa de la p\u00e0gina web i habilitar les seves funcions i serveis, com, per exemple, controlar el tr\u00e0nsit i la comunicaci\u00f3 de dades, identificar la sessi\u00f3, accedir a parts d&#8217;acc\u00e9s restringit, recordar els elements que integren una comanda, realitzar el proc\u00e9s de compra d&#8217;una comanda, gestionar el pagament, controlar el frau vinculat a la seguretat del servei, realitzar la sol\u00b7licitud d&#8217;inscripci\u00f3 o participaci\u00f3 en un esdeveniment, comptar visites a l&#8217;efecte de la facturaci\u00f3 de llic\u00e8ncies del programari amb el qual funciona el servei (lloc web, plataforma o aplicaci\u00f3), utilitzar elements de seguretat durant la navegaci\u00f3, emmagatzemar continguts per a la difusi\u00f3 de v\u00eddeos o so, habilitar continguts din\u00e0mics (per exemple, animaci\u00f3 de c\u00e0rrega d&#8217;un text o imatge) o compartir continguts a trav\u00e9s de xarxes socials.<br>Tamb\u00e9 pertanyen a aquesta categoria, per la seva naturalesa t\u00e8cnica, aquelles cookies que permeten la gesti\u00f3, de la forma m\u00e9s efica\u00e7 possible, dels espais publicitaris que, com un element m\u00e9s de disseny o \u201cmaquetaci\u00f3\u201d del servei ofert a l&#8217;usuari, l&#8217;editor hagi incl\u00f2s en una p\u00e0gina web, aplicaci\u00f3 o plataforma sobre la base de criteris com el contingut editat, sense que es recopili informaci\u00f3 dels usuaris amb finalitats diferents, com pot ser personalitzar aquest contingut publicitari o altres continguts.<\/li><li><strong>Cookies de prefer\u00e8ncies o personalitzaci\u00f3: <\/strong>s\u00f3n aquelles que permeten recordar informaci\u00f3 perqu\u00e8 l&#8217;usuari accedeixi al servei amb determinades caracter\u00edstiques que poden diferenciar la seva experi\u00e8ncia de la d&#8217;altres usuaris, com, per exemple, l&#8217;idioma, el nombre de resultats a mostrar quan l&#8217;usuari realitza una cerca, l&#8217;aspecte o contingut del servei en funci\u00f3 de la mena de navegador a trav\u00e9s del qual l&#8217;usuari accedeix al servei o de la regi\u00f3 des de la qual accedeix al servei, etc.<\/li><li><strong>Cookies d&#8217;an\u00e0lisi o mesura: <\/strong>s\u00f3n aquelles que permeten al responsable de les mateixes el seguiment i an\u00e0lisi del comportament dels usuaris dels llocs web als quals estan vinculades, inclosa la quantificaci\u00f3 dels impactes dels anuncis. La informaci\u00f3 recollida mitjan\u00e7ant aquesta mena de cookies s&#8217;utilitza en el mesurament de l&#8217;activitat dels llocs web, aplicaci\u00f3 o plataforma, amb la finalitat d&#8217;introduir millores en funci\u00f3 de l&#8217;an\u00e0lisi de les dades d&#8217;\u00fas que fan els usuaris del servei.<\/li><li><strong>Cookies de publicitat comportamental: <\/strong>s\u00f3n aquelles que permeten la gesti\u00f3, de la forma m\u00e9s efica\u00e7 possible, dels espais publicitaris que hi ha en la p\u00e0gina web. Aquestes cookies emmagatzemen informaci\u00f3 del comportament dels usuaris obtinguda a trav\u00e9s de l&#8217;observaci\u00f3 continuada dels seus h\u00e0bits de navegaci\u00f3, la qual cosa permet desenvolupar un perfil espec\u00edfic per a mostrar publicitat en funci\u00f3 d&#8217;aquest.<\/li><li><strong>Cookies de geolocalitzaci\u00f3: <\/strong>s&#8217;utilitzen per a saber en quin lloc es troba un usuari quan sol\u00b7licita un servei. Aquesta cookie \u00e9s an\u00f2nima i s&#8217;usa per exemple per a oferir-li la informaci\u00f3 adequada depenent del pa\u00eds en el qual es trobi.<\/li><\/ul>\n\n\n\n<p><strong>Tipus de Cookies segons termini de temps que romanen activades:<\/strong><\/p>\n\n\n\n<ul class=\"wp-block-list\"><li><strong>Cookies de sessi\u00f3: <\/strong>s\u00f3n aquelles dissenyades per a recaptar i emmagatzemar dades mentre l&#8217;usuari accedeix a una p\u00e0gina web. Se solen emprar per a emmagatzemar informaci\u00f3 que nom\u00e9s interessa conservar per a la prestaci\u00f3 del servei sol\u00b7licitat per l&#8217;usuari en una sola ocasi\u00f3 (per exemple, una llista de productes adquirits) i desapareixen en acabar la sessi\u00f3.<\/li><li><strong>Cookies persistents: <\/strong>s\u00f3n aquelles en les quals les dades segueixen emmagatzemats en el terminal i poden ser accedits i tractats durant un per\u00edode definit pel responsable de la *cookie, i que pot anar d&#8217;uns minuts a diversos anys.<\/li><\/ul>\n\n\n\n<p><em><strong>COOKIES UTILITZADES A LA NOSTRA WEB<\/strong><\/em><\/p>\n\n\n\n<figure id=\"CybotCookiebotDialogDetailTableStatistics\" class=\"wp-block-table\"><table><tbody><tr><td>collect<\/td><td><a href=\"https:\/\/policies.google.com\/privacy\" target=\"_blank\" rel=\"noreferrer noopener\">Google<\/a><\/td><td>S&#8217;utilitza per a enviar dades a Google&nbsp;Analytics&nbsp;sobre el dispositiu del visitant i el seu comportament. Rastreja al visitant a trav\u00e9s de dispositius i canals de m\u00e0rqueting.<\/td><td>Session<\/td><td>Pixel<\/td><\/tr><tr><td>_ga<\/td><td><a href=\"https:\/\/policies.google.com\/privacy\" target=\"_blank\" rel=\"noreferrer noopener\">Google<\/a><\/td><td>Registra una identificaci\u00f3 \u00fanica que s&#8217;utilitza per a generar dades estad\u00edstiques sobre com utilitza el visitant el lloc web.<\/td><td>2 anys<\/td><td>HTTP<\/td><\/tr><tr><td>_gat<\/td><td><a href=\"https:\/\/policies.google.com\/privacy\" target=\"_blank\" rel=\"noreferrer noopener\">Google<\/a><\/td><td>Utilitzat per Google&nbsp;Analytics&nbsp;per a controlar la taxa de peticions<\/td><td>1 dia<\/td><td>HTTP<\/td><\/tr><tr><td>_gid<\/td><td><a href=\"https:\/\/policies.google.com\/privacy\" target=\"_blank\" rel=\"noreferrer noopener\">Google<\/a><\/td><td>Registra una identificaci\u00f3 \u00fanica que s&#8217;utilitza per a generar dades estad\u00edstiques sobre com utilitza el visitant el lloc web.<\/td><td>1 dia<\/td><td>HTTP<\/td><\/tr><\/tbody><\/table><\/figure>\n\n\n\n<p><em><strong>COM ES DESHABILITEN LES COOKIES ALS NAVEGADORS?<\/strong><\/em><br>L&#8217;usuari pot, en qualsevol moment, permetre, bloquejar o eliminar les cookies instal\u00b7lades en el seu equip mitjan\u00e7ant la modificaci\u00f3 dels par\u00e0metres de configuraci\u00f3 del navegador instal\u00b7lat en el seu ordinador:<\/p>\n\n\n\n<ul class=\"wp-block-list\"><li>Chrome: Configuraci\u00f3 -&gt; Mostrar opcions avan\u00e7ades -&gt; Privacitat -&gt; Configuraci\u00f3 del contingut<br>Per m\u00e9s informaci\u00f3, pot consultar el suport de Google o l&#8217;Ajuda del navegador.<\/li><li>Explorer: Eines -&gt; Opcions d&#8217;Internet -&gt; Privacitat -&gt; Configuraci\u00f3<br>Per m\u00e9s informaci\u00f3, pot consultar el suport de Microsoft o l&#8217;Ajuda del navegador.<\/li><li>Firefox: Eines -&gt;Opcions -&gt; Privacitat -&gt; Historial -&gt; Configuraci\u00f3 Personalitzada<br>Per m\u00e9s informaci\u00f3, pot consultar el suport de Mozilla o l&#8217;Ajuda del navegador.<\/li><li>Safari: Prefer\u00e8ncies -&gt; Seguretat<br>Per m\u00e9s informaci\u00f3, pot consultar el suport d&#8217;Apple o l&#8217;Ajuda del navegador.<\/li><\/ul>\n\n\n\n<p>La desactivaci\u00f3 de les cookies no impedeix la navegaci\u00f3 pel lloc web, encara que l&#8217;\u00fas d&#8217;alguns dels seus serveis podr\u00e0 ser limitat i, per tant, la seva experi\u00e8ncia de navegaci\u00f3 podr\u00e0 ser menys satisfact\u00f2ria.<\/p>\n\n\n\n<p><strong><em>RETIRAR EL CONSENTIMENT<\/em><\/strong><br>L&#8217;usuari podr\u00e0 retirar en qualsevol moment el seu consentiment relacionat amb la Pol\u00edtica de Cookies, i podr\u00e0 eliminar les cookies emmagatzemades en el seu equip a trav\u00e9s dels ajustos i configuracions del seu navegador d&#8217;Internet, indicats anteriorment, aix\u00ed com accedint al nostre panell de configuraci\u00f3.<\/p>\n\n\n\n<p><strong><em>CONFIGURAR COOKIES<\/em><\/strong><br>La present Pol\u00edtica de Cookies es podr\u00e0 modificar quan aix\u00ed ho exigeixi la legislaci\u00f3 vigent a cada moment o quan hi hagu\u00e9s alguna variaci\u00f3 en el tipus de cookies utilitzades en el lloc web. Per aix\u00f2, li recomanem revisar aquesta pol\u00edtica cada vegada que accedeixi al nostre lloc web amb l&#8217;objectiu d&#8217;estar adequadament informat sobre com i amb quina finalitat utilitzem les cookies.<\/p>\n\n\n<p>[\/vc_column_text][\/vc_column][\/vc_row]<\/p>","protected":false},"excerpt":{"rendered":"<p>[vc_row iron_row_type=&#8221;in_container&#8221; iron_remove_padding_medium=&#8221;&#8221; iron_remove_padding_small=&#8221;&#8221; iron_overlay_pattern=&#8221;&#8221; iron_parallax=&#8221;&#8221; iron_bg_video=&#8221;&#8221;][vc_column][vc_column_text] Aquesta pol\u00edtica de cookies t\u00e9 per finalitat informar de manera clara i precisa [&hellip;]<\/p>\n","protected":false},"author":2,"featured_media":0,"parent":0,"menu_order":0,"comment_status":"closed","ping_status":"closed","template":"","meta":{"footnotes":""},"class_list":["post-2743","page","type-page","status-publish","hentry"],"yoast_head":"<!-- This site is optimized with the Yoast SEO plugin v27.1.1 - https:\/\/yoast.com\/product\/yoast-seo-wordpress\/ -->\n<title>Pol\u00edtica de cookies | Visual Drums<\/title>\n<meta name=\"description\" content=\"Tota la informaci\u00f3 sobre Pol\u00edtica de cookies. Descobreix el show amb bateria visual de Neo M Visual Drums.\" \/>\n<meta name=\"robots\" content=\"noindex, follow\" \/>\n<meta property=\"og:locale\" content=\"ca_ES\" \/>\n<meta property=\"og:type\" content=\"article\" \/>\n<meta property=\"og:title\" content=\"Pol\u00edtica de cookies | Visual Drums\" \/>\n<meta property=\"og:description\" content=\"Tota la informaci\u00f3 sobre Pol\u00edtica de cookies. Descobreix el show amb bateria visual de Neo M Visual Drums.\" \/>\n<meta property=\"og:url\" content=\"https:\/\/visualdrums.com\/ca\/politica-de-cookies\/\" \/>\n<meta property=\"og:site_name\" content=\"Visual Drums\" \/>\n<meta property=\"article:modified_time\" content=\"2021-06-11T14:58:40+00:00\" \/>\n<meta name=\"twitter:card\" content=\"summary_large_image\" \/>\n<meta name=\"twitter:label1\" content=\"Temps estimat de lectura\" \/>\n\t<meta name=\"twitter:data1\" content=\"6 minuts\" \/>\n<script type=\"application\/ld+json\" class=\"yoast-schema-graph\">{\"@context\":\"https:\/\/schema.org\",\"@graph\":[{\"@type\":\"WebPage\",\"@id\":\"https:\/\/visualdrums.com\/ca\/politica-de-cookies\/\",\"url\":\"https:\/\/visualdrums.com\/ca\/politica-de-cookies\/\",\"name\":\"Pol\u00edtica de cookies | Visual Drums\",\"isPartOf\":{\"@id\":\"https:\/\/visualdrums.com\/ca\/#website\"},\"datePublished\":\"2021-05-10T11:37:48+00:00\",\"dateModified\":\"2021-06-11T14:58:40+00:00\",\"description\":\"Tota la informaci\u00f3 sobre Pol\u00edtica de cookies. Descobreix el show amb bateria visual de Neo M Visual Drums.\",\"breadcrumb\":{\"@id\":\"https:\/\/visualdrums.com\/ca\/politica-de-cookies\/#breadcrumb\"},\"inLanguage\":\"ca\",\"potentialAction\":[{\"@type\":\"ReadAction\",\"target\":[\"https:\/\/visualdrums.com\/ca\/politica-de-cookies\/\"]}]},{\"@type\":\"BreadcrumbList\",\"@id\":\"https:\/\/visualdrums.com\/ca\/politica-de-cookies\/#breadcrumb\",\"itemListElement\":[{\"@type\":\"ListItem\",\"position\":1,\"name\":\"Portada\",\"item\":\"https:\/\/visualdrums.com\/ca\/\"},{\"@type\":\"ListItem\",\"position\":2,\"name\":\"Pol\u00edtica de cookies\"}]},{\"@type\":\"WebSite\",\"@id\":\"https:\/\/visualdrums.com\/ca\/#website\",\"url\":\"https:\/\/visualdrums.com\/ca\/\",\"name\":\"Visual Drums\",\"description\":\"by NEO M\",\"publisher\":{\"@id\":\"https:\/\/visualdrums.com\/ca\/#organization\"},\"potentialAction\":[{\"@type\":\"SearchAction\",\"target\":{\"@type\":\"EntryPoint\",\"urlTemplate\":\"https:\/\/visualdrums.com\/ca\/?s={search_term_string}\"},\"query-input\":{\"@type\":\"PropertyValueSpecification\",\"valueRequired\":true,\"valueName\":\"search_term_string\"}}],\"inLanguage\":\"ca\"},{\"@type\":\"Organization\",\"@id\":\"https:\/\/visualdrums.com\/ca\/#organization\",\"name\":\"Visual Drums\",\"url\":\"https:\/\/visualdrums.com\/ca\/\",\"logo\":{\"@type\":\"ImageObject\",\"inLanguage\":\"ca\",\"@id\":\"https:\/\/visualdrums.com\/ca\/#\/schema\/logo\/image\/\",\"url\":\"https:\/\/visualdrums.com\/main\/wp-content\/uploads\/2021\/03\/favicon.png\",\"contentUrl\":\"https:\/\/visualdrums.com\/main\/wp-content\/uploads\/2021\/03\/favicon.png\",\"width\":512,\"height\":512,\"caption\":\"Visual Drums\"},\"image\":{\"@id\":\"https:\/\/visualdrums.com\/ca\/#\/schema\/logo\/image\/\"}}]}<\/script>\n<!-- \/ Yoast SEO plugin. -->","yoast_head_json":{"title":"Pol\u00edtica de cookies | Visual Drums","description":"Tota la informaci\u00f3 sobre Pol\u00edtica de cookies. Descobreix el show amb bateria visual de Neo M Visual Drums.","robots":{"index":"noindex","follow":"follow"},"og_locale":"ca_ES","og_type":"article","og_title":"Pol\u00edtica de cookies | Visual Drums","og_description":"Tota la informaci\u00f3 sobre Pol\u00edtica de cookies. Descobreix el show amb bateria visual de Neo M Visual Drums.","og_url":"https:\/\/visualdrums.com\/ca\/politica-de-cookies\/","og_site_name":"Visual Drums","article_modified_time":"2021-06-11T14:58:40+00:00","twitter_card":"summary_large_image","twitter_misc":{"Temps estimat de lectura":"6 minuts"},"schema":{"@context":"https:\/\/schema.org","@graph":[{"@type":"WebPage","@id":"https:\/\/visualdrums.com\/ca\/politica-de-cookies\/","url":"https:\/\/visualdrums.com\/ca\/politica-de-cookies\/","name":"Pol\u00edtica de cookies | Visual Drums","isPartOf":{"@id":"https:\/\/visualdrums.com\/ca\/#website"},"datePublished":"2021-05-10T11:37:48+00:00","dateModified":"2021-06-11T14:58:40+00:00","description":"Tota la informaci\u00f3 sobre Pol\u00edtica de cookies. Descobreix el show amb bateria visual de Neo M Visual Drums.","breadcrumb":{"@id":"https:\/\/visualdrums.com\/ca\/politica-de-cookies\/#breadcrumb"},"inLanguage":"ca","potentialAction":[{"@type":"ReadAction","target":["https:\/\/visualdrums.com\/ca\/politica-de-cookies\/"]}]},{"@type":"BreadcrumbList","@id":"https:\/\/visualdrums.com\/ca\/politica-de-cookies\/#breadcrumb","itemListElement":[{"@type":"ListItem","position":1,"name":"Portada","item":"https:\/\/visualdrums.com\/ca\/"},{"@type":"ListItem","position":2,"name":"Pol\u00edtica de cookies"}]},{"@type":"WebSite","@id":"https:\/\/visualdrums.com\/ca\/#website","url":"https:\/\/visualdrums.com\/ca\/","name":"Visual Drums","description":"by NEO M","publisher":{"@id":"https:\/\/visualdrums.com\/ca\/#organization"},"potentialAction":[{"@type":"SearchAction","target":{"@type":"EntryPoint","urlTemplate":"https:\/\/visualdrums.com\/ca\/?s={search_term_string}"},"query-input":{"@type":"PropertyValueSpecification","valueRequired":true,"valueName":"search_term_string"}}],"inLanguage":"ca"},{"@type":"Organization","@id":"https:\/\/visualdrums.com\/ca\/#organization","name":"Visual Drums","url":"https:\/\/visualdrums.com\/ca\/","logo":{"@type":"ImageObject","inLanguage":"ca","@id":"https:\/\/visualdrums.com\/ca\/#\/schema\/logo\/image\/","url":"https:\/\/visualdrums.com\/main\/wp-content\/uploads\/2021\/03\/favicon.png","contentUrl":"https:\/\/visualdrums.com\/main\/wp-content\/uploads\/2021\/03\/favicon.png","width":512,"height":512,"caption":"Visual Drums"},"image":{"@id":"https:\/\/visualdrums.com\/ca\/#\/schema\/logo\/image\/"}}]}},"_links":{"self":[{"href":"https:\/\/visualdrums.com\/ca\/wp-json\/wp\/v2\/pages\/2743","targetHints":{"allow":["GET"]}}],"collection":[{"href":"https:\/\/visualdrums.com\/ca\/wp-json\/wp\/v2\/pages"}],"about":[{"href":"https:\/\/visualdrums.com\/ca\/wp-json\/wp\/v2\/types\/page"}],"author":[{"embeddable":true,"href":"https:\/\/visualdrums.com\/ca\/wp-json\/wp\/v2\/users\/2"}],"replies":[{"embeddable":true,"href":"https:\/\/visualdrums.com\/ca\/wp-json\/wp\/v2\/comments?post=2743"}],"version-history":[{"count":0,"href":"https:\/\/visualdrums.com\/ca\/wp-json\/wp\/v2\/pages\/2743\/revisions"}],"wp:attachment":[{"href":"https:\/\/visualdrums.com\/ca\/wp-json\/wp\/v2\/media?parent=2743"}],"curies":[{"name":"wp","href":"https:\/\/api.w.org\/{rel}","templated":true}]}}