{"id":5446,"date":"2021-06-16T17:47:06","date_gmt":"2021-06-16T17:47:06","guid":{"rendered":"https:\/\/visualdrums.com\/showcase-videos\/"},"modified":"2021-06-28T13:43:48","modified_gmt":"2021-06-28T13:43:48","slug":"videos-presentacio","status":"publish","type":"page","link":"https:\/\/visualdrums.com\/ca\/videos-presentacio\/","title":{"rendered":"V\u00eddeos de presentaci\u00f3"},"content":{"rendered":"<p>[vc_row iron_row_type=&#8221;in_container&#8221; iron_remove_padding_medium=&#8221;&#8221; iron_remove_padding_small=&#8221;&#8221; iron_overlay_pattern=&#8221;&#8221; iron_parallax=&#8221;&#8221; iron_bg_video=&#8221;&#8221;][vc_column width=&#8221;1\/2&#8243;][vc_video link=&#8221;https:\/\/www.youtube.com\/watch?v=9QckYduH71w&#038;list=PLMvQb33E1xiYgXaSfJmpht9h2jDaqcKAs&#038;index=3&#038;ab_channel=VISUALDRUMS&#8221; css=&#8221;.vc_custom_1624887164531{margin-top: 5px !important;margin-right: 5px !important;margin-bottom: 5px !important;margin-left: 5px !important;}&#8221;][vc_video link=&#8221;https:\/\/www.youtube.com\/watch?v=3uIvTZ8uanQ&#038;list=PLMvQb33E1xiYgXaSfJmpht9h2jDaqcKAs&#038;index=6&#038;ab_channel=VISUALDRUMS&#8221; css=&#8221;.vc_custom_1624887074179{margin-top: 5px !important;margin-right: 5px !important;margin-bottom: 5px !important;margin-left: 5px !important;}&#8221;][vc_video link=&#8221;https:\/\/www.youtube.com\/watch?v=KDdkHE8wi2Y&#038;list=PLMvQb33E1xiYgXaSfJmpht9h2jDaqcKAs&#038;index=4&#038;ab_channel=VISUALDRUMS&#8221; align=&#8221;center&#8221; css=&#8221;.vc_custom_1624887272546{margin-top: 5px !important;margin-right: 5px !important;margin-bottom: 5px !important;margin-left: 5px !important;}&#8221;][\/vc_column][vc_column width=&#8221;1\/2&#8243;][vc_video link=&#8221;https:\/\/www.youtube.com\/watch?v=BYhnkauEU8M&#038;list=PLMvQb33E1xiYgXaSfJmpht9h2jDaqcKAs&#038;index=2&#038;ab_channel=VISUALDRUMS&#8221; css=&#8221;.vc_custom_1624887123236{margin-top: 5px !important;margin-right: 5px !important;margin-bottom: 5px !important;margin-left: 5px !important;}&#8221;][vc_video link=&#8221;https:\/\/www.youtube.com\/watch?v=4bm36nvuN68&#038;list=PLMvQb33E1xiYgXaSfJmpht9h2jDaqcKAs&#038;index=5&#038;ab_channel=VISUALDRUMS&#8221; css=&#8221;.vc_custom_1624887190513{margin-top: 5px !important;margin-right: 5px !important;margin-bottom: 5px !important;margin-left: 5px !important;}&#8221;][vc_video link=&#8221;https:\/\/www.youtube.com\/watch?v=OkNssMyARj0&#038;list=PLMvQb33E1xiYgXaSfJmpht9h2jDaqcKAs&#038;index=7&#038;ab_channel=VISUALDRUMS&#8221; css=&#8221;.vc_custom_1624887616961{margin-top: 5px !important;margin-right: 5px !important;margin-bottom: 5px !important;margin-left: 5px !important;}&#8221;][\/vc_column][\/vc_row][vc_row iron_row_type=&#8221;in_container&#8221; iron_remove_padding_medium=&#8221;&#8221; iron_remove_padding_small=&#8221;&#8221; iron_overlay_pattern=&#8221;&#8221; iron_parallax=&#8221;&#8221; iron_bg_video=&#8221;&#8221;][vc_column][vc_empty_space height=&#8221;25&#8243;]\r\n\t<a target=\"_self\" data-hoverbg=\"\" data-hoverborder=\"\" data-hovertext=\"\"  class=\"button-widget center\" href=\"https:\/\/visualdrums.com\/ca\/videos\/\" style=\"border-width:1px; border-radius:0px; border-color:; background-color:#ce022a; color:#ffffff\">M\u00c9S V\u00cdDEOS<\/a><div class=\"clear\"><\/div>[vc_empty_space height=&#8221;25&#8243;][\/vc_column][\/vc_row]<\/p>\n","protected":false},"excerpt":{"rendered":"<p>[vc_row iron_row_type=&#8221;in_container&#8221; iron_remove_padding_medium=&#8221;&#8221; iron_remove_padding_small=&#8221;&#8221; iron_overlay_pattern=&#8221;&#8221; iron_parallax=&#8221;&#8221; iron_bg_video=&#8221;&#8221;][vc_column width=&#8221;1\/2&#8243;][vc_video link=&#8221;https:\/\/www.youtube.com\/watch?v=9QckYduH71w&#038;list=PLMvQb33E1xiYgXaSfJmpht9h2jDaqcKAs&#038;index=3&#038;ab_channel=VISUALDRUMS&#8221; css=&#8221;.vc_custom_1624887164531{margin-top: 5px !important;margin-right: 5px !important;margin-bottom: 5px !important;margin-left: 5px !important;}&#8221;][vc_video link=&#8221;https:\/\/www.youtube.com\/watch?v=3uIvTZ8uanQ&#038;list=PLMvQb33E1xiYgXaSfJmpht9h2jDaqcKAs&#038;index=6&#038;ab_channel=VISUALDRUMS&#8221; css=&#8221;.vc_custom_1624887074179{margin-top: [&hellip;]<\/p>\n","protected":false},"author":5,"featured_media":0,"parent":0,"menu_order":0,"comment_status":"closed","ping_status":"closed","template":"","meta":{"footnotes":""},"class_list":["post-5446","page","type-page","status-publish","hentry"],"yoast_head":"<!-- This site is optimized with the Yoast SEO plugin v27.1.1 - https:\/\/yoast.com\/product\/yoast-seo-wordpress\/ -->\n<title>V\u00eddeos de presentaci\u00f3 | Visual Drums<\/title>\n<meta name=\"description\" content=\"Tota la informaci\u00f3 sobre V\u00eddeos de presentaci\u00f3. Descobreix el show amb bateria visual de Neo M Visual Drums.\" \/>\n<meta name=\"robots\" content=\"index, follow, max-snippet:-1, max-image-preview:large, max-video-preview:-1\" \/>\n<link rel=\"canonical\" href=\"https:\/\/visualdrums.com\/ca\/videos-presentacio\/\" \/>\n<meta property=\"og:locale\" content=\"ca_ES\" \/>\n<meta property=\"og:type\" content=\"article\" \/>\n<meta property=\"og:title\" content=\"V\u00eddeos de presentaci\u00f3 | Visual Drums\" \/>\n<meta property=\"og:description\" content=\"Tota la informaci\u00f3 sobre V\u00eddeos de presentaci\u00f3. Descobreix el show amb bateria visual de Neo M Visual Drums.\" \/>\n<meta property=\"og:url\" content=\"https:\/\/visualdrums.com\/ca\/videos-presentacio\/\" \/>\n<meta property=\"og:site_name\" content=\"Visual Drums\" \/>\n<meta property=\"article:modified_time\" content=\"2021-06-28T13:43:48+00:00\" \/>\n<meta name=\"twitter:card\" content=\"summary_large_image\" \/>\n<meta name=\"twitter:label1\" content=\"Temps estimat de lectura\" \/>\n\t<meta name=\"twitter:data1\" content=\"1 minut\" \/>\n<script type=\"application\/ld+json\" class=\"yoast-schema-graph\">{\"@context\":\"https:\/\/schema.org\",\"@graph\":[{\"@type\":\"WebPage\",\"@id\":\"https:\/\/visualdrums.com\/ca\/videos-presentacio\/\",\"url\":\"https:\/\/visualdrums.com\/ca\/videos-presentacio\/\",\"name\":\"V\u00eddeos de presentaci\u00f3 | Visual Drums\",\"isPartOf\":{\"@id\":\"https:\/\/visualdrums.com\/ca\/#website\"},\"datePublished\":\"2021-06-16T17:47:06+00:00\",\"dateModified\":\"2021-06-28T13:43:48+00:00\",\"description\":\"Tota la informaci\u00f3 sobre V\u00eddeos de presentaci\u00f3. Descobreix el show amb bateria visual de Neo M Visual Drums.\",\"breadcrumb\":{\"@id\":\"https:\/\/visualdrums.com\/ca\/videos-presentacio\/#breadcrumb\"},\"inLanguage\":\"ca\",\"potentialAction\":[{\"@type\":\"ReadAction\",\"target\":[\"https:\/\/visualdrums.com\/ca\/videos-presentacio\/\"]}]},{\"@type\":\"BreadcrumbList\",\"@id\":\"https:\/\/visualdrums.com\/ca\/videos-presentacio\/#breadcrumb\",\"itemListElement\":[{\"@type\":\"ListItem\",\"position\":1,\"name\":\"Portada\",\"item\":\"https:\/\/visualdrums.com\/ca\/\"},{\"@type\":\"ListItem\",\"position\":2,\"name\":\"V\u00eddeos de presentaci\u00f3\"}]},{\"@type\":\"WebSite\",\"@id\":\"https:\/\/visualdrums.com\/ca\/#website\",\"url\":\"https:\/\/visualdrums.com\/ca\/\",\"name\":\"Visual Drums\",\"description\":\"by NEO M\",\"publisher\":{\"@id\":\"https:\/\/visualdrums.com\/ca\/#organization\"},\"potentialAction\":[{\"@type\":\"SearchAction\",\"target\":{\"@type\":\"EntryPoint\",\"urlTemplate\":\"https:\/\/visualdrums.com\/ca\/?s={search_term_string}\"},\"query-input\":{\"@type\":\"PropertyValueSpecification\",\"valueRequired\":true,\"valueName\":\"search_term_string\"}}],\"inLanguage\":\"ca\"},{\"@type\":\"Organization\",\"@id\":\"https:\/\/visualdrums.com\/ca\/#organization\",\"name\":\"Visual Drums\",\"url\":\"https:\/\/visualdrums.com\/ca\/\",\"logo\":{\"@type\":\"ImageObject\",\"inLanguage\":\"ca\",\"@id\":\"https:\/\/visualdrums.com\/ca\/#\/schema\/logo\/image\/\",\"url\":\"https:\/\/visualdrums.com\/main\/wp-content\/uploads\/2021\/03\/favicon.png\",\"contentUrl\":\"https:\/\/visualdrums.com\/main\/wp-content\/uploads\/2021\/03\/favicon.png\",\"width\":512,\"height\":512,\"caption\":\"Visual Drums\"},\"image\":{\"@id\":\"https:\/\/visualdrums.com\/ca\/#\/schema\/logo\/image\/\"}}]}<\/script>\n<!-- \/ Yoast SEO plugin. -->","yoast_head_json":{"title":"V\u00eddeos de presentaci\u00f3 | Visual Drums","description":"Tota la informaci\u00f3 sobre V\u00eddeos de presentaci\u00f3. Descobreix el show amb bateria visual de Neo M Visual Drums.","robots":{"index":"index","follow":"follow","max-snippet":"max-snippet:-1","max-image-preview":"max-image-preview:large","max-video-preview":"max-video-preview:-1"},"canonical":"https:\/\/visualdrums.com\/ca\/videos-presentacio\/","og_locale":"ca_ES","og_type":"article","og_title":"V\u00eddeos de presentaci\u00f3 | Visual Drums","og_description":"Tota la informaci\u00f3 sobre V\u00eddeos de presentaci\u00f3. Descobreix el show amb bateria visual de Neo M Visual Drums.","og_url":"https:\/\/visualdrums.com\/ca\/videos-presentacio\/","og_site_name":"Visual Drums","article_modified_time":"2021-06-28T13:43:48+00:00","twitter_card":"summary_large_image","twitter_misc":{"Temps estimat de lectura":"1 minut"},"schema":{"@context":"https:\/\/schema.org","@graph":[{"@type":"WebPage","@id":"https:\/\/visualdrums.com\/ca\/videos-presentacio\/","url":"https:\/\/visualdrums.com\/ca\/videos-presentacio\/","name":"V\u00eddeos de presentaci\u00f3 | Visual Drums","isPartOf":{"@id":"https:\/\/visualdrums.com\/ca\/#website"},"datePublished":"2021-06-16T17:47:06+00:00","dateModified":"2021-06-28T13:43:48+00:00","description":"Tota la informaci\u00f3 sobre V\u00eddeos de presentaci\u00f3. Descobreix el show amb bateria visual de Neo M Visual Drums.","breadcrumb":{"@id":"https:\/\/visualdrums.com\/ca\/videos-presentacio\/#breadcrumb"},"inLanguage":"ca","potentialAction":[{"@type":"ReadAction","target":["https:\/\/visualdrums.com\/ca\/videos-presentacio\/"]}]},{"@type":"BreadcrumbList","@id":"https:\/\/visualdrums.com\/ca\/videos-presentacio\/#breadcrumb","itemListElement":[{"@type":"ListItem","position":1,"name":"Portada","item":"https:\/\/visualdrums.com\/ca\/"},{"@type":"ListItem","position":2,"name":"V\u00eddeos de presentaci\u00f3"}]},{"@type":"WebSite","@id":"https:\/\/visualdrums.com\/ca\/#website","url":"https:\/\/visualdrums.com\/ca\/","name":"Visual Drums","description":"by NEO M","publisher":{"@id":"https:\/\/visualdrums.com\/ca\/#organization"},"potentialAction":[{"@type":"SearchAction","target":{"@type":"EntryPoint","urlTemplate":"https:\/\/visualdrums.com\/ca\/?s={search_term_string}"},"query-input":{"@type":"PropertyValueSpecification","valueRequired":true,"valueName":"search_term_string"}}],"inLanguage":"ca"},{"@type":"Organization","@id":"https:\/\/visualdrums.com\/ca\/#organization","name":"Visual Drums","url":"https:\/\/visualdrums.com\/ca\/","logo":{"@type":"ImageObject","inLanguage":"ca","@id":"https:\/\/visualdrums.com\/ca\/#\/schema\/logo\/image\/","url":"https:\/\/visualdrums.com\/main\/wp-content\/uploads\/2021\/03\/favicon.png","contentUrl":"https:\/\/visualdrums.com\/main\/wp-content\/uploads\/2021\/03\/favicon.png","width":512,"height":512,"caption":"Visual Drums"},"image":{"@id":"https:\/\/visualdrums.com\/ca\/#\/schema\/logo\/image\/"}}]}},"_links":{"self":[{"href":"https:\/\/visualdrums.com\/ca\/wp-json\/wp\/v2\/pages\/5446","targetHints":{"allow":["GET"]}}],"collection":[{"href":"https:\/\/visualdrums.com\/ca\/wp-json\/wp\/v2\/pages"}],"about":[{"href":"https:\/\/visualdrums.com\/ca\/wp-json\/wp\/v2\/types\/page"}],"author":[{"embeddable":true,"href":"https:\/\/visualdrums.com\/ca\/wp-json\/wp\/v2\/users\/5"}],"replies":[{"embeddable":true,"href":"https:\/\/visualdrums.com\/ca\/wp-json\/wp\/v2\/comments?post=5446"}],"version-history":[{"count":0,"href":"https:\/\/visualdrums.com\/ca\/wp-json\/wp\/v2\/pages\/5446\/revisions"}],"wp:attachment":[{"href":"https:\/\/visualdrums.com\/ca\/wp-json\/wp\/v2\/media?parent=5446"}],"curies":[{"name":"wp","href":"https:\/\/api.w.org\/{rel}","templated":true}]}}