{"id":6976,"date":"2023-09-19T12:18:14","date_gmt":"2023-09-19T12:18:14","guid":{"rendered":"https:\/\/visualdrums.com\/classes\/"},"modified":"2023-09-19T13:23:07","modified_gmt":"2023-09-19T13:23:07","slug":"classes","status":"publish","type":"page","link":"https:\/\/visualdrums.com\/ca\/classes\/","title":{"rendered":"Classes de bateria i percussi\u00f3 digital"},"content":{"rendered":"<div class=\"wp-block-image\">\n<figure class=\"aligncenter size-large is-resized\"><a href=\"https:\/\/visualdrums.com\/main\/wp-content\/uploads\/2021\/05\/4-The-Era-of-Light-1024x576.jpg\"><img loading=\"lazy\" decoding=\"async\" src=\"https:\/\/visualdrums.com\/main\/wp-content\/uploads\/2021\/05\/4-The-Era-of-Light-1024x576.jpg\" alt=\"Neo M playing on led Visual Drums in Barcelona\" class=\"wp-image-5091\" width=\"633\" height=\"356\" srcset=\"https:\/\/visualdrums.com\/main\/wp-content\/uploads\/2021\/05\/4-The-Era-of-Light-1024x576.jpg 1024w, https:\/\/visualdrums.com\/main\/wp-content\/uploads\/2021\/05\/4-The-Era-of-Light-300x169.jpg 300w, https:\/\/visualdrums.com\/main\/wp-content\/uploads\/2021\/05\/4-The-Era-of-Light-768x432.jpg 768w, https:\/\/visualdrums.com\/main\/wp-content\/uploads\/2021\/05\/4-The-Era-of-Light.jpg 1200w\" sizes=\"auto, (max-width: 633px) 100vw, 633px\" \/><\/a><\/figure>\n<\/div>\n\n\n<p><br><br><strong><strong><u>Classes particulars de bateria i percussi\u00f3 digital:<\/u><\/strong><\/strong><br><br><\/p>\n\n\n\n<ul class=\"wp-block-list\">\n<li>Tots els nivells\/estils (B\u00c0SIC &#8211; INICIAT &#8211; INTERMEDI &#8211; AVAN\u00c7AT &#8211; PROFESSIONAL).<br> <br><\/li>\n\n\n\n<li>Pr\u00e0ctica interactiva des del primer dia sobre bases i temes de m\u00fasica actual i contempor\u00e0nia. T\u00e8cnica, coordinaci\u00f3, improvisaci\u00f3, lectura\u2026 i diversi\u00f3!<br><br><\/li>\n\n\n\n<li>Classes particulars a Vallvidrera o a domicili (dins l\u2019\u00e0rea de Barcelona).<br><br><\/li>\n\n\n\n<li>Descompte del 25% per a alumnes menors de 18 anys.<br><br><\/li>\n\n\n\n<li>Per a alumnes que comencen, no cal disposar d\u2019instrument propi.<br><br><\/li>\n\n\n\n<li>M\u00c9S INFO: Envieu e-mail a <a href=\"mailto:neo@neo-m.net\">neo@neo-m.net<\/a> <br><br><\/li>\n<\/ul>\n\n\n<p><\/p>\n\n\n<p><strong><u>Refer\u00e8ncies Artista\/Professor:<\/u><\/strong><br><br><\/p>\n\n\n\n<ul class=\"wp-block-list\">\n<li>Bateria visual de la gala final d\u2019EUF\u00d2RIA 2022.<br><br><\/li>\n\n\n\n<li>M\u00e9s de 20 anys d\u2019experi\u00e8ncia professional com a m\u00fasic de directe i d\u2019estudi.<br><br><\/li>\n\n\n\n<li>Formaci\u00f3 i material acad\u00e8mic: Taller de M\u00fasics, Percussive Arts Society, Berklee College of Music (Marcelo Guebl\u00f3n, m\u00e8tode Alan Dawson\/Gary Chafee), Quim Sol\u00e9, Quicu Sams\u00f3, Pere Foved, Anton Jarl.<br><br><\/li>\n\n\n\n<li>Aplicaci\u00f3 de t\u00e8cnica de Jazz i Rock, rudiments internacionals, Moeller technique, stickings i fraseig lineal a la m\u00fasica moderna i electr\u00f2nica.<br><br><\/li>\n\n\n\n<li>M\u00e9s informaci\u00f3: <a href=\"https:\/\/visualdrums.com\/ca\/neo-m\/\">www.visualdrums.com\/neo-m<\/a><br><br><br><br><br><\/li>\n<\/ul>\n\n\n\n<p><\/p>\n\n\n<p><\/p>","protected":false},"excerpt":{"rendered":"<p>Classes particulars de bateria i percussi\u00f3 digital: Refer\u00e8ncies Artista\/Professor:<\/p>\n","protected":false},"author":5,"featured_media":0,"parent":0,"menu_order":0,"comment_status":"closed","ping_status":"closed","template":"","meta":{"footnotes":""},"class_list":["post-6976","page","type-page","status-publish","hentry"],"yoast_head":"<!-- This site is optimized with the Yoast SEO plugin v27.1.1 - https:\/\/yoast.com\/product\/yoast-seo-wordpress\/ -->\n<title>Classes de bateria i percussi\u00f3 digital | Visual Drums<\/title>\n<meta name=\"description\" content=\"Tota la informaci\u00f3 sobre Classes de bateria i percussi\u00f3 digital. Descobreix el show amb bateria visual de Neo M Visual Drums.\" \/>\n<meta name=\"robots\" content=\"index, follow, max-snippet:-1, max-image-preview:large, max-video-preview:-1\" \/>\n<link rel=\"canonical\" href=\"https:\/\/visualdrums.com\/ca\/classes\/\" \/>\n<meta property=\"og:locale\" content=\"ca_ES\" \/>\n<meta property=\"og:type\" content=\"article\" \/>\n<meta property=\"og:title\" content=\"Classes de bateria i percussi\u00f3 digital | Visual Drums\" \/>\n<meta property=\"og:description\" content=\"Tota la informaci\u00f3 sobre Classes de bateria i percussi\u00f3 digital. Descobreix el show amb bateria visual de Neo M Visual Drums.\" \/>\n<meta property=\"og:url\" content=\"https:\/\/visualdrums.com\/ca\/classes\/\" \/>\n<meta property=\"og:site_name\" content=\"Visual Drums\" \/>\n<meta property=\"article:modified_time\" content=\"2023-09-19T13:23:07+00:00\" \/>\n<meta property=\"og:image\" content=\"https:\/\/visualdrums.com\/main\/wp-content\/uploads\/2021\/05\/4-The-Era-of-Light-1024x576.jpg\" \/>\n<meta name=\"twitter:card\" content=\"summary_large_image\" \/>\n<meta name=\"twitter:label1\" content=\"Temps estimat de lectura\" \/>\n\t<meta name=\"twitter:data1\" content=\"1 minut\" \/>\n<script type=\"application\/ld+json\" class=\"yoast-schema-graph\">{\"@context\":\"https:\/\/schema.org\",\"@graph\":[{\"@type\":\"WebPage\",\"@id\":\"https:\/\/visualdrums.com\/ca\/classes\/\",\"url\":\"https:\/\/visualdrums.com\/ca\/classes\/\",\"name\":\"Classes de bateria i percussi\u00f3 digital | Visual Drums\",\"isPartOf\":{\"@id\":\"https:\/\/visualdrums.com\/ca\/#website\"},\"primaryImageOfPage\":{\"@id\":\"https:\/\/visualdrums.com\/ca\/classes\/#primaryimage\"},\"image\":{\"@id\":\"https:\/\/visualdrums.com\/ca\/classes\/#primaryimage\"},\"thumbnailUrl\":\"https:\/\/visualdrums.com\/main\/wp-content\/uploads\/2021\/05\/4-The-Era-of-Light-1024x576.jpg\",\"datePublished\":\"2023-09-19T12:18:14+00:00\",\"dateModified\":\"2023-09-19T13:23:07+00:00\",\"description\":\"Tota la informaci\u00f3 sobre Classes de bateria i percussi\u00f3 digital. Descobreix el show amb bateria visual de Neo M Visual Drums.\",\"breadcrumb\":{\"@id\":\"https:\/\/visualdrums.com\/ca\/classes\/#breadcrumb\"},\"inLanguage\":\"ca\",\"potentialAction\":[{\"@type\":\"ReadAction\",\"target\":[\"https:\/\/visualdrums.com\/ca\/classes\/\"]}]},{\"@type\":\"ImageObject\",\"inLanguage\":\"ca\",\"@id\":\"https:\/\/visualdrums.com\/ca\/classes\/#primaryimage\",\"url\":\"https:\/\/visualdrums.com\/main\/wp-content\/uploads\/2021\/05\/4-The-Era-of-Light-1024x576.jpg\",\"contentUrl\":\"https:\/\/visualdrums.com\/main\/wp-content\/uploads\/2021\/05\/4-The-Era-of-Light-1024x576.jpg\"},{\"@type\":\"BreadcrumbList\",\"@id\":\"https:\/\/visualdrums.com\/ca\/classes\/#breadcrumb\",\"itemListElement\":[{\"@type\":\"ListItem\",\"position\":1,\"name\":\"Portada\",\"item\":\"https:\/\/visualdrums.com\/ca\/\"},{\"@type\":\"ListItem\",\"position\":2,\"name\":\"Classes de bateria i percussi\u00f3 digital\"}]},{\"@type\":\"WebSite\",\"@id\":\"https:\/\/visualdrums.com\/ca\/#website\",\"url\":\"https:\/\/visualdrums.com\/ca\/\",\"name\":\"Visual Drums\",\"description\":\"by NEO M\",\"publisher\":{\"@id\":\"https:\/\/visualdrums.com\/ca\/#organization\"},\"potentialAction\":[{\"@type\":\"SearchAction\",\"target\":{\"@type\":\"EntryPoint\",\"urlTemplate\":\"https:\/\/visualdrums.com\/ca\/?s={search_term_string}\"},\"query-input\":{\"@type\":\"PropertyValueSpecification\",\"valueRequired\":true,\"valueName\":\"search_term_string\"}}],\"inLanguage\":\"ca\"},{\"@type\":\"Organization\",\"@id\":\"https:\/\/visualdrums.com\/ca\/#organization\",\"name\":\"Visual Drums\",\"url\":\"https:\/\/visualdrums.com\/ca\/\",\"logo\":{\"@type\":\"ImageObject\",\"inLanguage\":\"ca\",\"@id\":\"https:\/\/visualdrums.com\/ca\/#\/schema\/logo\/image\/\",\"url\":\"https:\/\/visualdrums.com\/main\/wp-content\/uploads\/2021\/03\/favicon.png\",\"contentUrl\":\"https:\/\/visualdrums.com\/main\/wp-content\/uploads\/2021\/03\/favicon.png\",\"width\":512,\"height\":512,\"caption\":\"Visual Drums\"},\"image\":{\"@id\":\"https:\/\/visualdrums.com\/ca\/#\/schema\/logo\/image\/\"}}]}<\/script>\n<!-- \/ Yoast SEO plugin. -->","yoast_head_json":{"title":"Classes de bateria i percussi\u00f3 digital | Visual Drums","description":"Tota la informaci\u00f3 sobre Classes de bateria i percussi\u00f3 digital. Descobreix el show amb bateria visual de Neo M Visual Drums.","robots":{"index":"index","follow":"follow","max-snippet":"max-snippet:-1","max-image-preview":"max-image-preview:large","max-video-preview":"max-video-preview:-1"},"canonical":"https:\/\/visualdrums.com\/ca\/classes\/","og_locale":"ca_ES","og_type":"article","og_title":"Classes de bateria i percussi\u00f3 digital | Visual Drums","og_description":"Tota la informaci\u00f3 sobre Classes de bateria i percussi\u00f3 digital. Descobreix el show amb bateria visual de Neo M Visual Drums.","og_url":"https:\/\/visualdrums.com\/ca\/classes\/","og_site_name":"Visual Drums","article_modified_time":"2023-09-19T13:23:07+00:00","og_image":[{"url":"https:\/\/visualdrums.com\/main\/wp-content\/uploads\/2021\/05\/4-The-Era-of-Light-1024x576.jpg","type":"","width":"","height":""}],"twitter_card":"summary_large_image","twitter_misc":{"Temps estimat de lectura":"1 minut"},"schema":{"@context":"https:\/\/schema.org","@graph":[{"@type":"WebPage","@id":"https:\/\/visualdrums.com\/ca\/classes\/","url":"https:\/\/visualdrums.com\/ca\/classes\/","name":"Classes de bateria i percussi\u00f3 digital | Visual Drums","isPartOf":{"@id":"https:\/\/visualdrums.com\/ca\/#website"},"primaryImageOfPage":{"@id":"https:\/\/visualdrums.com\/ca\/classes\/#primaryimage"},"image":{"@id":"https:\/\/visualdrums.com\/ca\/classes\/#primaryimage"},"thumbnailUrl":"https:\/\/visualdrums.com\/main\/wp-content\/uploads\/2021\/05\/4-The-Era-of-Light-1024x576.jpg","datePublished":"2023-09-19T12:18:14+00:00","dateModified":"2023-09-19T13:23:07+00:00","description":"Tota la informaci\u00f3 sobre Classes de bateria i percussi\u00f3 digital. Descobreix el show amb bateria visual de Neo M Visual Drums.","breadcrumb":{"@id":"https:\/\/visualdrums.com\/ca\/classes\/#breadcrumb"},"inLanguage":"ca","potentialAction":[{"@type":"ReadAction","target":["https:\/\/visualdrums.com\/ca\/classes\/"]}]},{"@type":"ImageObject","inLanguage":"ca","@id":"https:\/\/visualdrums.com\/ca\/classes\/#primaryimage","url":"https:\/\/visualdrums.com\/main\/wp-content\/uploads\/2021\/05\/4-The-Era-of-Light-1024x576.jpg","contentUrl":"https:\/\/visualdrums.com\/main\/wp-content\/uploads\/2021\/05\/4-The-Era-of-Light-1024x576.jpg"},{"@type":"BreadcrumbList","@id":"https:\/\/visualdrums.com\/ca\/classes\/#breadcrumb","itemListElement":[{"@type":"ListItem","position":1,"name":"Portada","item":"https:\/\/visualdrums.com\/ca\/"},{"@type":"ListItem","position":2,"name":"Classes de bateria i percussi\u00f3 digital"}]},{"@type":"WebSite","@id":"https:\/\/visualdrums.com\/ca\/#website","url":"https:\/\/visualdrums.com\/ca\/","name":"Visual Drums","description":"by NEO M","publisher":{"@id":"https:\/\/visualdrums.com\/ca\/#organization"},"potentialAction":[{"@type":"SearchAction","target":{"@type":"EntryPoint","urlTemplate":"https:\/\/visualdrums.com\/ca\/?s={search_term_string}"},"query-input":{"@type":"PropertyValueSpecification","valueRequired":true,"valueName":"search_term_string"}}],"inLanguage":"ca"},{"@type":"Organization","@id":"https:\/\/visualdrums.com\/ca\/#organization","name":"Visual Drums","url":"https:\/\/visualdrums.com\/ca\/","logo":{"@type":"ImageObject","inLanguage":"ca","@id":"https:\/\/visualdrums.com\/ca\/#\/schema\/logo\/image\/","url":"https:\/\/visualdrums.com\/main\/wp-content\/uploads\/2021\/03\/favicon.png","contentUrl":"https:\/\/visualdrums.com\/main\/wp-content\/uploads\/2021\/03\/favicon.png","width":512,"height":512,"caption":"Visual Drums"},"image":{"@id":"https:\/\/visualdrums.com\/ca\/#\/schema\/logo\/image\/"}}]}},"_links":{"self":[{"href":"https:\/\/visualdrums.com\/ca\/wp-json\/wp\/v2\/pages\/6976","targetHints":{"allow":["GET"]}}],"collection":[{"href":"https:\/\/visualdrums.com\/ca\/wp-json\/wp\/v2\/pages"}],"about":[{"href":"https:\/\/visualdrums.com\/ca\/wp-json\/wp\/v2\/types\/page"}],"author":[{"embeddable":true,"href":"https:\/\/visualdrums.com\/ca\/wp-json\/wp\/v2\/users\/5"}],"replies":[{"embeddable":true,"href":"https:\/\/visualdrums.com\/ca\/wp-json\/wp\/v2\/comments?post=6976"}],"version-history":[{"count":2,"href":"https:\/\/visualdrums.com\/ca\/wp-json\/wp\/v2\/pages\/6976\/revisions"}],"predecessor-version":[{"id":6984,"href":"https:\/\/visualdrums.com\/ca\/wp-json\/wp\/v2\/pages\/6976\/revisions\/6984"}],"wp:attachment":[{"href":"https:\/\/visualdrums.com\/ca\/wp-json\/wp\/v2\/media?parent=6976"}],"curies":[{"name":"wp","href":"https:\/\/api.w.org\/{rel}","templated":true}]}}