{"id":6987,"date":"2023-10-13T18:10:28","date_gmt":"2023-10-13T18:10:28","guid":{"rendered":"https:\/\/visualdrums.com\/?page_id=6987"},"modified":"2023-10-16T11:12:40","modified_gmt":"2023-10-16T11:12:40","slug":"subscripcions","status":"publish","type":"page","link":"https:\/\/visualdrums.com\/ca\/subscripcions\/","title":{"rendered":"Subscripcions"},"content":{"rendered":"<p>[vc_row iron_row_type=&#8221;in_container&#8221; iron_remove_padding_medium=&#8221;&#8221; iron_remove_padding_small=&#8221;&#8221; iron_overlay_pattern=&#8221;&#8221; iron_parallax=&#8221;&#8221; iron_bg_video=&#8221;&#8221;][vc_column][vc_column_text]<\/p>\r\n<p>A trav\u00e9s del perfil de Visual Drums a la plataforma Aixeta.cat, pots donar suport al projecte amb la teva subscripci\u00f3. Hi trobar\u00e0s diferents modalitats (a partir de 3\u20ac) que et donaran acc\u00e9s a material exclusiu, avantatges i descomptes, i molt m\u00e9s.<\/p>\r\n<p>Descobreix-ho clicant aquest enlla\u00e7:<\/p>\r\n<p>[\/vc_column_text][\/vc_column][\/vc_row][vc_row iron_row_type=&#8221;in_container&#8221; iron_remove_padding_medium=&#8221;&#8221; iron_remove_padding_small=&#8221;&#8221; iron_overlay_pattern=&#8221;&#8221; iron_parallax=&#8221;&#8221; iron_bg_video=&#8221;&#8221;][vc_column][vc_empty_space height=&#8221;10&#8243;]\r\n\t<a target=\"_blank\" data-hoverbg=\"\" data-hoverborder=\"\" data-hovertext=\"\"  class=\"button-widget center\" href=\"https:\/\/visualdrums.aixeta.cat\/ca\/subscriptions\" style=\"border-width:1px; border-radius:0px; border-color:; background-color:#ce022a; color:#ffffff\">SUBSCRIPCIONS<\/a><div class=\"clear\"><\/div>[vc_empty_space height=&#8221;5&#8243;][\/vc_column][\/vc_row][vc_row iron_row_type=&#8221;in_container&#8221; iron_remove_padding_medium=&#8221;&#8221; iron_remove_padding_small=&#8221;&#8221; iron_overlay_pattern=&#8221;&#8221; iron_parallax=&#8221;&#8221; iron_bg_video=&#8221;&#8221;][vc_column][vc_column_text]<\/p>\r\n<p>&nbsp;<\/p>\r\n<div class=\"wp-block-image is-style-rounded\">\r\n<figure class=\"aligncenter size-full\"><a href=\"https:\/\/visualdrums.aixeta.cat\/ca\/subscriptions\" target=\"_blank\" rel=\"noopener\"><img loading=\"lazy\" decoding=\"async\" class=\"alignnone wp-image-7040 size-full\" src=\"https:\/\/visualdrums.com\/main\/wp-content\/uploads\/2023\/10\/Visual-Drums-Aixeta-1.jpg\" alt=\"\" width=\"832\" height=\"277\" srcset=\"https:\/\/visualdrums.com\/main\/wp-content\/uploads\/2023\/10\/Visual-Drums-Aixeta-1.jpg 832w, https:\/\/visualdrums.com\/main\/wp-content\/uploads\/2023\/10\/Visual-Drums-Aixeta-1-300x100.jpg 300w, https:\/\/visualdrums.com\/main\/wp-content\/uploads\/2023\/10\/Visual-Drums-Aixeta-1-768x256.jpg 768w\" sizes=\"auto, (max-width: 832px) 100vw, 832px\" \/><\/a><\/figure>\r\n<p><\/div>[\/vc_column_text][\/vc_column][\/vc_row][vc_row iron_row_type=&#8221;in_container&#8221; iron_remove_padding_medium=&#8221;&#8221; iron_remove_padding_small=&#8221;&#8221; iron_overlay_pattern=&#8221;&#8221; iron_parallax=&#8221;&#8221; iron_bg_video=&#8221;&#8221;][vc_column][vc_column_text]<\/p>\r\n<p>Per qualsevol q\u00fcesti\u00f3 sobre les subscripcions, envieu un e-mail a <a href=\"mailto:info@visualdrums.com\">info@visualdrums.com<\/a> i us respondrem el m\u00e9s aviat possible.<\/p>\r\n<p>[\/vc_column_text][vc_column_text]<\/p>\r\n<p>Visual Drums compta actualment amb el suport inestimable d&#8217;aquests patrocinadors i mecenes:<\/p>\r\n<p>[\/vc_column_text][\/vc_column][\/vc_row][vc_row iron_row_type=&#8221;in_container&#8221; iron_remove_padding_medium=&#8221;&#8221; iron_remove_padding_small=&#8221;&#8221; iron_overlay_pattern=&#8221;&#8221; iron_parallax=&#8221;&#8221; iron_bg_video=&#8221;&#8221;][vc_column width=&#8221;1\/2&#8243;][vc_column_text]<\/p>\r\n<p>Montserrat Arnan Castells<\/p>\r\n<p>Mundo Bellota<\/p>\r\n<p>[\/vc_column_text][\/vc_column][vc_column width=&#8221;1\/2&#8243;][vc_column_text]<\/p>\r\n<p>N\u00faria Arnan Castells<\/p>\r\n<p>David Blanco Aranda<\/p>\r\n<p>[\/vc_column_text][\/vc_column][\/vc_row]<\/p>","protected":false},"excerpt":{"rendered":"<p>[vc_row iron_row_type=&#8221;in_container&#8221; iron_remove_padding_medium=&#8221;&#8221; iron_remove_padding_small=&#8221;&#8221; iron_overlay_pattern=&#8221;&#8221; iron_parallax=&#8221;&#8221; iron_bg_video=&#8221;&#8221;][vc_column][vc_column_text] A trav\u00e9s del perfil de Visual Drums a la plataforma Aixeta.cat, pots donar [&hellip;]<\/p>\n","protected":false},"author":5,"featured_media":0,"parent":0,"menu_order":0,"comment_status":"closed","ping_status":"closed","template":"","meta":{"footnotes":""},"class_list":["post-6987","page","type-page","status-publish","hentry"],"yoast_head":"<!-- This site is optimized with the Yoast SEO plugin v27.1.1 - https:\/\/yoast.com\/product\/yoast-seo-wordpress\/ -->\n<title>Subscripcions | Visual Drums<\/title>\n<meta name=\"description\" content=\"Tota la informaci\u00f3 sobre Subscripcions. Descobreix el show amb bateria visual de Neo M Visual Drums.\" \/>\n<meta name=\"robots\" content=\"index, follow, max-snippet:-1, max-image-preview:large, max-video-preview:-1\" \/>\n<link rel=\"canonical\" href=\"https:\/\/visualdrums.com\/ca\/subscripcions\/\" \/>\n<meta property=\"og:locale\" content=\"ca_ES\" \/>\n<meta property=\"og:type\" content=\"article\" \/>\n<meta property=\"og:title\" content=\"Subscripcions | Visual Drums\" \/>\n<meta property=\"og:description\" content=\"Tota la informaci\u00f3 sobre Subscripcions. Descobreix el show amb bateria visual de Neo M Visual Drums.\" \/>\n<meta property=\"og:url\" content=\"https:\/\/visualdrums.com\/ca\/subscripcions\/\" \/>\n<meta property=\"og:site_name\" content=\"Visual Drums\" \/>\n<meta property=\"article:modified_time\" content=\"2023-10-16T11:12:40+00:00\" \/>\n<meta property=\"og:image\" content=\"https:\/\/visualdrums.com\/main\/wp-content\/uploads\/2023\/10\/Visual-Drums-Aixeta-1.jpg\" \/>\n<meta name=\"twitter:card\" content=\"summary_large_image\" \/>\n<meta name=\"twitter:label1\" content=\"Temps estimat de lectura\" \/>\n\t<meta name=\"twitter:data1\" content=\"2 minuts\" \/>\n<script type=\"application\/ld+json\" class=\"yoast-schema-graph\">{\"@context\":\"https:\/\/schema.org\",\"@graph\":[{\"@type\":\"WebPage\",\"@id\":\"https:\/\/visualdrums.com\/ca\/subscripcions\/\",\"url\":\"https:\/\/visualdrums.com\/ca\/subscripcions\/\",\"name\":\"Subscripcions | Visual Drums\",\"isPartOf\":{\"@id\":\"https:\/\/visualdrums.com\/ca\/#website\"},\"primaryImageOfPage\":{\"@id\":\"https:\/\/visualdrums.com\/ca\/subscripcions\/#primaryimage\"},\"image\":{\"@id\":\"https:\/\/visualdrums.com\/ca\/subscripcions\/#primaryimage\"},\"thumbnailUrl\":\"https:\/\/visualdrums.com\/main\/wp-content\/uploads\/2023\/10\/Visual-Drums-Aixeta-1.jpg\",\"datePublished\":\"2023-10-13T18:10:28+00:00\",\"dateModified\":\"2023-10-16T11:12:40+00:00\",\"description\":\"Tota la informaci\u00f3 sobre Subscripcions. Descobreix el show amb bateria visual de Neo M Visual Drums.\",\"breadcrumb\":{\"@id\":\"https:\/\/visualdrums.com\/ca\/subscripcions\/#breadcrumb\"},\"inLanguage\":\"ca\",\"potentialAction\":[{\"@type\":\"ReadAction\",\"target\":[\"https:\/\/visualdrums.com\/ca\/subscripcions\/\"]}]},{\"@type\":\"ImageObject\",\"inLanguage\":\"ca\",\"@id\":\"https:\/\/visualdrums.com\/ca\/subscripcions\/#primaryimage\",\"url\":\"https:\/\/visualdrums.com\/main\/wp-content\/uploads\/2023\/10\/Visual-Drums-Aixeta-1.jpg\",\"contentUrl\":\"https:\/\/visualdrums.com\/main\/wp-content\/uploads\/2023\/10\/Visual-Drums-Aixeta-1.jpg\"},{\"@type\":\"BreadcrumbList\",\"@id\":\"https:\/\/visualdrums.com\/ca\/subscripcions\/#breadcrumb\",\"itemListElement\":[{\"@type\":\"ListItem\",\"position\":1,\"name\":\"Portada\",\"item\":\"https:\/\/visualdrums.com\/ca\/\"},{\"@type\":\"ListItem\",\"position\":2,\"name\":\"Subscripcions\"}]},{\"@type\":\"WebSite\",\"@id\":\"https:\/\/visualdrums.com\/ca\/#website\",\"url\":\"https:\/\/visualdrums.com\/ca\/\",\"name\":\"Visual Drums\",\"description\":\"by NEO M\",\"publisher\":{\"@id\":\"https:\/\/visualdrums.com\/ca\/#organization\"},\"potentialAction\":[{\"@type\":\"SearchAction\",\"target\":{\"@type\":\"EntryPoint\",\"urlTemplate\":\"https:\/\/visualdrums.com\/ca\/?s={search_term_string}\"},\"query-input\":{\"@type\":\"PropertyValueSpecification\",\"valueRequired\":true,\"valueName\":\"search_term_string\"}}],\"inLanguage\":\"ca\"},{\"@type\":\"Organization\",\"@id\":\"https:\/\/visualdrums.com\/ca\/#organization\",\"name\":\"Visual Drums\",\"url\":\"https:\/\/visualdrums.com\/ca\/\",\"logo\":{\"@type\":\"ImageObject\",\"inLanguage\":\"ca\",\"@id\":\"https:\/\/visualdrums.com\/ca\/#\/schema\/logo\/image\/\",\"url\":\"https:\/\/visualdrums.com\/main\/wp-content\/uploads\/2021\/03\/favicon.png\",\"contentUrl\":\"https:\/\/visualdrums.com\/main\/wp-content\/uploads\/2021\/03\/favicon.png\",\"width\":512,\"height\":512,\"caption\":\"Visual Drums\"},\"image\":{\"@id\":\"https:\/\/visualdrums.com\/ca\/#\/schema\/logo\/image\/\"}}]}<\/script>\n<!-- \/ Yoast SEO plugin. -->","yoast_head_json":{"title":"Subscripcions | Visual Drums","description":"Tota la informaci\u00f3 sobre Subscripcions. Descobreix el show amb bateria visual de Neo M Visual Drums.","robots":{"index":"index","follow":"follow","max-snippet":"max-snippet:-1","max-image-preview":"max-image-preview:large","max-video-preview":"max-video-preview:-1"},"canonical":"https:\/\/visualdrums.com\/ca\/subscripcions\/","og_locale":"ca_ES","og_type":"article","og_title":"Subscripcions | Visual Drums","og_description":"Tota la informaci\u00f3 sobre Subscripcions. Descobreix el show amb bateria visual de Neo M Visual Drums.","og_url":"https:\/\/visualdrums.com\/ca\/subscripcions\/","og_site_name":"Visual Drums","article_modified_time":"2023-10-16T11:12:40+00:00","og_image":[{"url":"https:\/\/visualdrums.com\/main\/wp-content\/uploads\/2023\/10\/Visual-Drums-Aixeta-1.jpg","type":"","width":"","height":""}],"twitter_card":"summary_large_image","twitter_misc":{"Temps estimat de lectura":"2 minuts"},"schema":{"@context":"https:\/\/schema.org","@graph":[{"@type":"WebPage","@id":"https:\/\/visualdrums.com\/ca\/subscripcions\/","url":"https:\/\/visualdrums.com\/ca\/subscripcions\/","name":"Subscripcions | Visual Drums","isPartOf":{"@id":"https:\/\/visualdrums.com\/ca\/#website"},"primaryImageOfPage":{"@id":"https:\/\/visualdrums.com\/ca\/subscripcions\/#primaryimage"},"image":{"@id":"https:\/\/visualdrums.com\/ca\/subscripcions\/#primaryimage"},"thumbnailUrl":"https:\/\/visualdrums.com\/main\/wp-content\/uploads\/2023\/10\/Visual-Drums-Aixeta-1.jpg","datePublished":"2023-10-13T18:10:28+00:00","dateModified":"2023-10-16T11:12:40+00:00","description":"Tota la informaci\u00f3 sobre Subscripcions. Descobreix el show amb bateria visual de Neo M Visual Drums.","breadcrumb":{"@id":"https:\/\/visualdrums.com\/ca\/subscripcions\/#breadcrumb"},"inLanguage":"ca","potentialAction":[{"@type":"ReadAction","target":["https:\/\/visualdrums.com\/ca\/subscripcions\/"]}]},{"@type":"ImageObject","inLanguage":"ca","@id":"https:\/\/visualdrums.com\/ca\/subscripcions\/#primaryimage","url":"https:\/\/visualdrums.com\/main\/wp-content\/uploads\/2023\/10\/Visual-Drums-Aixeta-1.jpg","contentUrl":"https:\/\/visualdrums.com\/main\/wp-content\/uploads\/2023\/10\/Visual-Drums-Aixeta-1.jpg"},{"@type":"BreadcrumbList","@id":"https:\/\/visualdrums.com\/ca\/subscripcions\/#breadcrumb","itemListElement":[{"@type":"ListItem","position":1,"name":"Portada","item":"https:\/\/visualdrums.com\/ca\/"},{"@type":"ListItem","position":2,"name":"Subscripcions"}]},{"@type":"WebSite","@id":"https:\/\/visualdrums.com\/ca\/#website","url":"https:\/\/visualdrums.com\/ca\/","name":"Visual Drums","description":"by NEO M","publisher":{"@id":"https:\/\/visualdrums.com\/ca\/#organization"},"potentialAction":[{"@type":"SearchAction","target":{"@type":"EntryPoint","urlTemplate":"https:\/\/visualdrums.com\/ca\/?s={search_term_string}"},"query-input":{"@type":"PropertyValueSpecification","valueRequired":true,"valueName":"search_term_string"}}],"inLanguage":"ca"},{"@type":"Organization","@id":"https:\/\/visualdrums.com\/ca\/#organization","name":"Visual Drums","url":"https:\/\/visualdrums.com\/ca\/","logo":{"@type":"ImageObject","inLanguage":"ca","@id":"https:\/\/visualdrums.com\/ca\/#\/schema\/logo\/image\/","url":"https:\/\/visualdrums.com\/main\/wp-content\/uploads\/2021\/03\/favicon.png","contentUrl":"https:\/\/visualdrums.com\/main\/wp-content\/uploads\/2021\/03\/favicon.png","width":512,"height":512,"caption":"Visual Drums"},"image":{"@id":"https:\/\/visualdrums.com\/ca\/#\/schema\/logo\/image\/"}}]}},"_links":{"self":[{"href":"https:\/\/visualdrums.com\/ca\/wp-json\/wp\/v2\/pages\/6987","targetHints":{"allow":["GET"]}}],"collection":[{"href":"https:\/\/visualdrums.com\/ca\/wp-json\/wp\/v2\/pages"}],"about":[{"href":"https:\/\/visualdrums.com\/ca\/wp-json\/wp\/v2\/types\/page"}],"author":[{"embeddable":true,"href":"https:\/\/visualdrums.com\/ca\/wp-json\/wp\/v2\/users\/5"}],"replies":[{"embeddable":true,"href":"https:\/\/visualdrums.com\/ca\/wp-json\/wp\/v2\/comments?post=6987"}],"version-history":[{"count":31,"href":"https:\/\/visualdrums.com\/ca\/wp-json\/wp\/v2\/pages\/6987\/revisions"}],"predecessor-version":[{"id":7059,"href":"https:\/\/visualdrums.com\/ca\/wp-json\/wp\/v2\/pages\/6987\/revisions\/7059"}],"wp:attachment":[{"href":"https:\/\/visualdrums.com\/ca\/wp-json\/wp\/v2\/media?parent=6987"}],"curies":[{"name":"wp","href":"https:\/\/api.w.org\/{rel}","templated":true}]}}