{"id":2077,"date":"2021-03-04T22:26:25","date_gmt":"2021-03-04T22:26:25","guid":{"rendered":"https:\/\/visualdrums.com\/main\/?page_id=2077"},"modified":"2021-06-14T11:50:43","modified_gmt":"2021-06-14T11:50:43","slug":"politica-de-privacidad","status":"publish","type":"page","link":"https:\/\/visualdrums.com\/es\/politica-de-privacidad\/","title":{"rendered":"Pol\u00edtica de privacidad"},"content":{"rendered":"<p>[vc_row iron_row_type=\u00bbin_container\u00bb iron_remove_padding_medium=\u00bb\u00bb iron_remove_padding_small=\u00bb\u00bb iron_overlay_pattern=\u00bb\u00bb iron_parallax=\u00bb\u00bb iron_bg_video=\u00bb\u00bb][vc_column][vc_column_text]<\/p>\r\n<p><strong><em>1. INFORMACI\u00d3N GENERAL<\/em><\/strong><br>\r\nDando cumplimiento al art\u00edculo 10 de la Ley 34\/2002, de 11 de julio, de servicios de la sociedad de la informaci\u00f3n y de comercio electr\u00f3nico, se informa al usuario que el dominio www.visualdrums.com\/ es propiedad de la empresa VISUAL DRUMS, cuyos datos constan referidos a continuaci\u00f3n:<\/p>\r\n<p>\u00a0\u00a01. Denominaci\u00f3n Social: VISUAL DRUMS de Neo M Artist.<br \/>\u00a0\u00a02. Contacto: Para cualquier consulta pueden ustedes ponerse en contacto mediante la direcci\u00f3n mail facilitada en la presente web como contacto.<\/p>\r\n<p><strong><em>2. OBLIGACIONES DEL USUARIO Y CONDICIONES DE ACCESO<\/em><\/strong><br>\r\nEl usuario se compromete a hacer un uso adecuado de los contenidos y servicios de la presente p\u00e1gina Web, de conformidad con la legislaci\u00f3n vigente y presentes condiciones generales.<\/p>\r\n<p>VISUAL DRUMS podr\u00e1 modificar en cualquier momento y sin necesidad de previo aviso los contenidos de la presente Web, sin que le sea imputable por ello responsabilidad alguna.<\/p>\r\n<p>VISUAL DRUMS no responder\u00e1 de los da\u00f1os inform\u00e1ticos que pudieran derivarse el usuario a consecuencia del uso de la presente Web y navegaci\u00f3n a trav\u00e9s de la misma, en especial a) interferencias, interrupciones, fallos, omisiones, aver\u00edas telef\u00f3nicas, retrasos, bloqueos o desconexiones en el funcionamiento del sistema electr\u00f3nico, motivadas por deficiencias, sobrecargas y errores en las l\u00edneas y redes de telecomunicaciones, o por cualquier otra causa ajena a VISUAL DRUMS; b) intromisiones ileg\u00edtimas mediante el uso de programas malignos de cualquier tipo y a trav\u00e9s de cualquier medio de comunicaci\u00f3n, tales como virus inform\u00e1ticos o cualesquiera otros; c) uso indebido o inadecuado de la p\u00e1gina Web; d) errores de seguridad o navegaci\u00f3n producidos por un mal funcionamiento del navegador o por el uso de versiones no actualizadas del mismo.<\/p>\r\n<p><strong><em>3. PROPIEDAD INTELECTUAL E INDUSTRIAL<\/em><\/strong><br>\r\nLos contenidos y signos distintivos de la presente Web est\u00e1n sujetos a derechos de propiedad industrial e intelectual titularidad de VISUAL DRUMS y de terceros, quedando expresamente prohibida su alteraci\u00f3n, modificaci\u00f3n, explotaci\u00f3n o reproducci\u00f3n, distribuci\u00f3n, comunicaci\u00f3n p\u00fablica sin la autorizaci\u00f3n del titular\/es del derecho.<\/p>\r\n<p>El usuario se compromete a utilizar los contenidos y\/o elementos a los que acceda a trav\u00e9s del Sitio Web para su propio uso y necesidades, y a no realizar en ning\u00fan caso una explotaci\u00f3n comercial, directa o indirecta de los mismos.<\/p>\r\n<p><strong><em>4. ENLACES<\/em><\/strong><br>\r\nQueda totalmente prohibido establecer enlaces o links con la presente p\u00e1gina Web sin el previo consentimiento expreso de VISUAL DRUMS. Dicho consentimiento, en cualquier caso, no supondr\u00e1 relaci\u00f3n contractual alguna, eximi\u00e9ndose VISUAL DRUMS de responsabilidades derivadas del uso y\/o contenido de p\u00e1gina Web enlazada de titularidad ajena.<\/p>\r\n<p><strong><em>5. POL\u00cdTICA DE PRIVACIDAD<\/em><\/strong><br>\r\nDe conformidad con la Ley Org\u00e1nica 15\/1999, de 13 de diciembre, de Protecci\u00f3n de Datos de Car\u00e1cter Personal (LOPD), se informa al usuario de que los datos personales enviados de forma voluntaria a nuestra empresa o a nuestros empleados mediante correo electr\u00f3nico, ser\u00e1n incluidos en los ficheros titularidad de VISUAL DRUMS. El titular de los ficheros se compromete a tratar los datos recibidos con absoluta confidencialidad, adoptando las medidas necesarias para evitar su alteraci\u00f3n, p\u00e9rdida, tratamiento o acceso no autorizado, habida cuenta en todo momento del estado de la tecnolog\u00eda con arreglo a lo previsto en la vigente legislaci\u00f3n en materia de protecci\u00f3n de datos de car\u00e1cter personal, responsabiliz\u00e1ndose el usuario de que la veracidad de los datos facilitados. El usuario acepta que los datos personales aportados sean incorporados a los mencionados ficheros automatizados de VISUAL DRUMS., y consiente de forma expresa e inequ\u00edvoca su tratamiento destinado a poder atender su consulta o requerimiento, autorizando, a tales efectos, el env\u00edo de comunicaciones por cualquier v\u00eda, incluso mail, necesarios para prestar el servicio demandado, o en su caso, facilitar la informaci\u00f3n solicitada. El usuario o afectado podr\u00e1 ejercitar sus derechos de acceso, rectificaci\u00f3n, oposici\u00f3n y cancelaci\u00f3n, mediante escrito acompa\u00f1ado de fotocopia de D.N.I. u otro documento que acredite su identidad dirigido al titular del fichero VISUAL DRUMS.<\/p>\r\n<p><strong><em>6. LEGISLACI\u00d3N APLICABLE<\/em><\/strong><br>\r\nCon expresa renuncia de su fuero, VISUAL DRUMS y el usuario acuerdan someter cualquier desavenencia sobre la interpretaci\u00f3n, cumplimiento y validez de las presentes cl\u00e1usulas generales a la jurisdicci\u00f3n de los Juzgados y Tribunales de la ciudad de Barcelona.<\/p>\r\n<p>[\/vc_column_text][\/vc_column][\/vc_row]<\/p>","protected":false},"excerpt":{"rendered":"<p>[vc_row iron_row_type=\u00bbin_container\u00bb iron_remove_padding_medium=\u00bb\u00bb iron_remove_padding_small=\u00bb\u00bb iron_overlay_pattern=\u00bb\u00bb iron_parallax=\u00bb\u00bb iron_bg_video=\u00bb\u00bb][vc_column][vc_column_text] 1. INFORMACI\u00d3N GENERAL Dando cumplimiento al art\u00edculo 10 de la Ley 34\/2002, de [&hellip;]<\/p>\n","protected":false},"author":1,"featured_media":0,"parent":0,"menu_order":0,"comment_status":"closed","ping_status":"closed","template":"","meta":{"footnotes":""},"class_list":["post-2077","page","type-page","status-publish","hentry"],"yoast_head":"<!-- This site is optimized with the Yoast SEO plugin v27.1.1 - https:\/\/yoast.com\/product\/yoast-seo-wordpress\/ -->\n<title>Pol\u00edtica de privacidad | Visual Drums<\/title>\n<meta name=\"description\" content=\"All the information about Pol\u00edtica de privacidad. Discover the show with visual drums by Neo M music by visual drummer.\" \/>\n<meta name=\"robots\" content=\"index, follow, max-snippet:-1, max-image-preview:large, max-video-preview:-1\" \/>\n<link rel=\"canonical\" href=\"https:\/\/visualdrums.com\/es\/politica-de-privacidad\/\" \/>\n<meta property=\"og:locale\" content=\"es_ES\" \/>\n<meta property=\"og:type\" content=\"article\" \/>\n<meta property=\"og:title\" content=\"Pol\u00edtica de privacidad | Visual Drums\" \/>\n<meta property=\"og:description\" content=\"All the information about Pol\u00edtica de privacidad. Discover the show with visual drums by Neo M music by visual drummer.\" \/>\n<meta property=\"og:url\" content=\"https:\/\/visualdrums.com\/es\/politica-de-privacidad\/\" \/>\n<meta property=\"og:site_name\" content=\"Visual Drums\" \/>\n<meta property=\"article:modified_time\" content=\"2021-06-14T11:50:43+00:00\" \/>\n<meta name=\"twitter:card\" content=\"summary_large_image\" \/>\n<meta name=\"twitter:label1\" content=\"Tiempo de lectura\" \/>\n\t<meta name=\"twitter:data1\" content=\"4 minutos\" \/>\n<script type=\"application\/ld+json\" class=\"yoast-schema-graph\">{\"@context\":\"https:\/\/schema.org\",\"@graph\":[{\"@type\":\"WebPage\",\"@id\":\"https:\/\/visualdrums.com\/es\/politica-de-privacidad\/\",\"url\":\"https:\/\/visualdrums.com\/es\/politica-de-privacidad\/\",\"name\":\"Pol\u00edtica de privacidad | Visual Drums\",\"isPartOf\":{\"@id\":\"https:\/\/visualdrums.com\/es\/#website\"},\"datePublished\":\"2021-03-04T22:26:25+00:00\",\"dateModified\":\"2021-06-14T11:50:43+00:00\",\"description\":\"All the information about Pol\u00edtica de privacidad. Discover the show with visual drums by Neo M music by visual drummer.\",\"breadcrumb\":{\"@id\":\"https:\/\/visualdrums.com\/es\/politica-de-privacidad\/#breadcrumb\"},\"inLanguage\":\"es\",\"potentialAction\":[{\"@type\":\"ReadAction\",\"target\":[\"https:\/\/visualdrums.com\/es\/politica-de-privacidad\/\"]}]},{\"@type\":\"BreadcrumbList\",\"@id\":\"https:\/\/visualdrums.com\/es\/politica-de-privacidad\/#breadcrumb\",\"itemListElement\":[{\"@type\":\"ListItem\",\"position\":1,\"name\":\"Portada\",\"item\":\"https:\/\/visualdrums.com\/es\/\"},{\"@type\":\"ListItem\",\"position\":2,\"name\":\"Pol\u00edtica de privacidad\"}]},{\"@type\":\"WebSite\",\"@id\":\"https:\/\/visualdrums.com\/es\/#website\",\"url\":\"https:\/\/visualdrums.com\/es\/\",\"name\":\"Visual Drums\",\"description\":\"by NEO M\",\"publisher\":{\"@id\":\"https:\/\/visualdrums.com\/es\/#organization\"},\"potentialAction\":[{\"@type\":\"SearchAction\",\"target\":{\"@type\":\"EntryPoint\",\"urlTemplate\":\"https:\/\/visualdrums.com\/es\/?s={search_term_string}\"},\"query-input\":{\"@type\":\"PropertyValueSpecification\",\"valueRequired\":true,\"valueName\":\"search_term_string\"}}],\"inLanguage\":\"es\"},{\"@type\":\"Organization\",\"@id\":\"https:\/\/visualdrums.com\/es\/#organization\",\"name\":\"Visual Drums\",\"url\":\"https:\/\/visualdrums.com\/es\/\",\"logo\":{\"@type\":\"ImageObject\",\"inLanguage\":\"es\",\"@id\":\"https:\/\/visualdrums.com\/es\/#\/schema\/logo\/image\/\",\"url\":\"https:\/\/visualdrums.com\/main\/wp-content\/uploads\/2021\/03\/favicon.png\",\"contentUrl\":\"https:\/\/visualdrums.com\/main\/wp-content\/uploads\/2021\/03\/favicon.png\",\"width\":512,\"height\":512,\"caption\":\"Visual Drums\"},\"image\":{\"@id\":\"https:\/\/visualdrums.com\/es\/#\/schema\/logo\/image\/\"}}]}<\/script>\n<!-- \/ Yoast SEO plugin. -->","yoast_head_json":{"title":"Pol\u00edtica de privacidad | Visual Drums","description":"All the information about Pol\u00edtica de privacidad. Discover the show with visual drums by Neo M music by visual drummer.","robots":{"index":"index","follow":"follow","max-snippet":"max-snippet:-1","max-image-preview":"max-image-preview:large","max-video-preview":"max-video-preview:-1"},"canonical":"https:\/\/visualdrums.com\/es\/politica-de-privacidad\/","og_locale":"es_ES","og_type":"article","og_title":"Pol\u00edtica de privacidad | Visual Drums","og_description":"All the information about Pol\u00edtica de privacidad. Discover the show with visual drums by Neo M music by visual drummer.","og_url":"https:\/\/visualdrums.com\/es\/politica-de-privacidad\/","og_site_name":"Visual Drums","article_modified_time":"2021-06-14T11:50:43+00:00","twitter_card":"summary_large_image","twitter_misc":{"Tiempo de lectura":"4 minutos"},"schema":{"@context":"https:\/\/schema.org","@graph":[{"@type":"WebPage","@id":"https:\/\/visualdrums.com\/es\/politica-de-privacidad\/","url":"https:\/\/visualdrums.com\/es\/politica-de-privacidad\/","name":"Pol\u00edtica de privacidad | Visual Drums","isPartOf":{"@id":"https:\/\/visualdrums.com\/es\/#website"},"datePublished":"2021-03-04T22:26:25+00:00","dateModified":"2021-06-14T11:50:43+00:00","description":"All the information about Pol\u00edtica de privacidad. Discover the show with visual drums by Neo M music by visual drummer.","breadcrumb":{"@id":"https:\/\/visualdrums.com\/es\/politica-de-privacidad\/#breadcrumb"},"inLanguage":"es","potentialAction":[{"@type":"ReadAction","target":["https:\/\/visualdrums.com\/es\/politica-de-privacidad\/"]}]},{"@type":"BreadcrumbList","@id":"https:\/\/visualdrums.com\/es\/politica-de-privacidad\/#breadcrumb","itemListElement":[{"@type":"ListItem","position":1,"name":"Portada","item":"https:\/\/visualdrums.com\/es\/"},{"@type":"ListItem","position":2,"name":"Pol\u00edtica de privacidad"}]},{"@type":"WebSite","@id":"https:\/\/visualdrums.com\/es\/#website","url":"https:\/\/visualdrums.com\/es\/","name":"Visual Drums","description":"by NEO M","publisher":{"@id":"https:\/\/visualdrums.com\/es\/#organization"},"potentialAction":[{"@type":"SearchAction","target":{"@type":"EntryPoint","urlTemplate":"https:\/\/visualdrums.com\/es\/?s={search_term_string}"},"query-input":{"@type":"PropertyValueSpecification","valueRequired":true,"valueName":"search_term_string"}}],"inLanguage":"es"},{"@type":"Organization","@id":"https:\/\/visualdrums.com\/es\/#organization","name":"Visual Drums","url":"https:\/\/visualdrums.com\/es\/","logo":{"@type":"ImageObject","inLanguage":"es","@id":"https:\/\/visualdrums.com\/es\/#\/schema\/logo\/image\/","url":"https:\/\/visualdrums.com\/main\/wp-content\/uploads\/2021\/03\/favicon.png","contentUrl":"https:\/\/visualdrums.com\/main\/wp-content\/uploads\/2021\/03\/favicon.png","width":512,"height":512,"caption":"Visual Drums"},"image":{"@id":"https:\/\/visualdrums.com\/es\/#\/schema\/logo\/image\/"}}]}},"_links":{"self":[{"href":"https:\/\/visualdrums.com\/es\/wp-json\/wp\/v2\/pages\/2077","targetHints":{"allow":["GET"]}}],"collection":[{"href":"https:\/\/visualdrums.com\/es\/wp-json\/wp\/v2\/pages"}],"about":[{"href":"https:\/\/visualdrums.com\/es\/wp-json\/wp\/v2\/types\/page"}],"author":[{"embeddable":true,"href":"https:\/\/visualdrums.com\/es\/wp-json\/wp\/v2\/users\/1"}],"replies":[{"embeddable":true,"href":"https:\/\/visualdrums.com\/es\/wp-json\/wp\/v2\/comments?post=2077"}],"version-history":[{"count":0,"href":"https:\/\/visualdrums.com\/es\/wp-json\/wp\/v2\/pages\/2077\/revisions"}],"wp:attachment":[{"href":"https:\/\/visualdrums.com\/es\/wp-json\/wp\/v2\/media?parent=2077"}],"curies":[{"name":"wp","href":"https:\/\/api.w.org\/{rel}","templated":true}]}}