{"id":2302,"date":"2023-04-24T14:21:59","date_gmt":"2023-04-24T14:21:59","guid":{"rendered":"https:\/\/visualdrums.com\/quasi\/?page_id=2302"},"modified":"2023-07-06T20:59:11","modified_gmt":"2023-07-06T20:59:11","slug":"la-revolucion-de-la-musica-visual","status":"publish","type":"page","link":"https:\/\/visualdrums.com\/es\/videos\/la-revolucion-de-la-musica-visual\/","title":{"rendered":"La Revoluci\u00f3n de la M\u00fasica Visual (2010-2020)"},"content":{"rendered":"<p>[vc_row iron_row_type=\u00bbin_container\u00bb iron_remove_padding_medium=\u00bb\u00bb iron_remove_padding_small=\u00bb\u00bb iron_overlay_pattern=\u00bb\u00bb iron_parallax=\u00bb\u00bb iron_bg_video=\u00bb\u00bb][vc_column width=\u00bb1\/2&#8243;][vc_video link=\u00bbhttps:\/\/www.youtube.com\/watch?v=aY4y71GU3kI&#038;list=PLMvQb33E1xiYThzvaO-8lBeg2dKARf1aP&#038;index=2&#038;ab_channel=VISUALDRUMS\u00bb css=\u00bb.vc_custom_1687790358588{margin-top: 5px !important;margin-right: 5px !important;margin-bottom: 5px !important;margin-left: 5px !important;}\u00bb][vc_video link=\u00bbhttps:\/\/www.youtube.com\/watch?v=Ff9IsGO7icI&#038;list=PLMvQb33E1xiYThzvaO-8lBeg2dKARf1aP&#038;index=3&#038;ab_channel=VISUALDRUMS\u00bb css=\u00bb.vc_custom_1687790392744{margin-top: 5px !important;margin-right: 5px !important;margin-bottom: 5px !important;margin-left: 5px !important;}\u00bb][vc_video link=\u00bbhttps:\/\/www.youtube.com\/watch?v=-fA9ZVR9r8E&#038;list=PLMvQb33E1xiYThzvaO-8lBeg2dKARf1aP&#038;index=6&#038;ab_channel=VISUALDRUMS\u00bb css=\u00bb.vc_custom_1687790426227{margin-top: 5px !important;margin-right: 5px !important;margin-bottom: 5px !important;margin-left: 5px !important;}\u00bb][vc_video link=\u00bbhttps:\/\/www.youtube.com\/watch?v=HTb6TjmEOz8&#038;list=PLMvQb33E1xiaU8RHxGPukvAb2WwZqtwpm&#038;index=1&#038;ab_channel=VISUALDRUMS\u00bb css=\u00bb.vc_custom_1687790459612{margin-top: 5px !important;margin-right: 5px !important;margin-bottom: 5px !important;margin-left: 5px !important;}\u00bb][\/vc_column][vc_column width=\u00bb1\/2&#8243;][vc_video link=\u00bbhttps:\/\/www.youtube.com\/watch?v=PAZHQBzzko8&#038;list=PLMvQb33E1xiYThzvaO-8lBeg2dKARf1aP&#038;index=1&#038;ab_channel=VISUALDRUMS\u00bb css=\u00bb.vc_custom_1687790373937{margin-top: 5px !important;margin-right: 5px !important;margin-bottom: 5px !important;margin-left: 5px !important;}\u00bb][vc_video link=\u00bbhttps:\/\/www.youtube.com\/watch?v=iLIuXs6NRCU&#038;list=PLMvQb33E1xiYThzvaO-8lBeg2dKARf1aP&#038;index=4&#038;ab_channel=VISUALDRUMS\u00bb css=\u00bb.vc_custom_1687790408235{margin-top: 5px !important;margin-right: 5px !important;margin-bottom: 5px !important;margin-left: 5px !important;}\u00bb][vc_video link=\u00bbhttps:\/\/www.youtube.com\/watch?v=fMwe9w7m7zo&#038;list=PLMvQb33E1xiYThzvaO-8lBeg2dKARf1aP&#038;index=9&#038;ab_channel=VISUALDRUMS\u00bb css=\u00bb.vc_custom_1687790443966{margin-top: 5px !important;margin-right: 5px !important;margin-bottom: 5px !important;margin-left: 5px !important;}\u00bb][vc_video link=\u00bbhttps:\/\/www.youtube.com\/watch?v=iIXRonTWf3M&#038;list=PLMvQb33E1xiYThzvaO-8lBeg2dKARf1aP&#038;index=12&#038;ab_channel=VISUALDRUMS\u00bb css=\u00bb.vc_custom_1687790473643{margin-top: 5px !important;margin-right: 5px !important;margin-bottom: 5px !important;margin-left: 5px !important;}\u00bb][\/vc_column][\/vc_row][vc_row iron_row_type=\u00bbin_container\u00bb iron_remove_padding_medium=\u00bb\u00bb iron_remove_padding_small=\u00bb\u00bb iron_overlay_pattern=\u00bb\u00bb iron_parallax=\u00bb\u00bb iron_bg_video=\u00bb\u00bb][vc_column][vc_empty_space height=\u00bb25&#8243;]\r\n\t<a target=\"_blank\" data-hoverbg=\"\" data-hoverborder=\"\" data-hovertext=\"\"  class=\"button-widget center\" href=\"https:\/\/www.youtube.com\/VisualDrums\" style=\"border-width:1px; border-radius:0px; border-color:; background-color:#ce022a; color:#ffffff\">M\u00c1S V\u00cdDEOS<\/a><div class=\"clear\"><\/div>[vc_empty_space height=\u00bb25&#8243;][\/vc_column][\/vc_row]<\/p>\n","protected":false},"excerpt":{"rendered":"<p>[vc_row iron_row_type=\u00bbin_container\u00bb iron_remove_padding_medium=\u00bb\u00bb iron_remove_padding_small=\u00bb\u00bb iron_overlay_pattern=\u00bb\u00bb iron_parallax=\u00bb\u00bb iron_bg_video=\u00bb\u00bb][vc_column width=\u00bb1\/2&#8243;][vc_video link=\u00bbhttps:\/\/www.youtube.com\/watch?v=aY4y71GU3kI&#038;list=PLMvQb33E1xiYThzvaO-8lBeg2dKARf1aP&#038;index=2&#038;ab_channel=VISUALDRUMS\u00bb css=\u00bb.vc_custom_1687790358588{margin-top: 5px !important;margin-right: 5px !important;margin-bottom: 5px !important;margin-left: 5px !important;}\u00bb][vc_video link=\u00bbhttps:\/\/www.youtube.com\/watch?v=Ff9IsGO7icI&#038;list=PLMvQb33E1xiYThzvaO-8lBeg2dKARf1aP&#038;index=3&#038;ab_channel=VISUALDRUMS\u00bb css=\u00bb.vc_custom_1687790392744{margin-top: [&hellip;]<\/p>\n","protected":false},"author":2,"featured_media":6902,"parent":2324,"menu_order":3,"comment_status":"closed","ping_status":"closed","template":"","meta":{"footnotes":""},"class_list":["post-2302","page","type-page","status-publish","has-post-thumbnail","hentry"],"yoast_head":"<!-- This site is optimized with the Yoast SEO plugin v27.1.1 - https:\/\/yoast.com\/product\/yoast-seo-wordpress\/ -->\n<title>La Revoluci\u00f3n de la M\u00fasica Visual (2010-2020) | Visual Drums<\/title>\n<meta name=\"description\" content=\"All the information about La Revoluci\u00f3n de la M\u00fasica Visual (2010-2020). Discover the show with visual drums by Neo M music by visual drummer.\" \/>\n<meta name=\"robots\" content=\"index, follow, max-snippet:-1, max-image-preview:large, max-video-preview:-1\" \/>\n<link rel=\"canonical\" href=\"https:\/\/visualdrums.com\/es\/videos\/la-revolucion-de-la-musica-visual\/\" \/>\n<meta property=\"og:locale\" content=\"es_ES\" \/>\n<meta property=\"og:type\" content=\"article\" \/>\n<meta property=\"og:title\" content=\"La Revoluci\u00f3n de la M\u00fasica Visual (2010-2020) | Visual Drums\" \/>\n<meta property=\"og:description\" content=\"All the information about La Revoluci\u00f3n de la M\u00fasica Visual (2010-2020). Discover the show with visual drums by Neo M music by visual drummer.\" \/>\n<meta property=\"og:url\" content=\"https:\/\/visualdrums.com\/es\/videos\/la-revolucion-de-la-musica-visual\/\" \/>\n<meta property=\"og:site_name\" content=\"Visual Drums\" \/>\n<meta property=\"article:modified_time\" content=\"2023-07-06T20:59:11+00:00\" \/>\n<meta property=\"og:image\" content=\"https:\/\/visualdrums.com\/main\/wp-content\/uploads\/2023\/06\/The-Visual-Music-Revolution.jpg\" \/>\n\t<meta property=\"og:image:width\" content=\"970\" \/>\n\t<meta property=\"og:image:height\" content=\"606\" \/>\n\t<meta property=\"og:image:type\" content=\"image\/jpeg\" \/>\n<meta name=\"twitter:card\" content=\"summary_large_image\" \/>\n<meta name=\"twitter:label1\" content=\"Tiempo de lectura\" \/>\n\t<meta name=\"twitter:data1\" content=\"2 minutos\" \/>\n<script type=\"application\/ld+json\" class=\"yoast-schema-graph\">{\"@context\":\"https:\/\/schema.org\",\"@graph\":[{\"@type\":\"WebPage\",\"@id\":\"https:\/\/visualdrums.com\/es\/videos\/la-revolucion-de-la-musica-visual\/\",\"url\":\"https:\/\/visualdrums.com\/es\/videos\/la-revolucion-de-la-musica-visual\/\",\"name\":\"La Revoluci\u00f3n de la M\u00fasica Visual (2010-2020) | Visual Drums\",\"isPartOf\":{\"@id\":\"https:\/\/visualdrums.com\/es\/#website\"},\"primaryImageOfPage\":{\"@id\":\"https:\/\/visualdrums.com\/es\/videos\/la-revolucion-de-la-musica-visual\/#primaryimage\"},\"image\":{\"@id\":\"https:\/\/visualdrums.com\/es\/videos\/la-revolucion-de-la-musica-visual\/#primaryimage\"},\"thumbnailUrl\":\"https:\/\/visualdrums.com\/main\/wp-content\/uploads\/2023\/06\/The-Visual-Music-Revolution.jpg\",\"datePublished\":\"2023-04-24T14:21:59+00:00\",\"dateModified\":\"2023-07-06T20:59:11+00:00\",\"description\":\"All the information about La Revoluci\u00f3n de la M\u00fasica Visual (2010-2020). Discover the show with visual drums by Neo M music by visual drummer.\",\"breadcrumb\":{\"@id\":\"https:\/\/visualdrums.com\/es\/videos\/la-revolucion-de-la-musica-visual\/#breadcrumb\"},\"inLanguage\":\"es\",\"potentialAction\":[{\"@type\":\"ReadAction\",\"target\":[\"https:\/\/visualdrums.com\/es\/videos\/la-revolucion-de-la-musica-visual\/\"]}]},{\"@type\":\"ImageObject\",\"inLanguage\":\"es\",\"@id\":\"https:\/\/visualdrums.com\/es\/videos\/la-revolucion-de-la-musica-visual\/#primaryimage\",\"url\":\"https:\/\/visualdrums.com\/main\/wp-content\/uploads\/2023\/06\/The-Visual-Music-Revolution.jpg\",\"contentUrl\":\"https:\/\/visualdrums.com\/main\/wp-content\/uploads\/2023\/06\/The-Visual-Music-Revolution.jpg\",\"width\":970,\"height\":606},{\"@type\":\"BreadcrumbList\",\"@id\":\"https:\/\/visualdrums.com\/es\/videos\/la-revolucion-de-la-musica-visual\/#breadcrumb\",\"itemListElement\":[{\"@type\":\"ListItem\",\"position\":1,\"name\":\"Portada\",\"item\":\"https:\/\/visualdrums.com\/es\/\"},{\"@type\":\"ListItem\",\"position\":2,\"name\":\"V\u00eddeos\",\"item\":\"https:\/\/visualdrums.com\/es\/videos\/\"},{\"@type\":\"ListItem\",\"position\":3,\"name\":\"La Revoluci\u00f3n de la M\u00fasica Visual (2010-2020)\"}]},{\"@type\":\"WebSite\",\"@id\":\"https:\/\/visualdrums.com\/es\/#website\",\"url\":\"https:\/\/visualdrums.com\/es\/\",\"name\":\"Visual Drums\",\"description\":\"by NEO M\",\"publisher\":{\"@id\":\"https:\/\/visualdrums.com\/es\/#organization\"},\"potentialAction\":[{\"@type\":\"SearchAction\",\"target\":{\"@type\":\"EntryPoint\",\"urlTemplate\":\"https:\/\/visualdrums.com\/es\/?s={search_term_string}\"},\"query-input\":{\"@type\":\"PropertyValueSpecification\",\"valueRequired\":true,\"valueName\":\"search_term_string\"}}],\"inLanguage\":\"es\"},{\"@type\":\"Organization\",\"@id\":\"https:\/\/visualdrums.com\/es\/#organization\",\"name\":\"Visual Drums\",\"url\":\"https:\/\/visualdrums.com\/es\/\",\"logo\":{\"@type\":\"ImageObject\",\"inLanguage\":\"es\",\"@id\":\"https:\/\/visualdrums.com\/es\/#\/schema\/logo\/image\/\",\"url\":\"https:\/\/visualdrums.com\/main\/wp-content\/uploads\/2021\/03\/favicon.png\",\"contentUrl\":\"https:\/\/visualdrums.com\/main\/wp-content\/uploads\/2021\/03\/favicon.png\",\"width\":512,\"height\":512,\"caption\":\"Visual Drums\"},\"image\":{\"@id\":\"https:\/\/visualdrums.com\/es\/#\/schema\/logo\/image\/\"}}]}<\/script>\n<!-- \/ Yoast SEO plugin. -->","yoast_head_json":{"title":"La Revoluci\u00f3n de la M\u00fasica Visual (2010-2020) | Visual Drums","description":"All the information about La Revoluci\u00f3n de la M\u00fasica Visual (2010-2020). Discover the show with visual drums by Neo M music by visual drummer.","robots":{"index":"index","follow":"follow","max-snippet":"max-snippet:-1","max-image-preview":"max-image-preview:large","max-video-preview":"max-video-preview:-1"},"canonical":"https:\/\/visualdrums.com\/es\/videos\/la-revolucion-de-la-musica-visual\/","og_locale":"es_ES","og_type":"article","og_title":"La Revoluci\u00f3n de la M\u00fasica Visual (2010-2020) | Visual Drums","og_description":"All the information about La Revoluci\u00f3n de la M\u00fasica Visual (2010-2020). Discover the show with visual drums by Neo M music by visual drummer.","og_url":"https:\/\/visualdrums.com\/es\/videos\/la-revolucion-de-la-musica-visual\/","og_site_name":"Visual Drums","article_modified_time":"2023-07-06T20:59:11+00:00","og_image":[{"width":970,"height":606,"url":"https:\/\/visualdrums.com\/main\/wp-content\/uploads\/2023\/06\/The-Visual-Music-Revolution.jpg","type":"image\/jpeg"}],"twitter_card":"summary_large_image","twitter_misc":{"Tiempo de lectura":"2 minutos"},"schema":{"@context":"https:\/\/schema.org","@graph":[{"@type":"WebPage","@id":"https:\/\/visualdrums.com\/es\/videos\/la-revolucion-de-la-musica-visual\/","url":"https:\/\/visualdrums.com\/es\/videos\/la-revolucion-de-la-musica-visual\/","name":"La Revoluci\u00f3n de la M\u00fasica Visual (2010-2020) | Visual Drums","isPartOf":{"@id":"https:\/\/visualdrums.com\/es\/#website"},"primaryImageOfPage":{"@id":"https:\/\/visualdrums.com\/es\/videos\/la-revolucion-de-la-musica-visual\/#primaryimage"},"image":{"@id":"https:\/\/visualdrums.com\/es\/videos\/la-revolucion-de-la-musica-visual\/#primaryimage"},"thumbnailUrl":"https:\/\/visualdrums.com\/main\/wp-content\/uploads\/2023\/06\/The-Visual-Music-Revolution.jpg","datePublished":"2023-04-24T14:21:59+00:00","dateModified":"2023-07-06T20:59:11+00:00","description":"All the information about La Revoluci\u00f3n de la M\u00fasica Visual (2010-2020). Discover the show with visual drums by Neo M music by visual drummer.","breadcrumb":{"@id":"https:\/\/visualdrums.com\/es\/videos\/la-revolucion-de-la-musica-visual\/#breadcrumb"},"inLanguage":"es","potentialAction":[{"@type":"ReadAction","target":["https:\/\/visualdrums.com\/es\/videos\/la-revolucion-de-la-musica-visual\/"]}]},{"@type":"ImageObject","inLanguage":"es","@id":"https:\/\/visualdrums.com\/es\/videos\/la-revolucion-de-la-musica-visual\/#primaryimage","url":"https:\/\/visualdrums.com\/main\/wp-content\/uploads\/2023\/06\/The-Visual-Music-Revolution.jpg","contentUrl":"https:\/\/visualdrums.com\/main\/wp-content\/uploads\/2023\/06\/The-Visual-Music-Revolution.jpg","width":970,"height":606},{"@type":"BreadcrumbList","@id":"https:\/\/visualdrums.com\/es\/videos\/la-revolucion-de-la-musica-visual\/#breadcrumb","itemListElement":[{"@type":"ListItem","position":1,"name":"Portada","item":"https:\/\/visualdrums.com\/es\/"},{"@type":"ListItem","position":2,"name":"V\u00eddeos","item":"https:\/\/visualdrums.com\/es\/videos\/"},{"@type":"ListItem","position":3,"name":"La Revoluci\u00f3n de la M\u00fasica Visual (2010-2020)"}]},{"@type":"WebSite","@id":"https:\/\/visualdrums.com\/es\/#website","url":"https:\/\/visualdrums.com\/es\/","name":"Visual Drums","description":"by NEO M","publisher":{"@id":"https:\/\/visualdrums.com\/es\/#organization"},"potentialAction":[{"@type":"SearchAction","target":{"@type":"EntryPoint","urlTemplate":"https:\/\/visualdrums.com\/es\/?s={search_term_string}"},"query-input":{"@type":"PropertyValueSpecification","valueRequired":true,"valueName":"search_term_string"}}],"inLanguage":"es"},{"@type":"Organization","@id":"https:\/\/visualdrums.com\/es\/#organization","name":"Visual Drums","url":"https:\/\/visualdrums.com\/es\/","logo":{"@type":"ImageObject","inLanguage":"es","@id":"https:\/\/visualdrums.com\/es\/#\/schema\/logo\/image\/","url":"https:\/\/visualdrums.com\/main\/wp-content\/uploads\/2021\/03\/favicon.png","contentUrl":"https:\/\/visualdrums.com\/main\/wp-content\/uploads\/2021\/03\/favicon.png","width":512,"height":512,"caption":"Visual Drums"},"image":{"@id":"https:\/\/visualdrums.com\/es\/#\/schema\/logo\/image\/"}}]}},"_links":{"self":[{"href":"https:\/\/visualdrums.com\/es\/wp-json\/wp\/v2\/pages\/2302","targetHints":{"allow":["GET"]}}],"collection":[{"href":"https:\/\/visualdrums.com\/es\/wp-json\/wp\/v2\/pages"}],"about":[{"href":"https:\/\/visualdrums.com\/es\/wp-json\/wp\/v2\/types\/page"}],"author":[{"embeddable":true,"href":"https:\/\/visualdrums.com\/es\/wp-json\/wp\/v2\/users\/2"}],"replies":[{"embeddable":true,"href":"https:\/\/visualdrums.com\/es\/wp-json\/wp\/v2\/comments?post=2302"}],"version-history":[{"count":3,"href":"https:\/\/visualdrums.com\/es\/wp-json\/wp\/v2\/pages\/2302\/revisions"}],"predecessor-version":[{"id":6882,"href":"https:\/\/visualdrums.com\/es\/wp-json\/wp\/v2\/pages\/2302\/revisions\/6882"}],"up":[{"embeddable":true,"href":"https:\/\/visualdrums.com\/es\/wp-json\/wp\/v2\/pages\/2324"}],"wp:featuredmedia":[{"embeddable":true,"href":"https:\/\/visualdrums.com\/es\/wp-json\/wp\/v2\/media\/6902"}],"wp:attachment":[{"href":"https:\/\/visualdrums.com\/es\/wp-json\/wp\/v2\/media?parent=2302"}],"curies":[{"name":"wp","href":"https:\/\/api.w.org\/{rel}","templated":true}]}}