{"id":304,"date":"2014-02-11T17:27:30","date_gmt":"2014-02-11T17:27:30","guid":{"rendered":"http:\/\/max.irontemplates.com\/?page_id=304"},"modified":"2021-06-08T23:08:15","modified_gmt":"2021-06-08T23:08:15","slug":"neo-m","status":"publish","type":"page","link":"https:\/\/visualdrums.com\/es\/neo-m\/","title":{"rendered":"NEO M"},"content":{"rendered":"<p>[vc_row iron_row_type=\u00bbin_container\u00bb iron_remove_padding_medium=\u00bb\u00bb iron_remove_padding_small=\u00bb\u00bb iron_overlay_pattern=\u00bb\u00bb iron_parallax=\u00bb\u00bb iron_bg_video=\u00bb\u00bb][vc_column][vc_single_image image=\u00bb2023&#8243; img_size=\u00bblarge\u00bb alignment=\u00bbcenter\u00bb][\/vc_column][\/vc_row][vc_row gap=\u00bb30&#8243; iron_row_type=\u00bbin_container\u00bb iron_remove_padding_medium=\u00bb\u00bb iron_remove_padding_small=\u00bb\u00bb iron_overlay_pattern=\u00bb\u00bb iron_parallax=\u00bb\u00bb iron_bg_video=\u00bb\u00bb css=\u00bb.vc_custom_1471464629481{padding-bottom: 70px !important;}\u00bb][vc_column width=\u00bb1\/2&#8243;][vc_column_text css_animation=\u00bbfadeInLeft\u00bb]<\/p>\n<blockquote><p>\u201cSumergir la gente que te escucha dentro de un universo de emociones, conectar con ellos, transmitir\u2026 Esencialmente, SENTIR. Crear una interacci\u00f3n completa que te permita ver en sus expresiones los efectos de cada pulsaci\u00f3n, cada cadencia r\u00edtmica, viajando a trav\u00e9s del espacio y el tiempo para reflejarse en sus cuerpos como una ola de placer. Observar c\u00f3mo se radian estas mismas emociones desde el artista hasta aqu\u00e9l que le escucha, ve y percibe, convirti\u00e9ndose en el acto en un artista de la apreciaci\u00f3n, en una prolongaci\u00f3n et\u00e9rea del instante que les une uno con otro.\u201d<\/p>\n<p>Re\u00edr, llorar, emocionarse, estremecerse, ser transportado por un momento eterno a un mundo intangible en una espiral de sensaciones, en una amalgama de sentimientos<\/p><\/blockquote>\n<p>Con estas palabras puede resumirse la visi\u00f3n ecl\u00e9ctica, universal y emocional del arte de Neo M, art\u00edfice y creador de <strong>Visual Drums<\/strong>, cuya filosof\u00eda se rige por la total y absoluta convicci\u00f3n de creer firmemente en todo lo que hace.<\/p>\n<blockquote><p>\u201cThings are only impossible until they&#8217;re not\u201d \u2013 <em>Jean-Luc Picard<\/em><\/p><\/blockquote>\n<p>M\u00fasico, productor, escritor e ingeniero de telecomunicaciones con m\u00e1ster en comunicaci\u00f3n y producci\u00f3n audiovisual digital. Inmerso en la m\u00fasica desde los 6 a\u00f1os, las producciones y actividades musicales de Neo M abarcan toda tipolog\u00eda de estilos, desde el rock hasta el jazz, pasando por R&amp;B, funk, pop, house, dance, salsa, bossa nova, bebop, soul, fusi\u00f3n\u2026, y sin cerrar la puerta a ning\u00fan estilo que quede por descubrir.<\/p>\n<p><img loading=\"lazy\" decoding=\"async\" class=\"aligncenter wp-image-4598\" src=\"https:\/\/visualdrums.com\/main\/wp-content\/uploads\/2021\/05\/Neo-M-playing-drums-1.jpg\" alt=\"Photo of Neo M playing drums\" width=\"540\" height=\"360\" srcset=\"https:\/\/visualdrums.com\/main\/wp-content\/uploads\/2021\/05\/Neo-M-playing-drums-1.jpg 1010w, https:\/\/visualdrums.com\/main\/wp-content\/uploads\/2021\/05\/Neo-M-playing-drums-1-300x200.jpg 300w, https:\/\/visualdrums.com\/main\/wp-content\/uploads\/2021\/05\/Neo-M-playing-drums-1-768x513.jpg 768w\" sizes=\"auto, (max-width: 540px) 100vw, 540px\" \/><\/p>\n<p>Esta multitud de influencias se pueden apreciar en la\u00a0versatilidad y creatividad presentes en cada una de sus interpretaciones, en las cuales se plasman todos estos a\u00f1os de actividad art\u00edstica, liderando m\u00e1s de 70 grupos y proyectos musicales de estilos diversos que han forjado su sonido simult\u00e1neamente compacto y heterog\u00e9neo.<\/p>\n<p>Actualmente, Neo M centra su actividad principal en la producci\u00f3n e interpretaci\u00f3n dentro del grupo de rock pop electr\u00f3nico <strong>Kings of Cydonia<\/strong> y en su proyecto como artista independiente <strong>Visual Drums<\/strong>.[\/vc_column_text][\/vc_column][vc_column width=\u00bb1\/2&#8243;][vc_column_text css_animation=\u00bbfadeInRight\u00bb]<\/p>\n<h2>VISUAL DRUMS<\/h2>\n<h3>The Visual Music Revolution<\/h3>\n<p><img loading=\"lazy\" decoding=\"async\" class=\"aligncenter wp-image-2032 size-full\" src=\"https:\/\/visualdrums.com\/main\/wp-content\/uploads\/2021\/03\/4-e1614803866305.jpg\" alt=\"Foto de Neo M tocando la bater\u00eda\" width=\"888\" height=\"739\" srcset=\"https:\/\/visualdrums.com\/main\/wp-content\/uploads\/2021\/03\/4-e1614803866305.jpg 888w, https:\/\/visualdrums.com\/main\/wp-content\/uploads\/2021\/03\/4-e1614803866305-300x250.jpg 300w, https:\/\/visualdrums.com\/main\/wp-content\/uploads\/2021\/03\/4-e1614803866305-768x639.jpg 768w\" sizes=\"auto, (max-width: 888px) 100vw, 888px\" \/><\/p>\n<blockquote><p>Entre diversas formaciones musicales como miembro y productor musical, Neo M inicia en 2010 un proyecto personal como solista en el que pone en pr\u00e1ctica un principio innovador:<br \/>\n\u201cSi la m\u00fasica es esencialmente energ\u00eda sonora transmitida en forma de vibraciones ac\u00fasticas a trav\u00e9s del aire\u2026, por qu\u00e9 no transmitirla tambi\u00e9n visualmente mediante ondas de expansi\u00f3n lum\u00ednicas?\u201d<\/p><\/blockquote>\n<p>&nbsp;<\/p>\n<p>La esencia de esta interpretaci\u00f3n es comunicar emociones de forma ac\u00fastica y visual simult\u00e1neamente, consiguiendo que cada actuaci\u00f3n sea un espect\u00e1culo diferente, espont\u00e1neo, din\u00e1mico e interactivo, donde la improvisaci\u00f3n y la conexi\u00f3n con el espectador dejan camino libre a la expresividad y la creatividad.<\/p>\n<p>&nbsp;<\/p>\n<blockquote><p>Inicialmente el proyecto fue concebido como una c\u00e1psula evolutiva de 3 fases, de las cuales recientemente se ha implementado la segunda.<\/p>\n<p>Hasta el 2017 se utiliz\u00f3 un primer prototipo de bater\u00eda electr\u00f3nica que permit\u00eda poner en escena una triple improvisaci\u00f3n de t\u00e9cnica musical, coreograf\u00eda de baile y <em>showmanship<\/em>. Posteriormente, y en un proceso que dur\u00f3 3 a\u00f1os, se dise\u00f1\u00f3 y construy\u00f3 el prototipo actual, conocido como \u201cbater\u00eda visual interactiva\u201d, que permite generar todo tipo de sonidos y animaciones visuales simult\u00e1neamente.<\/p>\n<p>Actualmente, la misi\u00f3n de <strong>Visual Drums<\/strong> es hacer llegar a todo el mundo esta nueva forma de comunicaci\u00f3n y percepci\u00f3n, encabezando el inicio de una nueva era: \u201cLa era de la Luz\u201d.<\/p><\/blockquote>\n<p>[\/vc_column_text][\/vc_column][\/vc_row]<\/p>\n","protected":false},"excerpt":{"rendered":"<p>[vc_row iron_row_type=\u00bbin_container\u00bb iron_remove_padding_medium=\u00bb\u00bb iron_remove_padding_small=\u00bb\u00bb iron_overlay_pattern=\u00bb\u00bb iron_parallax=\u00bb\u00bb iron_bg_video=\u00bb\u00bb][vc_column][vc_single_image image=\u00bb2023&#8243; img_size=\u00bblarge\u00bb alignment=\u00bbcenter\u00bb][\/vc_column][\/vc_row][vc_row gap=\u00bb30&#8243; iron_row_type=\u00bbin_container\u00bb iron_remove_padding_medium=\u00bb\u00bb iron_remove_padding_small=\u00bb\u00bb iron_overlay_pattern=\u00bb\u00bb iron_parallax=\u00bb\u00bb iron_bg_video=\u00bb\u00bb css=\u00bb.vc_custom_1471464629481{padding-bottom: 70px !important;}\u00bb][vc_column [&hellip;]<\/p>\n","protected":false},"author":1,"featured_media":0,"parent":0,"menu_order":9,"comment_status":"closed","ping_status":"closed","template":"","meta":{"footnotes":""},"class_list":["post-304","page","type-page","status-publish","hentry"],"yoast_head":"<!-- This site is optimized with the Yoast SEO plugin v27.1.1 - https:\/\/yoast.com\/product\/yoast-seo-wordpress\/ -->\n<title>NEO M | Visual Drums<\/title>\n<meta name=\"description\" content=\"All the information about NEO M. Discover the show with visual drums by Neo M music by visual drummer.\" \/>\n<meta name=\"robots\" content=\"index, follow, max-snippet:-1, max-image-preview:large, max-video-preview:-1\" \/>\n<link rel=\"canonical\" href=\"https:\/\/visualdrums.com\/es\/neo-m\/\" \/>\n<meta property=\"og:locale\" content=\"es_ES\" \/>\n<meta property=\"og:type\" content=\"article\" \/>\n<meta property=\"og:title\" content=\"NEO M | Visual Drums\" \/>\n<meta property=\"og:description\" content=\"All the information about NEO M. Discover the show with visual drums by Neo M music by visual drummer.\" \/>\n<meta property=\"og:url\" content=\"https:\/\/visualdrums.com\/es\/neo-m\/\" \/>\n<meta property=\"og:site_name\" content=\"Visual Drums\" \/>\n<meta property=\"article:modified_time\" content=\"2021-06-08T23:08:15+00:00\" \/>\n<meta property=\"og:image\" content=\"https:\/\/visualdrums.com\/main\/wp-content\/uploads\/2021\/05\/Neo-M-playing-drums-1.jpg\" \/>\n<meta name=\"twitter:card\" content=\"summary_large_image\" \/>\n<meta name=\"twitter:label1\" content=\"Tiempo de lectura\" \/>\n\t<meta name=\"twitter:data1\" content=\"3 minutos\" \/>\n<script type=\"application\/ld+json\" class=\"yoast-schema-graph\">{\"@context\":\"https:\/\/schema.org\",\"@graph\":[{\"@type\":\"WebPage\",\"@id\":\"https:\/\/visualdrums.com\/es\/neo-m\/\",\"url\":\"https:\/\/visualdrums.com\/es\/neo-m\/\",\"name\":\"NEO M | Visual Drums\",\"isPartOf\":{\"@id\":\"https:\/\/visualdrums.com\/es\/#website\"},\"primaryImageOfPage\":{\"@id\":\"https:\/\/visualdrums.com\/es\/neo-m\/#primaryimage\"},\"image\":{\"@id\":\"https:\/\/visualdrums.com\/es\/neo-m\/#primaryimage\"},\"thumbnailUrl\":\"https:\/\/visualdrums.com\/main\/wp-content\/uploads\/2021\/05\/Neo-M-playing-drums-1.jpg\",\"datePublished\":\"2014-02-11T17:27:30+00:00\",\"dateModified\":\"2021-06-08T23:08:15+00:00\",\"description\":\"All the information about NEO M. Discover the show with visual drums by Neo M music by visual drummer.\",\"breadcrumb\":{\"@id\":\"https:\/\/visualdrums.com\/es\/neo-m\/#breadcrumb\"},\"inLanguage\":\"es\",\"potentialAction\":[{\"@type\":\"ReadAction\",\"target\":[\"https:\/\/visualdrums.com\/es\/neo-m\/\"]}]},{\"@type\":\"ImageObject\",\"inLanguage\":\"es\",\"@id\":\"https:\/\/visualdrums.com\/es\/neo-m\/#primaryimage\",\"url\":\"https:\/\/visualdrums.com\/main\/wp-content\/uploads\/2021\/05\/Neo-M-playing-drums-1.jpg\",\"contentUrl\":\"https:\/\/visualdrums.com\/main\/wp-content\/uploads\/2021\/05\/Neo-M-playing-drums-1.jpg\"},{\"@type\":\"BreadcrumbList\",\"@id\":\"https:\/\/visualdrums.com\/es\/neo-m\/#breadcrumb\",\"itemListElement\":[{\"@type\":\"ListItem\",\"position\":1,\"name\":\"Portada\",\"item\":\"https:\/\/visualdrums.com\/es\/\"},{\"@type\":\"ListItem\",\"position\":2,\"name\":\"NEO M\"}]},{\"@type\":\"WebSite\",\"@id\":\"https:\/\/visualdrums.com\/es\/#website\",\"url\":\"https:\/\/visualdrums.com\/es\/\",\"name\":\"Visual Drums\",\"description\":\"by NEO M\",\"publisher\":{\"@id\":\"https:\/\/visualdrums.com\/es\/#organization\"},\"potentialAction\":[{\"@type\":\"SearchAction\",\"target\":{\"@type\":\"EntryPoint\",\"urlTemplate\":\"https:\/\/visualdrums.com\/es\/?s={search_term_string}\"},\"query-input\":{\"@type\":\"PropertyValueSpecification\",\"valueRequired\":true,\"valueName\":\"search_term_string\"}}],\"inLanguage\":\"es\"},{\"@type\":\"Organization\",\"@id\":\"https:\/\/visualdrums.com\/es\/#organization\",\"name\":\"Visual Drums\",\"url\":\"https:\/\/visualdrums.com\/es\/\",\"logo\":{\"@type\":\"ImageObject\",\"inLanguage\":\"es\",\"@id\":\"https:\/\/visualdrums.com\/es\/#\/schema\/logo\/image\/\",\"url\":\"https:\/\/visualdrums.com\/main\/wp-content\/uploads\/2021\/03\/favicon.png\",\"contentUrl\":\"https:\/\/visualdrums.com\/main\/wp-content\/uploads\/2021\/03\/favicon.png\",\"width\":512,\"height\":512,\"caption\":\"Visual Drums\"},\"image\":{\"@id\":\"https:\/\/visualdrums.com\/es\/#\/schema\/logo\/image\/\"}}]}<\/script>\n<!-- \/ Yoast SEO plugin. -->","yoast_head_json":{"title":"NEO M | Visual Drums","description":"All the information about NEO M. Discover the show with visual drums by Neo M music by visual drummer.","robots":{"index":"index","follow":"follow","max-snippet":"max-snippet:-1","max-image-preview":"max-image-preview:large","max-video-preview":"max-video-preview:-1"},"canonical":"https:\/\/visualdrums.com\/es\/neo-m\/","og_locale":"es_ES","og_type":"article","og_title":"NEO M | Visual Drums","og_description":"All the information about NEO M. Discover the show with visual drums by Neo M music by visual drummer.","og_url":"https:\/\/visualdrums.com\/es\/neo-m\/","og_site_name":"Visual Drums","article_modified_time":"2021-06-08T23:08:15+00:00","og_image":[{"url":"https:\/\/visualdrums.com\/main\/wp-content\/uploads\/2021\/05\/Neo-M-playing-drums-1.jpg","type":"","width":"","height":""}],"twitter_card":"summary_large_image","twitter_misc":{"Tiempo de lectura":"3 minutos"},"schema":{"@context":"https:\/\/schema.org","@graph":[{"@type":"WebPage","@id":"https:\/\/visualdrums.com\/es\/neo-m\/","url":"https:\/\/visualdrums.com\/es\/neo-m\/","name":"NEO M | Visual Drums","isPartOf":{"@id":"https:\/\/visualdrums.com\/es\/#website"},"primaryImageOfPage":{"@id":"https:\/\/visualdrums.com\/es\/neo-m\/#primaryimage"},"image":{"@id":"https:\/\/visualdrums.com\/es\/neo-m\/#primaryimage"},"thumbnailUrl":"https:\/\/visualdrums.com\/main\/wp-content\/uploads\/2021\/05\/Neo-M-playing-drums-1.jpg","datePublished":"2014-02-11T17:27:30+00:00","dateModified":"2021-06-08T23:08:15+00:00","description":"All the information about NEO M. Discover the show with visual drums by Neo M music by visual drummer.","breadcrumb":{"@id":"https:\/\/visualdrums.com\/es\/neo-m\/#breadcrumb"},"inLanguage":"es","potentialAction":[{"@type":"ReadAction","target":["https:\/\/visualdrums.com\/es\/neo-m\/"]}]},{"@type":"ImageObject","inLanguage":"es","@id":"https:\/\/visualdrums.com\/es\/neo-m\/#primaryimage","url":"https:\/\/visualdrums.com\/main\/wp-content\/uploads\/2021\/05\/Neo-M-playing-drums-1.jpg","contentUrl":"https:\/\/visualdrums.com\/main\/wp-content\/uploads\/2021\/05\/Neo-M-playing-drums-1.jpg"},{"@type":"BreadcrumbList","@id":"https:\/\/visualdrums.com\/es\/neo-m\/#breadcrumb","itemListElement":[{"@type":"ListItem","position":1,"name":"Portada","item":"https:\/\/visualdrums.com\/es\/"},{"@type":"ListItem","position":2,"name":"NEO M"}]},{"@type":"WebSite","@id":"https:\/\/visualdrums.com\/es\/#website","url":"https:\/\/visualdrums.com\/es\/","name":"Visual Drums","description":"by NEO M","publisher":{"@id":"https:\/\/visualdrums.com\/es\/#organization"},"potentialAction":[{"@type":"SearchAction","target":{"@type":"EntryPoint","urlTemplate":"https:\/\/visualdrums.com\/es\/?s={search_term_string}"},"query-input":{"@type":"PropertyValueSpecification","valueRequired":true,"valueName":"search_term_string"}}],"inLanguage":"es"},{"@type":"Organization","@id":"https:\/\/visualdrums.com\/es\/#organization","name":"Visual Drums","url":"https:\/\/visualdrums.com\/es\/","logo":{"@type":"ImageObject","inLanguage":"es","@id":"https:\/\/visualdrums.com\/es\/#\/schema\/logo\/image\/","url":"https:\/\/visualdrums.com\/main\/wp-content\/uploads\/2021\/03\/favicon.png","contentUrl":"https:\/\/visualdrums.com\/main\/wp-content\/uploads\/2021\/03\/favicon.png","width":512,"height":512,"caption":"Visual Drums"},"image":{"@id":"https:\/\/visualdrums.com\/es\/#\/schema\/logo\/image\/"}}]}},"_links":{"self":[{"href":"https:\/\/visualdrums.com\/es\/wp-json\/wp\/v2\/pages\/304","targetHints":{"allow":["GET"]}}],"collection":[{"href":"https:\/\/visualdrums.com\/es\/wp-json\/wp\/v2\/pages"}],"about":[{"href":"https:\/\/visualdrums.com\/es\/wp-json\/wp\/v2\/types\/page"}],"author":[{"embeddable":true,"href":"https:\/\/visualdrums.com\/es\/wp-json\/wp\/v2\/users\/1"}],"replies":[{"embeddable":true,"href":"https:\/\/visualdrums.com\/es\/wp-json\/wp\/v2\/comments?post=304"}],"version-history":[{"count":1,"href":"https:\/\/visualdrums.com\/es\/wp-json\/wp\/v2\/pages\/304\/revisions"}],"predecessor-version":[{"id":6591,"href":"https:\/\/visualdrums.com\/es\/wp-json\/wp\/v2\/pages\/304\/revisions\/6591"}],"wp:attachment":[{"href":"https:\/\/visualdrums.com\/es\/wp-json\/wp\/v2\/media?parent=304"}],"curies":[{"name":"wp","href":"https:\/\/api.w.org\/{rel}","templated":true}]}}