{"id":5448,"date":"2021-06-16T17:47:06","date_gmt":"2021-06-16T17:47:06","guid":{"rendered":"https:\/\/visualdrums.com\/showcase-videos\/"},"modified":"2021-06-28T13:44:47","modified_gmt":"2021-06-28T13:44:47","slug":"videos-presentacion","status":"publish","type":"page","link":"https:\/\/visualdrums.com\/es\/videos-presentacion\/","title":{"rendered":"V\u00eddeos de presentaci\u00f3n"},"content":{"rendered":"<p>[vc_row iron_row_type=\u00bbin_container\u00bb iron_remove_padding_medium=\u00bb\u00bb iron_remove_padding_small=\u00bb\u00bb iron_overlay_pattern=\u00bb\u00bb iron_parallax=\u00bb\u00bb iron_bg_video=\u00bb\u00bb][vc_column width=\u00bb1\/2&#8243;][vc_video link=\u00bbhttps:\/\/www.youtube.com\/watch?v=9QckYduH71w&#038;list=PLMvQb33E1xiYgXaSfJmpht9h2jDaqcKAs&#038;index=3&#038;ab_channel=VISUALDRUMS\u00bb css=\u00bb.vc_custom_1624887164531{margin-top: 5px !important;margin-right: 5px !important;margin-bottom: 5px !important;margin-left: 5px !important;}\u00bb][vc_video link=\u00bbhttps:\/\/www.youtube.com\/watch?v=3uIvTZ8uanQ&#038;list=PLMvQb33E1xiYgXaSfJmpht9h2jDaqcKAs&#038;index=6&#038;ab_channel=VISUALDRUMS\u00bb css=\u00bb.vc_custom_1624887074179{margin-top: 5px !important;margin-right: 5px !important;margin-bottom: 5px !important;margin-left: 5px !important;}\u00bb][vc_video link=\u00bbhttps:\/\/www.youtube.com\/watch?v=KDdkHE8wi2Y&#038;list=PLMvQb33E1xiYgXaSfJmpht9h2jDaqcKAs&#038;index=4&#038;ab_channel=VISUALDRUMS\u00bb align=\u00bbcenter\u00bb css=\u00bb.vc_custom_1624887272546{margin-top: 5px !important;margin-right: 5px !important;margin-bottom: 5px !important;margin-left: 5px !important;}\u00bb][\/vc_column][vc_column width=\u00bb1\/2&#8243;][vc_video link=\u00bbhttps:\/\/www.youtube.com\/watch?v=BYhnkauEU8M&#038;list=PLMvQb33E1xiYgXaSfJmpht9h2jDaqcKAs&#038;index=2&#038;ab_channel=VISUALDRUMS\u00bb css=\u00bb.vc_custom_1624887123236{margin-top: 5px !important;margin-right: 5px !important;margin-bottom: 5px !important;margin-left: 5px !important;}\u00bb][vc_video link=\u00bbhttps:\/\/www.youtube.com\/watch?v=4bm36nvuN68&#038;list=PLMvQb33E1xiYgXaSfJmpht9h2jDaqcKAs&#038;index=5&#038;ab_channel=VISUALDRUMS\u00bb css=\u00bb.vc_custom_1624887190513{margin-top: 5px !important;margin-right: 5px !important;margin-bottom: 5px !important;margin-left: 5px !important;}\u00bb][vc_video link=\u00bbhttps:\/\/www.youtube.com\/watch?v=OkNssMyARj0&#038;list=PLMvQb33E1xiYgXaSfJmpht9h2jDaqcKAs&#038;index=7&#038;ab_channel=VISUALDRUMS\u00bb css=\u00bb.vc_custom_1624887616961{margin-top: 5px !important;margin-right: 5px !important;margin-bottom: 5px !important;margin-left: 5px !important;}\u00bb][\/vc_column][\/vc_row][vc_row iron_row_type=\u00bbin_container\u00bb iron_remove_padding_medium=\u00bb\u00bb iron_remove_padding_small=\u00bb\u00bb iron_overlay_pattern=\u00bb\u00bb iron_parallax=\u00bb\u00bb iron_bg_video=\u00bb\u00bb][vc_column][vc_empty_space height=\u00bb25&#8243;]\r\n\t<a target=\"_self\" data-hoverbg=\"\" data-hoverborder=\"\" data-hovertext=\"\"  class=\"button-widget center\" href=\"https:\/\/visualdrums.com\/es\/videos\/\" style=\"border-width:1px; border-radius:0px; border-color:; background-color:#ce022a; color:#ffffff\">M\u00c1S V\u00cdDEOS<\/a><div class=\"clear\"><\/div>[vc_empty_space height=\u00bb25&#8243;][\/vc_column][\/vc_row]<\/p>\n","protected":false},"excerpt":{"rendered":"<p>[vc_row iron_row_type=\u00bbin_container\u00bb iron_remove_padding_medium=\u00bb\u00bb iron_remove_padding_small=\u00bb\u00bb iron_overlay_pattern=\u00bb\u00bb iron_parallax=\u00bb\u00bb iron_bg_video=\u00bb\u00bb][vc_column width=\u00bb1\/2&#8243;][vc_video link=\u00bbhttps:\/\/www.youtube.com\/watch?v=9QckYduH71w&#038;list=PLMvQb33E1xiYgXaSfJmpht9h2jDaqcKAs&#038;index=3&#038;ab_channel=VISUALDRUMS\u00bb css=\u00bb.vc_custom_1624887164531{margin-top: 5px !important;margin-right: 5px !important;margin-bottom: 5px !important;margin-left: 5px !important;}\u00bb][vc_video link=\u00bbhttps:\/\/www.youtube.com\/watch?v=3uIvTZ8uanQ&#038;list=PLMvQb33E1xiYgXaSfJmpht9h2jDaqcKAs&#038;index=6&#038;ab_channel=VISUALDRUMS\u00bb css=\u00bb.vc_custom_1624887074179{margin-top: [&hellip;]<\/p>\n","protected":false},"author":5,"featured_media":0,"parent":0,"menu_order":0,"comment_status":"closed","ping_status":"closed","template":"","meta":{"footnotes":""},"class_list":["post-5448","page","type-page","status-publish","hentry"],"yoast_head":"<!-- This site is optimized with the Yoast SEO plugin v27.1.1 - https:\/\/yoast.com\/product\/yoast-seo-wordpress\/ -->\n<title>V\u00eddeos de presentaci\u00f3n | Visual Drums<\/title>\n<meta name=\"description\" content=\"All the information about V\u00eddeos de presentaci\u00f3n. Discover the show with visual drums by Neo M music by visual drummer.\" \/>\n<meta name=\"robots\" content=\"index, follow, max-snippet:-1, max-image-preview:large, max-video-preview:-1\" \/>\n<link rel=\"canonical\" href=\"https:\/\/visualdrums.com\/es\/videos-presentacion\/\" \/>\n<meta property=\"og:locale\" content=\"es_ES\" \/>\n<meta property=\"og:type\" content=\"article\" \/>\n<meta property=\"og:title\" content=\"V\u00eddeos de presentaci\u00f3n | Visual Drums\" \/>\n<meta property=\"og:description\" content=\"All the information about V\u00eddeos de presentaci\u00f3n. Discover the show with visual drums by Neo M music by visual drummer.\" \/>\n<meta property=\"og:url\" content=\"https:\/\/visualdrums.com\/es\/videos-presentacion\/\" \/>\n<meta property=\"og:site_name\" content=\"Visual Drums\" \/>\n<meta property=\"article:modified_time\" content=\"2021-06-28T13:44:47+00:00\" \/>\n<meta name=\"twitter:card\" content=\"summary_large_image\" \/>\n<meta name=\"twitter:label1\" content=\"Tiempo de lectura\" \/>\n\t<meta name=\"twitter:data1\" content=\"1 minuto\" \/>\n<script type=\"application\/ld+json\" class=\"yoast-schema-graph\">{\"@context\":\"https:\/\/schema.org\",\"@graph\":[{\"@type\":\"WebPage\",\"@id\":\"https:\/\/visualdrums.com\/es\/videos-presentacion\/\",\"url\":\"https:\/\/visualdrums.com\/es\/videos-presentacion\/\",\"name\":\"V\u00eddeos de presentaci\u00f3n | Visual Drums\",\"isPartOf\":{\"@id\":\"https:\/\/visualdrums.com\/es\/#website\"},\"datePublished\":\"2021-06-16T17:47:06+00:00\",\"dateModified\":\"2021-06-28T13:44:47+00:00\",\"description\":\"All the information about V\u00eddeos de presentaci\u00f3n. Discover the show with visual drums by Neo M music by visual drummer.\",\"breadcrumb\":{\"@id\":\"https:\/\/visualdrums.com\/es\/videos-presentacion\/#breadcrumb\"},\"inLanguage\":\"es\",\"potentialAction\":[{\"@type\":\"ReadAction\",\"target\":[\"https:\/\/visualdrums.com\/es\/videos-presentacion\/\"]}]},{\"@type\":\"BreadcrumbList\",\"@id\":\"https:\/\/visualdrums.com\/es\/videos-presentacion\/#breadcrumb\",\"itemListElement\":[{\"@type\":\"ListItem\",\"position\":1,\"name\":\"Portada\",\"item\":\"https:\/\/visualdrums.com\/es\/\"},{\"@type\":\"ListItem\",\"position\":2,\"name\":\"V\u00eddeos de presentaci\u00f3n\"}]},{\"@type\":\"WebSite\",\"@id\":\"https:\/\/visualdrums.com\/es\/#website\",\"url\":\"https:\/\/visualdrums.com\/es\/\",\"name\":\"Visual Drums\",\"description\":\"by NEO M\",\"publisher\":{\"@id\":\"https:\/\/visualdrums.com\/es\/#organization\"},\"potentialAction\":[{\"@type\":\"SearchAction\",\"target\":{\"@type\":\"EntryPoint\",\"urlTemplate\":\"https:\/\/visualdrums.com\/es\/?s={search_term_string}\"},\"query-input\":{\"@type\":\"PropertyValueSpecification\",\"valueRequired\":true,\"valueName\":\"search_term_string\"}}],\"inLanguage\":\"es\"},{\"@type\":\"Organization\",\"@id\":\"https:\/\/visualdrums.com\/es\/#organization\",\"name\":\"Visual Drums\",\"url\":\"https:\/\/visualdrums.com\/es\/\",\"logo\":{\"@type\":\"ImageObject\",\"inLanguage\":\"es\",\"@id\":\"https:\/\/visualdrums.com\/es\/#\/schema\/logo\/image\/\",\"url\":\"https:\/\/visualdrums.com\/main\/wp-content\/uploads\/2021\/03\/favicon.png\",\"contentUrl\":\"https:\/\/visualdrums.com\/main\/wp-content\/uploads\/2021\/03\/favicon.png\",\"width\":512,\"height\":512,\"caption\":\"Visual Drums\"},\"image\":{\"@id\":\"https:\/\/visualdrums.com\/es\/#\/schema\/logo\/image\/\"}}]}<\/script>\n<!-- \/ Yoast SEO plugin. -->","yoast_head_json":{"title":"V\u00eddeos de presentaci\u00f3n | Visual Drums","description":"All the information about V\u00eddeos de presentaci\u00f3n. Discover the show with visual drums by Neo M music by visual drummer.","robots":{"index":"index","follow":"follow","max-snippet":"max-snippet:-1","max-image-preview":"max-image-preview:large","max-video-preview":"max-video-preview:-1"},"canonical":"https:\/\/visualdrums.com\/es\/videos-presentacion\/","og_locale":"es_ES","og_type":"article","og_title":"V\u00eddeos de presentaci\u00f3n | Visual Drums","og_description":"All the information about V\u00eddeos de presentaci\u00f3n. Discover the show with visual drums by Neo M music by visual drummer.","og_url":"https:\/\/visualdrums.com\/es\/videos-presentacion\/","og_site_name":"Visual Drums","article_modified_time":"2021-06-28T13:44:47+00:00","twitter_card":"summary_large_image","twitter_misc":{"Tiempo de lectura":"1 minuto"},"schema":{"@context":"https:\/\/schema.org","@graph":[{"@type":"WebPage","@id":"https:\/\/visualdrums.com\/es\/videos-presentacion\/","url":"https:\/\/visualdrums.com\/es\/videos-presentacion\/","name":"V\u00eddeos de presentaci\u00f3n | Visual Drums","isPartOf":{"@id":"https:\/\/visualdrums.com\/es\/#website"},"datePublished":"2021-06-16T17:47:06+00:00","dateModified":"2021-06-28T13:44:47+00:00","description":"All the information about V\u00eddeos de presentaci\u00f3n. Discover the show with visual drums by Neo M music by visual drummer.","breadcrumb":{"@id":"https:\/\/visualdrums.com\/es\/videos-presentacion\/#breadcrumb"},"inLanguage":"es","potentialAction":[{"@type":"ReadAction","target":["https:\/\/visualdrums.com\/es\/videos-presentacion\/"]}]},{"@type":"BreadcrumbList","@id":"https:\/\/visualdrums.com\/es\/videos-presentacion\/#breadcrumb","itemListElement":[{"@type":"ListItem","position":1,"name":"Portada","item":"https:\/\/visualdrums.com\/es\/"},{"@type":"ListItem","position":2,"name":"V\u00eddeos de presentaci\u00f3n"}]},{"@type":"WebSite","@id":"https:\/\/visualdrums.com\/es\/#website","url":"https:\/\/visualdrums.com\/es\/","name":"Visual Drums","description":"by NEO M","publisher":{"@id":"https:\/\/visualdrums.com\/es\/#organization"},"potentialAction":[{"@type":"SearchAction","target":{"@type":"EntryPoint","urlTemplate":"https:\/\/visualdrums.com\/es\/?s={search_term_string}"},"query-input":{"@type":"PropertyValueSpecification","valueRequired":true,"valueName":"search_term_string"}}],"inLanguage":"es"},{"@type":"Organization","@id":"https:\/\/visualdrums.com\/es\/#organization","name":"Visual Drums","url":"https:\/\/visualdrums.com\/es\/","logo":{"@type":"ImageObject","inLanguage":"es","@id":"https:\/\/visualdrums.com\/es\/#\/schema\/logo\/image\/","url":"https:\/\/visualdrums.com\/main\/wp-content\/uploads\/2021\/03\/favicon.png","contentUrl":"https:\/\/visualdrums.com\/main\/wp-content\/uploads\/2021\/03\/favicon.png","width":512,"height":512,"caption":"Visual Drums"},"image":{"@id":"https:\/\/visualdrums.com\/es\/#\/schema\/logo\/image\/"}}]}},"_links":{"self":[{"href":"https:\/\/visualdrums.com\/es\/wp-json\/wp\/v2\/pages\/5448","targetHints":{"allow":["GET"]}}],"collection":[{"href":"https:\/\/visualdrums.com\/es\/wp-json\/wp\/v2\/pages"}],"about":[{"href":"https:\/\/visualdrums.com\/es\/wp-json\/wp\/v2\/types\/page"}],"author":[{"embeddable":true,"href":"https:\/\/visualdrums.com\/es\/wp-json\/wp\/v2\/users\/5"}],"replies":[{"embeddable":true,"href":"https:\/\/visualdrums.com\/es\/wp-json\/wp\/v2\/comments?post=5448"}],"version-history":[{"count":0,"href":"https:\/\/visualdrums.com\/es\/wp-json\/wp\/v2\/pages\/5448\/revisions"}],"wp:attachment":[{"href":"https:\/\/visualdrums.com\/es\/wp-json\/wp\/v2\/media?parent=5448"}],"curies":[{"name":"wp","href":"https:\/\/api.w.org\/{rel}","templated":true}]}}