{"id":7009,"date":"2023-10-13T18:13:09","date_gmt":"2023-10-13T18:13:09","guid":{"rendered":"https:\/\/visualdrums.com\/?page_id=7009"},"modified":"2023-10-16T11:13:38","modified_gmt":"2023-10-16T11:13:38","slug":"suscripciones","status":"publish","type":"page","link":"https:\/\/visualdrums.com\/es\/suscripciones\/","title":{"rendered":"Suscripciones"},"content":{"rendered":"<p>[vc_row iron_row_type=\u00bbin_container\u00bb iron_remove_padding_medium=\u00bb\u00bb iron_remove_padding_small=\u00bb\u00bb iron_overlay_pattern=\u00bb\u00bb iron_parallax=\u00bb\u00bb iron_bg_video=\u00bb\u00bb][vc_column][vc_column_text]<\/p>\r\n<p>A trav\u00e9s del perfil de Visual Drums en la plataforma Aixeta.cat, puedes dar soporte al proyecto con tu suscripci\u00f3n. Encontrar\u00e1s diferentes modalidades (a partir de 3\u20ac) que te dar\u00e1n acceso a material exclusivo, ventajas y descuentos, y mucho m\u00e1s.<\/p>\r\n<p>Desc\u00fabrelo clicando este enlace:<\/p>\r\n<p>[\/vc_column_text][\/vc_column][\/vc_row][vc_row iron_row_type=\u00bbin_container\u00bb iron_remove_padding_medium=\u00bb\u00bb iron_remove_padding_small=\u00bb\u00bb iron_overlay_pattern=\u00bb\u00bb iron_parallax=\u00bb\u00bb iron_bg_video=\u00bb\u00bb][vc_column][vc_empty_space height=\u00bb10&#8243;]\r\n\t<a target=\"_blank\" data-hoverbg=\"\" data-hoverborder=\"\" data-hovertext=\"\"  class=\"button-widget center\" href=\"https:\/\/visualdrums.aixeta.cat\/es\/subscriptions\" style=\"border-width:1px; border-radius:0px; border-color:; background-color:#ce022a; color:#ffffff\">SUSCRIPCIONES<\/a><div class=\"clear\"><\/div>[vc_empty_space height=\u00bb5&#8243;][\/vc_column][\/vc_row][vc_row iron_row_type=\u00bbin_container\u00bb iron_remove_padding_medium=\u00bb\u00bb iron_remove_padding_small=\u00bb\u00bb iron_overlay_pattern=\u00bb\u00bb iron_parallax=\u00bb\u00bb iron_bg_video=\u00bb\u00bb][vc_column][vc_column_text]<\/p>\r\n<p>&nbsp;<\/p>\r\n<div class=\"wp-block-image is-style-rounded\">\r\n<figure class=\"aligncenter size-full\"><a href=\"https:\/\/visualdrums.aixeta.cat\/es\/subscriptions\" target=\"_blank\" rel=\"noopener\"><img loading=\"lazy\" decoding=\"async\" class=\"alignnone wp-image-7041 size-full\" src=\"https:\/\/visualdrums.com\/main\/wp-content\/uploads\/2023\/10\/Visual-Drums-Aixeta-1.jpg\" alt=\"\" width=\"832\" height=\"277\" srcset=\"https:\/\/visualdrums.com\/main\/wp-content\/uploads\/2023\/10\/Visual-Drums-Aixeta-1.jpg 832w, https:\/\/visualdrums.com\/main\/wp-content\/uploads\/2023\/10\/Visual-Drums-Aixeta-1-300x100.jpg 300w, https:\/\/visualdrums.com\/main\/wp-content\/uploads\/2023\/10\/Visual-Drums-Aixeta-1-768x256.jpg 768w\" sizes=\"auto, (max-width: 832px) 100vw, 832px\" \/><\/a><\/figure>\r\n<p><\/div>\r\n<p>[\/vc_column_text][\/vc_column][\/vc_row][vc_row iron_row_type=\u00bbin_container\u00bb iron_remove_padding_medium=\u00bb\u00bb iron_remove_padding_small=\u00bb\u00bb iron_overlay_pattern=\u00bb\u00bb iron_parallax=\u00bb\u00bb iron_bg_video=\u00bb\u00bb][vc_column][vc_column_text]<\/p>\r\n<p>Para cualquier cuesti\u00f3n sobre las suscripciones, env\u00eda un e-mail a <a href=\"mailto:info@visualdrums.com\">info@visualdrums.com<\/a> y te responderemos lo m\u00e1s pronto posible.<\/p>\r\n<p>[\/vc_column_text][vc_column_text]<\/p>\r\n<p>Visual Drums cuenta actualmente con el apoyo inestimable de estos patrocinadores y mecenas:<\/p>\r\n<p>[\/vc_column_text][\/vc_column][\/vc_row][vc_row iron_row_type=\u00bbin_container\u00bb iron_remove_padding_medium=\u00bb\u00bb iron_remove_padding_small=\u00bb\u00bb iron_overlay_pattern=\u00bb\u00bb iron_parallax=\u00bb\u00bb iron_bg_video=\u00bb\u00bb][vc_column width=\u00bb1\/2&#8243;][vc_column_text]<\/p>\r\n<p>Montserrat Arnan Castells<\/p>\r\n<p>Mundo Bellota<\/p>\r\n<p>[\/vc_column_text][\/vc_column][vc_column width=\u00bb1\/2&#8243;][vc_column_text]<\/p>\r\n<p>N\u00faria Arnan Castells<\/p>\r\n<p>David Blanco Aranda<\/p>\r\n<p>[\/vc_column_text][\/vc_column][\/vc_row]<\/p>","protected":false},"excerpt":{"rendered":"<p>[vc_row iron_row_type=\u00bbin_container\u00bb iron_remove_padding_medium=\u00bb\u00bb iron_remove_padding_small=\u00bb\u00bb iron_overlay_pattern=\u00bb\u00bb iron_parallax=\u00bb\u00bb iron_bg_video=\u00bb\u00bb][vc_column][vc_column_text] A trav\u00e9s del perfil de Visual Drums en la plataforma Aixeta.cat, puedes dar [&hellip;]<\/p>\n","protected":false},"author":5,"featured_media":0,"parent":0,"menu_order":0,"comment_status":"closed","ping_status":"closed","template":"","meta":{"footnotes":""},"class_list":["post-7009","page","type-page","status-publish","hentry"],"yoast_head":"<!-- This site is optimized with the Yoast SEO plugin v27.1.1 - https:\/\/yoast.com\/product\/yoast-seo-wordpress\/ -->\n<title>Suscripciones | Visual Drums<\/title>\n<meta name=\"description\" content=\"All the information about Suscripciones. Discover the show with visual drums by Neo M music by visual drummer.\" \/>\n<meta name=\"robots\" content=\"index, follow, max-snippet:-1, max-image-preview:large, max-video-preview:-1\" \/>\n<link rel=\"canonical\" href=\"https:\/\/visualdrums.com\/es\/suscripciones\/\" \/>\n<meta property=\"og:locale\" content=\"es_ES\" \/>\n<meta property=\"og:type\" content=\"article\" \/>\n<meta property=\"og:title\" content=\"Suscripciones | Visual Drums\" \/>\n<meta property=\"og:description\" content=\"All the information about Suscripciones. Discover the show with visual drums by Neo M music by visual drummer.\" \/>\n<meta property=\"og:url\" content=\"https:\/\/visualdrums.com\/es\/suscripciones\/\" \/>\n<meta property=\"og:site_name\" content=\"Visual Drums\" \/>\n<meta property=\"article:modified_time\" content=\"2023-10-16T11:13:38+00:00\" \/>\n<meta property=\"og:image\" content=\"https:\/\/visualdrums.com\/main\/wp-content\/uploads\/2023\/10\/Visual-Drums-Aixeta-1.jpg\" \/>\n<meta name=\"twitter:card\" content=\"summary_large_image\" \/>\n<meta name=\"twitter:label1\" content=\"Tiempo de lectura\" \/>\n\t<meta name=\"twitter:data1\" content=\"2 minutos\" \/>\n<script type=\"application\/ld+json\" class=\"yoast-schema-graph\">{\"@context\":\"https:\/\/schema.org\",\"@graph\":[{\"@type\":\"WebPage\",\"@id\":\"https:\/\/visualdrums.com\/es\/suscripciones\/\",\"url\":\"https:\/\/visualdrums.com\/es\/suscripciones\/\",\"name\":\"Suscripciones | Visual Drums\",\"isPartOf\":{\"@id\":\"https:\/\/visualdrums.com\/es\/#website\"},\"primaryImageOfPage\":{\"@id\":\"https:\/\/visualdrums.com\/es\/suscripciones\/#primaryimage\"},\"image\":{\"@id\":\"https:\/\/visualdrums.com\/es\/suscripciones\/#primaryimage\"},\"thumbnailUrl\":\"https:\/\/visualdrums.com\/main\/wp-content\/uploads\/2023\/10\/Visual-Drums-Aixeta-1.jpg\",\"datePublished\":\"2023-10-13T18:13:09+00:00\",\"dateModified\":\"2023-10-16T11:13:38+00:00\",\"description\":\"All the information about Suscripciones. Discover the show with visual drums by Neo M music by visual drummer.\",\"breadcrumb\":{\"@id\":\"https:\/\/visualdrums.com\/es\/suscripciones\/#breadcrumb\"},\"inLanguage\":\"es\",\"potentialAction\":[{\"@type\":\"ReadAction\",\"target\":[\"https:\/\/visualdrums.com\/es\/suscripciones\/\"]}]},{\"@type\":\"ImageObject\",\"inLanguage\":\"es\",\"@id\":\"https:\/\/visualdrums.com\/es\/suscripciones\/#primaryimage\",\"url\":\"https:\/\/visualdrums.com\/main\/wp-content\/uploads\/2023\/10\/Visual-Drums-Aixeta-1.jpg\",\"contentUrl\":\"https:\/\/visualdrums.com\/main\/wp-content\/uploads\/2023\/10\/Visual-Drums-Aixeta-1.jpg\"},{\"@type\":\"BreadcrumbList\",\"@id\":\"https:\/\/visualdrums.com\/es\/suscripciones\/#breadcrumb\",\"itemListElement\":[{\"@type\":\"ListItem\",\"position\":1,\"name\":\"Portada\",\"item\":\"https:\/\/visualdrums.com\/es\/\"},{\"@type\":\"ListItem\",\"position\":2,\"name\":\"Suscripciones\"}]},{\"@type\":\"WebSite\",\"@id\":\"https:\/\/visualdrums.com\/es\/#website\",\"url\":\"https:\/\/visualdrums.com\/es\/\",\"name\":\"Visual Drums\",\"description\":\"by NEO M\",\"publisher\":{\"@id\":\"https:\/\/visualdrums.com\/es\/#organization\"},\"potentialAction\":[{\"@type\":\"SearchAction\",\"target\":{\"@type\":\"EntryPoint\",\"urlTemplate\":\"https:\/\/visualdrums.com\/es\/?s={search_term_string}\"},\"query-input\":{\"@type\":\"PropertyValueSpecification\",\"valueRequired\":true,\"valueName\":\"search_term_string\"}}],\"inLanguage\":\"es\"},{\"@type\":\"Organization\",\"@id\":\"https:\/\/visualdrums.com\/es\/#organization\",\"name\":\"Visual Drums\",\"url\":\"https:\/\/visualdrums.com\/es\/\",\"logo\":{\"@type\":\"ImageObject\",\"inLanguage\":\"es\",\"@id\":\"https:\/\/visualdrums.com\/es\/#\/schema\/logo\/image\/\",\"url\":\"https:\/\/visualdrums.com\/main\/wp-content\/uploads\/2021\/03\/favicon.png\",\"contentUrl\":\"https:\/\/visualdrums.com\/main\/wp-content\/uploads\/2021\/03\/favicon.png\",\"width\":512,\"height\":512,\"caption\":\"Visual Drums\"},\"image\":{\"@id\":\"https:\/\/visualdrums.com\/es\/#\/schema\/logo\/image\/\"}}]}<\/script>\n<!-- \/ Yoast SEO plugin. -->","yoast_head_json":{"title":"Suscripciones | Visual Drums","description":"All the information about Suscripciones. Discover the show with visual drums by Neo M music by visual drummer.","robots":{"index":"index","follow":"follow","max-snippet":"max-snippet:-1","max-image-preview":"max-image-preview:large","max-video-preview":"max-video-preview:-1"},"canonical":"https:\/\/visualdrums.com\/es\/suscripciones\/","og_locale":"es_ES","og_type":"article","og_title":"Suscripciones | Visual Drums","og_description":"All the information about Suscripciones. Discover the show with visual drums by Neo M music by visual drummer.","og_url":"https:\/\/visualdrums.com\/es\/suscripciones\/","og_site_name":"Visual Drums","article_modified_time":"2023-10-16T11:13:38+00:00","og_image":[{"url":"https:\/\/visualdrums.com\/main\/wp-content\/uploads\/2023\/10\/Visual-Drums-Aixeta-1.jpg","type":"","width":"","height":""}],"twitter_card":"summary_large_image","twitter_misc":{"Tiempo de lectura":"2 minutos"},"schema":{"@context":"https:\/\/schema.org","@graph":[{"@type":"WebPage","@id":"https:\/\/visualdrums.com\/es\/suscripciones\/","url":"https:\/\/visualdrums.com\/es\/suscripciones\/","name":"Suscripciones | Visual Drums","isPartOf":{"@id":"https:\/\/visualdrums.com\/es\/#website"},"primaryImageOfPage":{"@id":"https:\/\/visualdrums.com\/es\/suscripciones\/#primaryimage"},"image":{"@id":"https:\/\/visualdrums.com\/es\/suscripciones\/#primaryimage"},"thumbnailUrl":"https:\/\/visualdrums.com\/main\/wp-content\/uploads\/2023\/10\/Visual-Drums-Aixeta-1.jpg","datePublished":"2023-10-13T18:13:09+00:00","dateModified":"2023-10-16T11:13:38+00:00","description":"All the information about Suscripciones. Discover the show with visual drums by Neo M music by visual drummer.","breadcrumb":{"@id":"https:\/\/visualdrums.com\/es\/suscripciones\/#breadcrumb"},"inLanguage":"es","potentialAction":[{"@type":"ReadAction","target":["https:\/\/visualdrums.com\/es\/suscripciones\/"]}]},{"@type":"ImageObject","inLanguage":"es","@id":"https:\/\/visualdrums.com\/es\/suscripciones\/#primaryimage","url":"https:\/\/visualdrums.com\/main\/wp-content\/uploads\/2023\/10\/Visual-Drums-Aixeta-1.jpg","contentUrl":"https:\/\/visualdrums.com\/main\/wp-content\/uploads\/2023\/10\/Visual-Drums-Aixeta-1.jpg"},{"@type":"BreadcrumbList","@id":"https:\/\/visualdrums.com\/es\/suscripciones\/#breadcrumb","itemListElement":[{"@type":"ListItem","position":1,"name":"Portada","item":"https:\/\/visualdrums.com\/es\/"},{"@type":"ListItem","position":2,"name":"Suscripciones"}]},{"@type":"WebSite","@id":"https:\/\/visualdrums.com\/es\/#website","url":"https:\/\/visualdrums.com\/es\/","name":"Visual Drums","description":"by NEO M","publisher":{"@id":"https:\/\/visualdrums.com\/es\/#organization"},"potentialAction":[{"@type":"SearchAction","target":{"@type":"EntryPoint","urlTemplate":"https:\/\/visualdrums.com\/es\/?s={search_term_string}"},"query-input":{"@type":"PropertyValueSpecification","valueRequired":true,"valueName":"search_term_string"}}],"inLanguage":"es"},{"@type":"Organization","@id":"https:\/\/visualdrums.com\/es\/#organization","name":"Visual Drums","url":"https:\/\/visualdrums.com\/es\/","logo":{"@type":"ImageObject","inLanguage":"es","@id":"https:\/\/visualdrums.com\/es\/#\/schema\/logo\/image\/","url":"https:\/\/visualdrums.com\/main\/wp-content\/uploads\/2021\/03\/favicon.png","contentUrl":"https:\/\/visualdrums.com\/main\/wp-content\/uploads\/2021\/03\/favicon.png","width":512,"height":512,"caption":"Visual Drums"},"image":{"@id":"https:\/\/visualdrums.com\/es\/#\/schema\/logo\/image\/"}}]}},"_links":{"self":[{"href":"https:\/\/visualdrums.com\/es\/wp-json\/wp\/v2\/pages\/7009","targetHints":{"allow":["GET"]}}],"collection":[{"href":"https:\/\/visualdrums.com\/es\/wp-json\/wp\/v2\/pages"}],"about":[{"href":"https:\/\/visualdrums.com\/es\/wp-json\/wp\/v2\/types\/page"}],"author":[{"embeddable":true,"href":"https:\/\/visualdrums.com\/es\/wp-json\/wp\/v2\/users\/5"}],"replies":[{"embeddable":true,"href":"https:\/\/visualdrums.com\/es\/wp-json\/wp\/v2\/comments?post=7009"}],"version-history":[{"count":14,"href":"https:\/\/visualdrums.com\/es\/wp-json\/wp\/v2\/pages\/7009\/revisions"}],"predecessor-version":[{"id":7060,"href":"https:\/\/visualdrums.com\/es\/wp-json\/wp\/v2\/pages\/7009\/revisions\/7060"}],"wp:attachment":[{"href":"https:\/\/visualdrums.com\/es\/wp-json\/wp\/v2\/media?parent=7009"}],"curies":[{"name":"wp","href":"https:\/\/api.w.org\/{rel}","templated":true}]}}